{"id":57571,"date":"2023-06-12T22:28:54","date_gmt":"2023-06-12T20:28:54","guid":{"rendered":"https:\/\/popcards.nl\/?post_type=product&#038;p=57571"},"modified":"2026-03-28T23:07:38","modified_gmt":"2026-03-28T22:07:38","slug":"delphin-pop-up-pop-up-gruskarte","status":"publish","type":"product","link":"https:\/\/popcards.nl\/de\/product\/uit-golven-springende-dolfijn-pop-up-wenskaart\/","title":{"rendered":"Flipper! Delphin springt mit Jungem und Surfer aus den Wellen | Pop-up-Karte"},"content":{"rendered":"<p>Delfine gelten als sehr intelligente und soziale Tiere. Delfine symbolisieren Kommunikation, Intelligenz, Spiel und Freiheit.<\/p>\n<p>Delfine sind keine Fische, sondern im Meer lebende S\u00e4ugetiere. Sie atmen durch ihr Blasloch oben am Kopf, das unter Wasser durch ein leistungsstarkes Ventil verschlossen ist, das sich zum Ein- und Ausatmen \u00f6ffnet, wenn ein Delfin auftaucht. Es gibt etwa 36 Delfinarten.<\/p>\n<p>Wissenschaftler stellen Delfine in Bezug auf ihre Intelligenz direkt unter den Menschen. Diesen zweiten Platz verdanken sie ihrem im Vergleich zu ihrem K\u00f6rper relativ gro\u00dfen Gehirn und der F\u00e4higkeit, komplexe Emotionen zu erleben und sich selbst im Spiegel zu erkennen. Unter anderem aufgrund ihrer Intelligenz sind Delfine soziale Tiere und leben in Gruppen von bis zu Dutzenden Einzeltieren. Delfine kommunizieren miteinander, indem sie verschiedene Ger\u00e4usche von sich geben, zum Beispiel Klickger\u00e4usche und pfeifen\u00e4hnliche Ger\u00e4usche. Eine Kombination aus Neugier und Verspieltheit der Delfine sorgt daf\u00fcr, dass sie auch h\u00e4ufigen Kontakt mit anderen Tierarten, darunter auch Menschen, haben. Es wird oft beobachtet, dass Delfine mit Booten schwimmen.<\/p>\n<p>Delfine bauen starke soziale Bindungen untereinander auf; Sie bleiben bei verletzten oder kranken Artgenossen und helfen ihnen sogar beim Atmen, indem sie sie bei Bedarf an die Oberfl\u00e4che heben. Delfine haben Schwimmer auch vor Haien gesch\u00fctzt, indem sie im Kreis schwammen, um die Schwimmer zu verjagen, oder indem sie die Haie verjagten.<\/p>\n<p><strong>Gro\u00dfe Karte im Format 30\u00d720 cm, gefaltet auf 15\u00d720 cm.<\/strong><br \/>\nVerpackt in einer Zellophant\u00fcte. Mit separater Karte f\u00fcr Ihren Text.<\/p>\n<p>Inklusive passendem schicken Umschlag in 2 Blaut\u00f6nen, mit herzf\u00f6rmigem Verschluss. Sie k\u00f6nnen den Umschlag sch\u00f6n mit einem wei\u00dfen Bleistift, einem gold- oder silberfarbenen Stift beschriften. Zur Adressierung k\u00f6nnen Sie auch das beiliegende selbstklebende Etikett nutzen. <a href=\"https:\/\/popcards.nl\/de\/product-tag\/fische\/\">Werfen Sie gerne einen Blick auf unsere anderen Pop-up-Karten mit Tieren, die im Meer leben.<\/a><\/p>","protected":false},"excerpt":{"rendered":"<p>Dolfijnen staan bekend als zeer intelligente en sociale dieren. Dolfijnen staan symbool voor communicatie, intelligentie, spelen en vrijheid. Dolfijnen zijn geen vissen, maar zoogdieren die in de zee leven. Ze ademen door hun spuitgat boven op hun hoofd dat onder water wordt afgesloten door een krachtige klep die wordt geopend voor het in- en uitademen [&hellip;]<\/p>\n","protected":false},"featured_media":57378,"comment_status":"open","ping_status":"closed","template":"","meta":{"_iconic_wsb_product_page_order_bump_ids":[[]],"_sku":["8945004309365"],"_iconic_wsb_product_page_bump_modal_ids":[[]]},"product_brand":[],"product_cat":[21],"product_tag":[51,269],"class_list":{"0":"post-57571","1":"product","2":"type-product","3":"status-publish","4":"has-post-thumbnail","6":"product_cat-dieren-dierenkaarten-wenskaarten","7":"product_tag-dierentuin","8":"product_tag-vis","10":"first","11":"instock","12":"taxable","13":"shipping-taxable","14":"purchasable","15":"product-type-simple"},"gallery_images":[57377,70860],"_links":{"self":[{"href":"https:\/\/popcards.nl\/de\/wp-json\/wp\/v2\/product\/57571","targetHints":{"allow":["GET"]}}],"collection":[{"href":"https:\/\/popcards.nl\/de\/wp-json\/wp\/v2\/product"}],"about":[{"href":"https:\/\/popcards.nl\/de\/wp-json\/wp\/v2\/types\/product"}],"replies":[{"embeddable":true,"href":"https:\/\/popcards.nl\/de\/wp-json\/wp\/v2\/comments?post=57571"}],"wp:featuredmedia":[{"embeddable":true,"href":"https:\/\/popcards.nl\/de\/wp-json\/wp\/v2\/media\/57378"}],"wp:attachment":[{"href":"https:\/\/popcards.nl\/de\/wp-json\/wp\/v2\/media?parent=57571"}],"wp:term":[{"taxonomy":"product_brand","embeddable":true,"href":"https:\/\/popcards.nl\/de\/wp-json\/wp\/v2\/product_brand?post=57571"},{"taxonomy":"product_cat","embeddable":true,"href":"https:\/\/popcards.nl\/de\/wp-json\/wp\/v2\/product_cat?post=57571"},{"taxonomy":"product_tag","embeddable":true,"href":"https:\/\/popcards.nl\/de\/wp-json\/wp\/v2\/product_tag?post=57571"}],"curies":[{"name":"wp","href":"https:\/\/api.w.org\/{rel}","templated":true}]}}