{"id":57615,"date":"2023-06-13T17:26:40","date_gmt":"2023-06-13T15:26:40","guid":{"rendered":"https:\/\/popcards.nl\/?post_type=product&#038;p=57615"},"modified":"2026-05-14T20:45:01","modified_gmt":"2026-05-14T18:45:01","slug":"pop-up-karte-einhorn-einhorn-mit-regenbogen","status":"publish","type":"product","link":"https:\/\/popcards.nl\/de\/product\/pop-up-kaart-unicorn-eenhoorn-met-regenboog\/","title":{"rendered":"Gro\u00dfe Pop-Up-Karte Einhorn | Wundersch\u00f6nes Einhorn mit Regenbogen und Sternenhimmel"},"content":{"rendered":"<p>Die Vorderseite dieser wundersch\u00f6nen Popcard enth\u00e4lt eine lasergeschnittene Illustration in Wei\u00df und Farbakzenten auf einem sanften grauen Hintergrund. Wenn Sie die Karte \u00f6ffnen, erscheint das freundliche wei\u00dfe Einhorn, umgeben von Regenbogen und wei\u00dfen Wolken, vor dem Hintergrund eines Sternenhimmels. Das Einhorn, dieses wundersch\u00f6ne Fabeltier, ist seit Jahrtausenden ein bekanntes Symbol. Dieses M\u00e4rchentier repr\u00e4sentiert viele Dinge wie:<\/p>\n<ol>\n<li>Symbol f\u00fcr Magie, dass mehr m\u00f6glich ist, als man denkt<\/li>\n<li>Im Fernen Osten ist das Einhorn ein Symbol f\u00fcr Reichtum und \u00dcberfluss<\/li>\n<li>Trauen Sie sich, Sie selbst zu sein und sich von anderen zu unterscheiden<\/li>\n<li>Als Gl\u00fccksbringer zur Erf\u00fcllung Ihrer W\u00fcnsche<\/li>\n<li>Das Beste aus sich herausholen und strahlen lassen<\/li>\n<\/ol>\n<p>Das Einhorn symbolisiert <strong>St\u00e4rke, Reinheit, Gesundheit, Gl\u00fcck, Erneuerung und Reinheit<\/strong>. Das Einhorn, das wundersch\u00f6ne Pferd mit den wei\u00dfen H\u00f6rnern, taucht \u00fcberall auf. Nicht nur als Kuscheltiere aller Art, sondern mittlerweile sogar als Popcard. Wem verdankt das Einhorn dieses Interesse? Was bedeutet das Einhorn?<\/p>\n<p>F\u00fcr Erwachsene symbolisiert das Einhorn Fl\u00fcchtigkeit und Einzigartigkeit. Das Einhorn ist wei\u00df, wild und m\u00e4nnlich, aber auch scheu und schwer zu fangen. Nur eine Jungfrau, so hei\u00dft es, kann das Tier z\u00e4hmen. Das Einhorn zeigt Kindern, dass jeder etwas Besonderes ist, gut so wie man ist. Dass Sie stur oder sch\u00fcchtern, frech, gro\u00df, klein, dick, d\u00fcnn oder anders sein k\u00f6nnen. Alles ist erlaubt und alles ist m\u00f6glich. Wenn Sie danach streben, gibt es Magie in Ihrem Leben und m\u00f6gen Sie ein Prinz sein. Dass du sein und werden kannst, was immer du willst.<\/p>\n<p>Diese Zweideutigkeit charakterisiert das Einhorn von heute: Gegenstand von Kindheitstr\u00e4umen, ein unschuldiges und vor allem niedliches Gesch\u00f6pf; aber es ist auch der aufregende Traum von Erwachsenen und eine Ikone der Sexualit\u00e4t. Das Einhorn ist jungfr\u00e4ulich, kindlich und rein, aber auch sexy und aufregend. Das Einhorn \u201eUnicorn\u201c holt den Regenbogen als wichtigstes Symbol f\u00fcr Vielfalt in Bezug auf Geschlecht und Sexualit\u00e4t schnell ein.<\/p>\n<p><strong>Gro\u00dfe Kartengr\u00f6\u00dfe 30\u00d720 cm<\/strong>, gefaltet auf 15\u00d720 cm. Verpackt in einer Zellophant\u00fcte. Mit separater Karte f\u00fcr Ihren Text. Inklusive passendem schicken Umschlag in 2 Blaut\u00f6nen, mit herzf\u00f6rmigem Verschluss. Sie k\u00f6nnen den Umschlag sch\u00f6n mit einem wei\u00dfen Bleistift, einem gold- oder silberfarbenen Stift beschriften. Zur Adressierung k\u00f6nnen Sie auch das beiliegende selbstklebende Etikett nutzen.<\/p>","protected":false},"excerpt":{"rendered":"<p>De voorkant van deze prachtige Popcard bevat een met laser uitgesneden illustratie in wit en kleuraccenten op zachtgrijze ondergrond. Als je de kaart opent popt de vriendelijke witte eenhoorn op, omringd door regenboog en witte wolkjes, op een ondergrond van een sterrenhemel. De eenhoorn, dit prachtige mythische dier, is al duizenden jaren een bekend symbool. [&hellip;]<\/p>\n","protected":false},"featured_media":57376,"comment_status":"open","ping_status":"closed","template":"","meta":{"_iconic_wsb_product_page_order_bump_ids":[],"_sku":["8785253684727"],"_iconic_wsb_product_page_bump_modal_ids":[]},"product_brand":[],"product_cat":[21,34],"product_tag":[136],"class_list":{"0":"post-57615","1":"product","2":"type-product","3":"status-publish","4":"has-post-thumbnail","6":"product_cat-dieren-dierenkaarten-wenskaarten","7":"product_cat-felicitatie-verjaardag-verjaardagskaarten","8":"product_tag-paarden","10":"first","11":"instock","12":"taxable","13":"shipping-taxable","14":"purchasable","15":"product-type-simple"},"gallery_images":[57380],"_links":{"self":[{"href":"https:\/\/popcards.nl\/de\/wp-json\/wp\/v2\/product\/57615","targetHints":{"allow":["GET"]}}],"collection":[{"href":"https:\/\/popcards.nl\/de\/wp-json\/wp\/v2\/product"}],"about":[{"href":"https:\/\/popcards.nl\/de\/wp-json\/wp\/v2\/types\/product"}],"replies":[{"embeddable":true,"href":"https:\/\/popcards.nl\/de\/wp-json\/wp\/v2\/comments?post=57615"}],"wp:featuredmedia":[{"embeddable":true,"href":"https:\/\/popcards.nl\/de\/wp-json\/wp\/v2\/media\/57376"}],"wp:attachment":[{"href":"https:\/\/popcards.nl\/de\/wp-json\/wp\/v2\/media?parent=57615"}],"wp:term":[{"taxonomy":"product_brand","embeddable":true,"href":"https:\/\/popcards.nl\/de\/wp-json\/wp\/v2\/product_brand?post=57615"},{"taxonomy":"product_cat","embeddable":true,"href":"https:\/\/popcards.nl\/de\/wp-json\/wp\/v2\/product_cat?post=57615"},{"taxonomy":"product_tag","embeddable":true,"href":"https:\/\/popcards.nl\/de\/wp-json\/wp\/v2\/product_tag?post=57615"}],"curies":[{"name":"wp","href":"https:\/\/api.w.org\/{rel}","templated":true}]}}