{"id":57620,"date":"2023-06-13T17:38:08","date_gmt":"2023-06-13T15:38:08","guid":{"rendered":"https:\/\/popcards.nl\/?post_type=product&#038;p=57620"},"modified":"2025-06-06T16:42:56","modified_gmt":"2025-06-06T14:42:56","slug":"sonnenblumen-van-gogh-pop-up-karte-3d-karte","status":"publish","type":"product","link":"https:\/\/popcards.nl\/de\/product\/zonnebloemen-van-gogh-pop-up-kaart-3d-kaart\/","title":{"rendered":"Sonnenblumen Van Gogh Pop-up-Karte 3D-Gru\u00dfkarte"},"content":{"rendered":"<p>Ein wundersch\u00f6nes Pop-up mit einem beeindruckenden Strau\u00df Sonnenblumen. Das gr\u00fcne Deckchen wird ebenfalls mit einem Laser ausgeschnitten und von Hand auf die Karte geklebt. Auf der Innenseite der Karte befinden sich sonnige, lasergeschnittene Sonnenblumendekorationen. Auf der Vorderseite der Karte sind lasergeschnittene stilisierte Sonnenblumen abgebildet, die f\u00fcr einen besonderen Effekt sorgen. Sag es mit Blumen! <a href=\"https:\/\/popcards.nl\/de\/kategorie\/blumen-gruskarten\/\">Wir haben noch viele weitere Blumen-Pop-Up-Karten, passend f\u00fcr alle Anl\u00e4sse: von Gl\u00fcckw\u00fcnschen bis zur Genesung, Trost und Beileid.<\/a><\/p>\n<p>Sonnenblumen sind in Amerika beheimatet. Um 1530 wurden Sonnenblumenkerne von Spaniern nach Europa gebracht. Sie werden bis zu 3,5 Meter hoch. Sie werden haupts\u00e4chlich wegen des \u00d6ls in ihren Kernen angebaut. Das Besondere ist, dass sich die junge Sonnenblume den ganzen Tag \u00fcber mit der Sonne dreht. Jede Nacht dreht sich die Blume wieder nach Osten, sodass sie von allen Sonnenstrahlen profitiert. Die Sonnenblume symbolisiert Sonne, Liebe, Fr\u00f6hlichkeit und Sommer. Bringen Sie mit diesem Sonnenblumenstrau\u00df die Sonne in Ihr Zuhause. Diese Blume ist nat\u00fcrlich durch Van Goghs Gem\u00e4lde \u201eDie Sonnenblumen\u201c noch ber\u00fchmter geworden!<\/p>\n<p><strong>Wussten Sie, dass:<\/strong><br \/>\nDie Sonnenblume ist die Nationalblume der Ukraine.<br \/>\nDie Sonnenblume ist die einzige Blume mit dem Wort \u201eBlume\u201c im Namen.<br \/>\nSonnenblumen reinigen den Boden, in dem sie wachsen.<br \/>\nSeine Freunde brachten Sonnenblumen zur Beerdigung von Vincent van Gogh.<\/p>\n<p><strong>Nationale Sonnenblumenvereinigung<\/strong><br \/>\nDie gr\u00f6\u00dfte niederl\u00e4ndische Freiwilligenorganisation, die sich f\u00fcr Menschen mit k\u00f6rperlichen Einschr\u00e4nkungen aufgrund von Krankheit, Alter oder Behinderung einsetzt.<\/p>\n<p>Kartengr\u00f6\u00dfe 30 \u00d7 15 cm, gefaltet auf 15 \u00d7 15 cm. Verpackt in einer Zellophant\u00fcte. Mit separater Karte f\u00fcr Ihren Text. Inklusive passendem schicken Umschlag in 2 Blaut\u00f6nen, mit herzf\u00f6rmigem Verschluss.<\/p>\n<p>Sie k\u00f6nnen den Umschlag sch\u00f6n mit einem wei\u00dfen Bleistift, einem gold- oder silberfarbenen Stift beschriften. Zur Adressierung k\u00f6nnen Sie auch das beiliegende selbstklebende Etikett nutzen.<\/p>","protected":false},"excerpt":{"rendered":"<p>Een prachtige pop-up van een imposante bos zonnebloemen. Het groene kleedje is ook met een laser uitgesneden en met de hand op de kaart geplakt. De binnenzijde van de kaart heeft zonnige lasergesnedenen zonnebloemen decoraties. Op de voorzijde van de kaart staan in laser uitgesneden gestileerde zonnebloemen, wat een bijzonder effect geeft. Zeg het met [&hellip;]<\/p>\n","protected":false},"featured_media":57382,"comment_status":"open","ping_status":"closed","template":"","meta":{"_iconic_wsb_product_page_order_bump_ids":[[]],"_sku":["8785253685052"],"_iconic_wsb_product_page_bump_modal_ids":[[]]},"product_brand":[],"product_cat":[47],"product_tag":[48],"class_list":{"0":"post-57620","1":"product","2":"type-product","3":"status-publish","4":"has-post-thumbnail","6":"product_cat-bloemen-bloemenkaarten-wenskaarten","7":"product_tag-bloemen","9":"first","10":"outofstock","11":"taxable","12":"shipping-taxable","13":"purchasable","14":"product-type-simple"},"gallery_images":[57381,69026],"_links":{"self":[{"href":"https:\/\/popcards.nl\/de\/wp-json\/wp\/v2\/product\/57620","targetHints":{"allow":["GET"]}}],"collection":[{"href":"https:\/\/popcards.nl\/de\/wp-json\/wp\/v2\/product"}],"about":[{"href":"https:\/\/popcards.nl\/de\/wp-json\/wp\/v2\/types\/product"}],"replies":[{"embeddable":true,"href":"https:\/\/popcards.nl\/de\/wp-json\/wp\/v2\/comments?post=57620"}],"wp:featuredmedia":[{"embeddable":true,"href":"https:\/\/popcards.nl\/de\/wp-json\/wp\/v2\/media\/57382"}],"wp:attachment":[{"href":"https:\/\/popcards.nl\/de\/wp-json\/wp\/v2\/media?parent=57620"}],"wp:term":[{"taxonomy":"product_brand","embeddable":true,"href":"https:\/\/popcards.nl\/de\/wp-json\/wp\/v2\/product_brand?post=57620"},{"taxonomy":"product_cat","embeddable":true,"href":"https:\/\/popcards.nl\/de\/wp-json\/wp\/v2\/product_cat?post=57620"},{"taxonomy":"product_tag","embeddable":true,"href":"https:\/\/popcards.nl\/de\/wp-json\/wp\/v2\/product_tag?post=57620"}],"curies":[{"name":"wp","href":"https:\/\/api.w.org\/{rel}","templated":true}]}}