{"id":57851,"date":"2023-06-19T20:56:13","date_gmt":"2023-06-19T18:56:13","guid":{"rendered":"https:\/\/popcards.nl\/?post_type=product&#038;p=57851"},"modified":"2025-12-30T00:53:24","modified_gmt":"2025-12-29T23:53:24","slug":"suse-weise-3d-pop-up-weihnachtskarten-durchsichtbox","status":"publish","type":"product","link":"https:\/\/popcards.nl\/de\/product\/lieve-witte-3d-pop-up-kerstkaart-doorkijk-box\/","title":{"rendered":"S\u00fc\u00dfe wei\u00dfe durchsichtige 3D-Weihnachtskartenbox \u2013 Pop-up-Gru\u00dfkarte"},"content":{"rendered":"<p>Diese separate durchsichtige Box in sanft gl\u00e4nzendem Wei\u00df mit nicht weniger als 6 Schichten ergibt im aufgeklappten Zustand ein wundersch\u00f6nes dreidimensionales Bild. Der Text Merry Christmas ist auf der ersten Ebene in Wei\u00df gelasert. Auf den n\u00e4chsten Schichten fliegt der Weihnachtsmann auf seinem Pferdeschlitten mit 3 Rentieren hoch in den Himmel \u00fcber das schneebedeckte Bergdorf. Die schneebedeckten Berge im Hintergrund und die vielen wei\u00dfen Eiskristalle verleihen dem Ganzen eine tolle Tiefenwirkung. Da auf der letzten Ebene Sterne ausgestanzt sind, entsteht ein Nachthimmeleffekt, wenn man ihn vor einer Lampe platziert.<\/p>\n<p>Kartengr\u00f6\u00dfe 15\u00d715 cm, flach gefaltet auf 15\u00d720 cm. Mit separater Karte f\u00fcr Ihren Text.<br \/>\nInklusive passendem schicken Umschlag in 2 Blaut\u00f6nen, mit herzf\u00f6rmigem Verschluss.<\/p>\n<p>Sie k\u00f6nnen den Umschlag sch\u00f6n mit einem wei\u00dfen Bleistift, einem gold- oder silberfarbenen Stift beschriften.<br \/>\nZur Adressierung k\u00f6nnen Sie auch das beiliegende selbstklebende Etikett nutzen.<br \/>\nVerpackt in einer Zellophant\u00fcte.<\/p>\n<p><a href=\"https:\/\/popcards.nl\/de\/kategorie\/die-10-schonsten-weihnachtskarten\/\">Popcards hat noch viele weitere sch\u00f6ne Weihnachtskarten.<\/a><\/p>","protected":false},"excerpt":{"rendered":"<p>Deze aparte doorkijk box in zacht glanzend wit uitgevoerd, met maar liefst 6 lagen, geeft uitgeklapt een prachtig driedimensionaal tafereeltje. Op de eerste laag staat in wit gelaserd de tekst Merry Christmas. Op de volgende lagen vliegt de kerstman hoog in de lucht op zijn arrenslee met 3 rendieren over het met sneeuw bedekte bergdorpje. [&hellip;]<\/p>\n","protected":false},"featured_media":57384,"comment_status":"open","ping_status":"closed","template":"","meta":{"_iconic_wsb_product_page_order_bump_ids":[[]],"_sku":["8785253684925"],"_iconic_wsb_product_page_bump_modal_ids":[[]]},"product_brand":[],"product_cat":[79],"product_tag":[131],"class_list":{"0":"post-57851","1":"product","2":"type-product","3":"status-publish","4":"has-post-thumbnail","6":"product_cat-de-top-10-mooiste-kerstkaarten","7":"product_tag-kerst","9":"first","10":"instock","11":"taxable","12":"shipping-taxable","13":"purchasable","14":"product-type-simple"},"gallery_images":[76038],"_links":{"self":[{"href":"https:\/\/popcards.nl\/de\/wp-json\/wp\/v2\/product\/57851","targetHints":{"allow":["GET"]}}],"collection":[{"href":"https:\/\/popcards.nl\/de\/wp-json\/wp\/v2\/product"}],"about":[{"href":"https:\/\/popcards.nl\/de\/wp-json\/wp\/v2\/types\/product"}],"replies":[{"embeddable":true,"href":"https:\/\/popcards.nl\/de\/wp-json\/wp\/v2\/comments?post=57851"}],"wp:featuredmedia":[{"embeddable":true,"href":"https:\/\/popcards.nl\/de\/wp-json\/wp\/v2\/media\/57384"}],"wp:attachment":[{"href":"https:\/\/popcards.nl\/de\/wp-json\/wp\/v2\/media?parent=57851"}],"wp:term":[{"taxonomy":"product_brand","embeddable":true,"href":"https:\/\/popcards.nl\/de\/wp-json\/wp\/v2\/product_brand?post=57851"},{"taxonomy":"product_cat","embeddable":true,"href":"https:\/\/popcards.nl\/de\/wp-json\/wp\/v2\/product_cat?post=57851"},{"taxonomy":"product_tag","embeddable":true,"href":"https:\/\/popcards.nl\/de\/wp-json\/wp\/v2\/product_tag?post=57851"}],"curies":[{"name":"wp","href":"https:\/\/api.w.org\/{rel}","templated":true}]}}