{"id":57855,"date":"2023-06-19T21:06:29","date_gmt":"2023-06-19T19:06:29","guid":{"rendered":"https:\/\/popcards.nl\/?post_type=product&#038;p=57855"},"modified":"2026-02-28T16:59:30","modified_gmt":"2026-02-28T15:59:30","slug":"spezial-weihnachtskarte-3d-pop-up-weihnachtsbaum","status":"publish","type":"product","link":"https:\/\/popcards.nl\/de\/product\/bijzondere-kerstkaart-3d-pop-up-kerstboom\/","title":{"rendered":"Spezielle Weihnachtskarte, separater 3D-Weihnachtsbaum mit Geschenk-Popup-Karte"},"content":{"rendered":"<p>Was f\u00fcr eine einzigartige und lustige Weihnachtskarte! Ein dreidimensionaler, v\u00f6llig freistehender Weihnachtsbaum, umgeben von bunten Geschenken. Sch\u00f6n, Ihre guten Weihnachtsw\u00fcnsche zu erhalten und zum Beispiel den Weihnachtstisch zu dekorieren. Inklusive separater Gru\u00dfkarte f\u00fcr Ihren Text.<\/p>\n<p>Weihnachtsbaumgr\u00f6\u00dfe: 15 cm hoch x 12 cm Durchmesser. Mit separater Karte f\u00fcr Ihren Text.<br \/>\nInklusive passendem schicken Umschlag in 2 Blaut\u00f6nen, mit herzf\u00f6rmigem Verschluss.<br \/>\nSie k\u00f6nnen den Umschlag sch\u00f6n mit einem wei\u00dfen Bleistift, einem gold- oder silberfarbenen Stift beschriften.<\/p>\n<p>Zur Adressierung k\u00f6nnen Sie auch das beiliegende selbstklebende Etikett nutzen. Verpackt in einer Zellophant\u00fcte.<\/p>\n<p><a href=\"https:\/\/popcards.nl\/de\/kategorie\/die-10-schonsten-weihnachtskarten\/\">Popcards hat noch viele weitere sch\u00f6ne Weihnachtskarten.<\/a><\/p>","protected":false},"excerpt":{"rendered":"<p>Wat een bijzondere en leuke kerstkaart! Een 3-dimensionaal geheel losstaand kerstboompje, omringd door kleurrijke cadeautjes. Leuk om te ontvangen met je goede kerstwensen en leuk om bijvoorbeeld de kersttafel mee te versieren. Inclusief los wenskaartje voor je tekst. Kerstboom formaat 15 cm hoog x 12 cm doorsnede. Met los kaartje voor je tekst. Inclusief bijpassende [&hellip;]<\/p>\n","protected":false},"featured_media":57373,"comment_status":"open","ping_status":"closed","template":"","meta":{"_iconic_wsb_product_page_order_bump_ids":[[]],"_sku":["8785253684888"],"_iconic_wsb_product_page_bump_modal_ids":[[]]},"product_brand":[],"product_cat":[79],"product_tag":[131],"class_list":{"0":"post-57855","1":"product","2":"type-product","3":"status-publish","4":"has-post-thumbnail","6":"product_cat-de-top-10-mooiste-kerstkaarten","7":"product_tag-kerst","9":"first","10":"instock","11":"taxable","12":"shipping-taxable","13":"purchasable","14":"product-type-simple"},"gallery_images":[76003],"_links":{"self":[{"href":"https:\/\/popcards.nl\/de\/wp-json\/wp\/v2\/product\/57855","targetHints":{"allow":["GET"]}}],"collection":[{"href":"https:\/\/popcards.nl\/de\/wp-json\/wp\/v2\/product"}],"about":[{"href":"https:\/\/popcards.nl\/de\/wp-json\/wp\/v2\/types\/product"}],"replies":[{"embeddable":true,"href":"https:\/\/popcards.nl\/de\/wp-json\/wp\/v2\/comments?post=57855"}],"wp:featuredmedia":[{"embeddable":true,"href":"https:\/\/popcards.nl\/de\/wp-json\/wp\/v2\/media\/57373"}],"wp:attachment":[{"href":"https:\/\/popcards.nl\/de\/wp-json\/wp\/v2\/media?parent=57855"}],"wp:term":[{"taxonomy":"product_brand","embeddable":true,"href":"https:\/\/popcards.nl\/de\/wp-json\/wp\/v2\/product_brand?post=57855"},{"taxonomy":"product_cat","embeddable":true,"href":"https:\/\/popcards.nl\/de\/wp-json\/wp\/v2\/product_cat?post=57855"},{"taxonomy":"product_tag","embeddable":true,"href":"https:\/\/popcards.nl\/de\/wp-json\/wp\/v2\/product_tag?post=57855"}],"curies":[{"name":"wp","href":"https:\/\/api.w.org\/{rel}","templated":true}]}}