{"id":582,"date":"2018-11-02T01:01:15","date_gmt":"2018-11-02T00:01:15","guid":{"rendered":"https:\/\/popcards.nl\/?post_type=product&#038;p=582"},"modified":"2026-01-17T20:29:57","modified_gmt":"2026-01-17T19:29:57","slug":"einhorn","status":"publish","type":"product","link":"https:\/\/popcards.nl\/de\/product\/eenhoorn-met-regenboog-unicorn-pop-up-kaart\/","title":{"rendered":"Einhorn mit Regenbogen | Einhorn 3D Pop-Up-Gru\u00dfkarte"},"content":{"rendered":"<p>3D-Gru\u00dfkarte mit einem Einhorn, das \u00fcber einen Regenbogen springt. Das Einhorn springt in die Freiheit. Was f\u00fcr eine wunderbar symbolische Popup-Karte.<\/p>\n<p>Kartengr\u00f6\u00dfe 24 \u00d7 17 cm, gefaltet auf 12 \u00d7 17 cm.<br \/>\nInklusive passendem Blanko-Umschlag, verpackt in Zellophan.<\/p>","protected":false},"excerpt":{"rendered":"<p>3D wenskaart met een eenhoorn die over een regenboog springt. De unicorn springt de vrijheid tegemoet. Wat een heerlijk symbolische pop-up kaart. Kaartformaat 24&#215;17 cm, gevouwen tot 12&#215;17 cm. Inclusief bijpassende blanco envelop, verpakt in cellofaan.<\/p>","protected":false},"featured_media":36839,"comment_status":"open","ping_status":"closed","template":"","meta":{"_iconic_wsb_product_page_order_bump_ids":[[]],"_sku":["8945004309372"],"_iconic_wsb_product_page_bump_modal_ids":[[]]},"product_brand":[],"product_cat":[34,21,27],"product_tag":[132,136],"class_list":{"0":"post-582","1":"product","2":"type-product","3":"status-publish","4":"has-post-thumbnail","6":"product_cat-felicitatie-verjaardag-verjaardagskaarten","7":"product_cat-dieren-dierenkaarten-wenskaarten","8":"product_cat-liefde-liefdeskaarten-valentijnskaarten","9":"product_tag-dier","10":"product_tag-paarden","11":"pa_brand-popcards","13":"first","14":"outofstock","15":"taxable","16":"shipping-taxable","17":"purchasable","18":"product-type-simple"},"gallery_images":[70888],"_links":{"self":[{"href":"https:\/\/popcards.nl\/de\/wp-json\/wp\/v2\/product\/582","targetHints":{"allow":["GET"]}}],"collection":[{"href":"https:\/\/popcards.nl\/de\/wp-json\/wp\/v2\/product"}],"about":[{"href":"https:\/\/popcards.nl\/de\/wp-json\/wp\/v2\/types\/product"}],"replies":[{"embeddable":true,"href":"https:\/\/popcards.nl\/de\/wp-json\/wp\/v2\/comments?post=582"}],"wp:featuredmedia":[{"embeddable":true,"href":"https:\/\/popcards.nl\/de\/wp-json\/wp\/v2\/media\/36839"}],"wp:attachment":[{"href":"https:\/\/popcards.nl\/de\/wp-json\/wp\/v2\/media?parent=582"}],"wp:term":[{"taxonomy":"product_brand","embeddable":true,"href":"https:\/\/popcards.nl\/de\/wp-json\/wp\/v2\/product_brand?post=582"},{"taxonomy":"product_cat","embeddable":true,"href":"https:\/\/popcards.nl\/de\/wp-json\/wp\/v2\/product_cat?post=582"},{"taxonomy":"product_tag","embeddable":true,"href":"https:\/\/popcards.nl\/de\/wp-json\/wp\/v2\/product_tag?post=582"}],"curies":[{"name":"wp","href":"https:\/\/api.w.org\/{rel}","templated":true}]}}