{"id":59530,"date":"2023-08-02T17:20:33","date_gmt":"2023-08-02T15:20:33","guid":{"rendered":"https:\/\/popcards.nl\/?post_type=product&#038;p=59530"},"modified":"2025-12-28T16:06:18","modified_gmt":"2025-12-28T15:06:18","slug":"weihnachtskranz-weihnachtssterne-kerze-popup-weihnachtskarte","status":"publish","type":"product","link":"https:\/\/popcards.nl\/de\/product\/kerstkrans-kerststerren-kaars-popup-kerstkaart\/","title":{"rendered":"Weihnachtskranz mit Weihnachtssternen und Kerze | Weihnachtskarte Pop-up-Karte"},"content":{"rendered":"<p>Auf der mattgr\u00fcnen Vorderseite ist ein wundersch\u00f6n geschnitzter Weihnachtskranz voller roter und wei\u00dfer Weihnachtssterne aufgeklebt, der der Karte einen besonderen Effekt verleiht. Im Inneren der Karte befindet sich ein gro\u00dfer 5-st\u00f6ckiger Pop-Up-Weihnachtskranz, der mit Kristallen, Weihnachtssternen, Tannenzapfen und einer brennenden Kerze verziert ist. Der Hintergrund ist mit stimmungsvollen Weihnachtsillustrationen versehen und bietet gen\u00fcgend Platz, um Ihren Weihnachtswunsch niederzuschreiben. Eine beeindruckende Karte, die der Beschenkte noch viele Jahre lang behalten und jedes Jahr zu Weihnachten niederlegen wird.<\/p>\n<p><a href=\"https:\/\/popcards.nl\/de\/kategorie\/die-10-schonsten-weihnachtskarten\/\">Popcards hat viele weitere sch\u00f6ne Pop-up-Weihnachtskarten. <\/a><\/p>\n<p>Kartengr\u00f6\u00dfe 24 \u00d7 17 cm, gefaltet auf 12 \u00d7 17 cm. Inklusive passendem Umschlag, verpackt in einer Zellophant\u00fcte.<\/p>","protected":false},"excerpt":{"rendered":"<p>Op de matgroene voorkant zit een prachtig uitgesneden kerstkrans vol rode en witte kerststerren geplakt, wat de kaart een bijzonder effect geeft. Binnen in de kaart een grote pop-up kerstkrans van 5 lagen, versierd met kristallen, kerststerren, dennenappels en een brandende kaars. De ondergrond heeft sfeervolle kerstillustraties en nog genoeg ruimte om uw kerstwens op [&hellip;]<\/p>\n","protected":false},"featured_media":59189,"comment_status":"open","ping_status":"closed","template":"","meta":{"_iconic_wsb_product_page_order_bump_ids":[[]],"_sku":["8785253683478"],"_iconic_wsb_product_page_bump_modal_ids":[[]]},"product_brand":[],"product_cat":[79],"product_tag":[131],"class_list":{"0":"post-59530","1":"product","2":"type-product","3":"status-publish","4":"has-post-thumbnail","6":"product_cat-de-top-10-mooiste-kerstkaarten","7":"product_tag-kerst","9":"first","10":"instock","11":"taxable","12":"shipping-taxable","13":"purchasable","14":"product-type-simple"},"gallery_images":[76027],"_links":{"self":[{"href":"https:\/\/popcards.nl\/de\/wp-json\/wp\/v2\/product\/59530","targetHints":{"allow":["GET"]}}],"collection":[{"href":"https:\/\/popcards.nl\/de\/wp-json\/wp\/v2\/product"}],"about":[{"href":"https:\/\/popcards.nl\/de\/wp-json\/wp\/v2\/types\/product"}],"replies":[{"embeddable":true,"href":"https:\/\/popcards.nl\/de\/wp-json\/wp\/v2\/comments?post=59530"}],"wp:featuredmedia":[{"embeddable":true,"href":"https:\/\/popcards.nl\/de\/wp-json\/wp\/v2\/media\/59189"}],"wp:attachment":[{"href":"https:\/\/popcards.nl\/de\/wp-json\/wp\/v2\/media?parent=59530"}],"wp:term":[{"taxonomy":"product_brand","embeddable":true,"href":"https:\/\/popcards.nl\/de\/wp-json\/wp\/v2\/product_brand?post=59530"},{"taxonomy":"product_cat","embeddable":true,"href":"https:\/\/popcards.nl\/de\/wp-json\/wp\/v2\/product_cat?post=59530"},{"taxonomy":"product_tag","embeddable":true,"href":"https:\/\/popcards.nl\/de\/wp-json\/wp\/v2\/product_tag?post=59530"}],"curies":[{"name":"wp","href":"https:\/\/api.w.org\/{rel}","templated":true}]}}