{"id":65078,"date":"2023-12-09T17:31:57","date_gmt":"2023-12-09T16:31:57","guid":{"rendered":"https:\/\/popcards.nl\/?post_type=product&#038;p=65078"},"modified":"2026-04-09T11:37:28","modified_gmt":"2026-04-09T09:37:28","slug":"pop-up-karte-fur-wohnwagen-camping-freiheit","status":"publish","type":"product","link":"https:\/\/popcards.nl\/de\/product\/caravan-vakantie-kamperen-vrijheid-pop-up-kaart\/","title":{"rendered":"Pop-up-Karte \u201eCaravan Holiday Camping Freedom &amp; Adventure\u201c."},"content":{"rendered":"<p>Diese sch\u00f6ne gro\u00dfe Pop-up-Karte zeigt eine sch\u00f6ne Szene eines Campingplatzes neben einem Fluss, am Waldrand. Das Lagerfeuer brennt und das Picknick kann beginnen. Wohnwagen, Lagerfeuer und Wald entfalten sich automatisch, wenn der Empf\u00e4nger die Karte auffaltet. Es macht sofort Lust auf einen wundersch\u00f6nen, unbeschwerten Urlaub und eine Tour durch das sch\u00f6ne Europa. Auf Abenteuer!<\/p>\n<p>Die Vorderseite der Karte besteht aus himmelblauem Glitzerkarton mit einer lasergeschnittenen Hochglanzillustration. Mit dieser Gru\u00dfkarte machen Sie jedem Camping- und Caravan-Enthusiasten eine gro\u00dfe Freude. Auch sch\u00f6n zu verschenken, wenn jemand in Rente geht. Dann haben Sie mehr Zeit zum Genie\u00dfen. Mit separater Karte f\u00fcr Ihren pers\u00f6nlichen Text. <a href=\"https:\/\/popcards.nl\/de\/product\/wohnmobil-gruskarte-coronaproof-urlaub\/\">Haben Sie auch unsere Camper-Gru\u00dfkarte gesehen?<\/a><\/p>\n<p>Gro\u00dfe Karte im Format 30\u00d720 cm, gefaltet auf 15\u00d720 cm. Verpackt im Zellophanbeutel. Inklusive passendem schicken Umschlag in 2 Blaut\u00f6nen, mit herzf\u00f6rmigem Verschluss. Sie k\u00f6nnen den Umschlag sch\u00f6n mit einem wei\u00dfen Bleistift, einem gold- oder silberfarbenen Stift beschriften. Zur Adressierung k\u00f6nnen Sie auch das mitgelieferte selbstklebende Etikett nutzen.<\/p>","protected":false},"excerpt":{"rendered":"<p>Deze fraaie grote pop-up kaart toont een lieflijk tafereeltje van een kampeerterrein aan een riviertje, aan de rand van het bos. Het kampvuur brandt en de picknick kan beginnen. De caravan, kampvuur en het bos ontvouwen zich helemaal vanzelf wanneer de ontvanger de kaart openvouwt. Je krijgt er meteen zin van om heerlijk en onbekommerd [&hellip;]<\/p>\n","protected":false},"featured_media":63496,"comment_status":"open","ping_status":"closed","template":"","meta":{"_iconic_wsb_product_page_order_bump_ids":[[]],"_sku":["8785253685076"],"_iconic_wsb_product_page_bump_modal_ids":[[]]},"product_brand":[],"product_cat":[17],"product_tag":[248],"class_list":{"0":"post-65078","1":"product","2":"type-product","3":"status-publish","4":"has-post-thumbnail","6":"product_cat-voertuigen-schip-trein-vliegtuig-auto-fiets","7":"product_tag-vakantie","9":"first","10":"instock","11":"taxable","12":"shipping-taxable","13":"purchasable","14":"product-type-simple"},"gallery_images":[65081,68945],"_links":{"self":[{"href":"https:\/\/popcards.nl\/de\/wp-json\/wp\/v2\/product\/65078","targetHints":{"allow":["GET"]}}],"collection":[{"href":"https:\/\/popcards.nl\/de\/wp-json\/wp\/v2\/product"}],"about":[{"href":"https:\/\/popcards.nl\/de\/wp-json\/wp\/v2\/types\/product"}],"replies":[{"embeddable":true,"href":"https:\/\/popcards.nl\/de\/wp-json\/wp\/v2\/comments?post=65078"}],"wp:featuredmedia":[{"embeddable":true,"href":"https:\/\/popcards.nl\/de\/wp-json\/wp\/v2\/media\/63496"}],"wp:attachment":[{"href":"https:\/\/popcards.nl\/de\/wp-json\/wp\/v2\/media?parent=65078"}],"wp:term":[{"taxonomy":"product_brand","embeddable":true,"href":"https:\/\/popcards.nl\/de\/wp-json\/wp\/v2\/product_brand?post=65078"},{"taxonomy":"product_cat","embeddable":true,"href":"https:\/\/popcards.nl\/de\/wp-json\/wp\/v2\/product_cat?post=65078"},{"taxonomy":"product_tag","embeddable":true,"href":"https:\/\/popcards.nl\/de\/wp-json\/wp\/v2\/product_tag?post=65078"}],"curies":[{"name":"wp","href":"https:\/\/api.w.org\/{rel}","templated":true}]}}