{"id":65523,"date":"2023-12-14T22:44:56","date_gmt":"2023-12-14T21:44:56","guid":{"rendered":"https:\/\/popcards.nl\/?post_type=product&#038;p=65523"},"modified":"2026-05-05T21:45:54","modified_gmt":"2026-05-05T19:45:54","slug":"baumherzen-valentinstag-liebe-pop-up-karte","status":"publish","type":"product","link":"https:\/\/popcards.nl\/de\/product\/boom-hartjes-valentijnsdag-liefde-pop-up-kaart\/","title":{"rendered":"Romantischer Baum voller Herzen | Pop-up-Karte \u201eVerlobungsliebe\u201c zum Valentinstag"},"content":{"rendered":"<p>Gro\u00dfe luxuri\u00f6se Pop-up-Karte mit einem wundersch\u00f6n geschnitzten Baum voller rosa Herzen. Darunter ein intimes Mann-Frau-Paar. Verliebt, verlobt, verheiratet? Romantik ist in dieser Popcard-Gru\u00dfkarte voll pr\u00e4sent. Beigef\u00fcgt ist eine separate Karte, auf der Sie eine Liebesbotschaft f\u00fcr den gl\u00fccklichen Empf\u00e4nger schreiben k\u00f6nnen. Die Vorderseite ist romantisch rosa mit einer wundersch\u00f6nen Komposition aus Herzen, die zusammen ein Herz bilden. Diese wundersch\u00f6ne 3D-Karte eignet sich perfekt als Valentinstagskarte f\u00fcr Ihren Valentinsgru\u00df oder als Verlobungskarte oder Hochzeitskarte. Oder einfach so, denn was gibt es Sch\u00f6neres als eine unerwartete Liebeskarte?<\/p>\n<p><strong>Warum ist das Herz ein Symbol der Liebe?<\/strong><br \/>\nDas hat mit der Unwissenheit unserer Vorfahren zu tun. Fr\u00fcher glaubte man, Emotionen k\u00e4men aus dem Herzen. Ihr Herz schl\u00e4gt schneller oder langsamer, je nachdem, welche Gef\u00fchle Sie haben. Wenn Sie aufgeregt oder nerv\u00f6s werden, schl\u00e4gt Ihr Herz schneller und wenn Sie sich beruhigen, verlangsamt es sich wieder. Es wird angenommen, dass dies der Grund daf\u00fcr ist, dass unser Herz als Symbol der Liebe popul\u00e4r geworden ist.<br \/>\nWir wissen jetzt, dass unsere Hormone die gr\u00f6\u00dfte Rolle dabei spielen, ein Gef\u00fchl der Liebe zu erzeugen. Dennoch ist es logisch, dass wir das Herzsymbol nicht angepasst haben, da der chemisch-physikalische Prozess der Liebe nicht einfach darzustellen und auszudr\u00fccken ist. \u201eDas Phenylethylamin in meinem K\u00f6rper sendet einen Schuss Dopamin in mein Gehirn, wenn ich dich sehe\u201c ist nicht wirklich eine romantische Art, deine Liebe zu jemandem auszudr\u00fccken. \u201eIch gebe dir mein Herz\u201c klingt dann viel poetischer.<\/p>\n<p>Gro\u00dfe Karte im Format 30\u00d720 cm, gefaltet auf 15\u00d720 cm. Gewicht 60 Gramm.<br \/>\nInklusive passendem goldfarbenem Umschlag, verpackt in Zellophantasche.<br \/>\n<strong>Auch in gro\u00dfen Mengen zur Verwendung als Hochzeitskarte erh\u00e4ltlich.<\/strong><\/p>","protected":false},"excerpt":{"rendered":"<p>Grote luxe pop-up kaart met prachtig uitgesneden boom vol roze hartjes. Daaronder een intiem koppel man-vrouw. Verliefd, verloofd, getrouwd? De romantiek is volop aanwezig in deze Popcard wenskaart. Bijgevoegd is een apart kaartje, waarop je een liefdesboodschap kunt schrijven voor de gelukkige ontvanger. De voorkant is romantisch roze met een fraaie compositie van hartjes, die [&hellip;]<\/p>\n","protected":false},"featured_media":63584,"comment_status":"open","ping_status":"closed","template":"","meta":{"_iconic_wsb_product_page_order_bump_ids":[[]],"_sku":["8785253684345"],"_iconic_wsb_product_page_bump_modal_ids":[[]]},"product_brand":[],"product_cat":[27,28],"product_tag":[94,56,83],"class_list":{"0":"post-65523","1":"product","2":"type-product","3":"status-publish","4":"has-post-thumbnail","6":"product_cat-liefde-liefdeskaarten-valentijnskaarten","7":"product_cat-trouwen-samenwonen-trouwkaarten","8":"product_tag-huwelijk","9":"product_tag-love","10":"product_tag-valentijn","12":"first","13":"instock","14":"taxable","15":"shipping-taxable","16":"purchasable","17":"product-type-simple"},"gallery_images":[63585,63583,86454],"_links":{"self":[{"href":"https:\/\/popcards.nl\/de\/wp-json\/wp\/v2\/product\/65523","targetHints":{"allow":["GET"]}}],"collection":[{"href":"https:\/\/popcards.nl\/de\/wp-json\/wp\/v2\/product"}],"about":[{"href":"https:\/\/popcards.nl\/de\/wp-json\/wp\/v2\/types\/product"}],"replies":[{"embeddable":true,"href":"https:\/\/popcards.nl\/de\/wp-json\/wp\/v2\/comments?post=65523"}],"wp:featuredmedia":[{"embeddable":true,"href":"https:\/\/popcards.nl\/de\/wp-json\/wp\/v2\/media\/63584"}],"wp:attachment":[{"href":"https:\/\/popcards.nl\/de\/wp-json\/wp\/v2\/media?parent=65523"}],"wp:term":[{"taxonomy":"product_brand","embeddable":true,"href":"https:\/\/popcards.nl\/de\/wp-json\/wp\/v2\/product_brand?post=65523"},{"taxonomy":"product_cat","embeddable":true,"href":"https:\/\/popcards.nl\/de\/wp-json\/wp\/v2\/product_cat?post=65523"},{"taxonomy":"product_tag","embeddable":true,"href":"https:\/\/popcards.nl\/de\/wp-json\/wp\/v2\/product_tag?post=65523"}],"curies":[{"name":"wp","href":"https:\/\/api.w.org\/{rel}","templated":true}]}}