{"id":68364,"date":"2024-02-18T23:16:28","date_gmt":"2024-02-18T22:16:28","guid":{"rendered":"https:\/\/popcards.nl\/?post_type=product&#038;p=68364"},"modified":"2026-04-17T13:00:11","modified_gmt":"2026-04-17T11:00:11","slug":"beruhmte-gebaude-weltreise-popup-karte","status":"publish","type":"product","link":"https:\/\/popcards.nl\/de\/product\/beroemde-gebouwen-wereldreis-pop-up-kaart\/","title":{"rendered":"Ber\u00fchmte Bauwerke aus allen Kontinenten | Pop-up-Karte \u201eWorld Travel Globetrotter Vacation\u201c."},"content":{"rendered":"<p>Eine wundersch\u00f6ne Gru\u00dfkarte, eine Weltreise. Die Big Twelve der ber\u00fchmtesten Geb\u00e4ude. Ein sch\u00f6nes Geschenk f\u00fcr einen Freund, der gerne reist. Oder f\u00fcr Sie selbst, um es auf Ihre Wunschliste zu setzen. Diese Feiertags-Popup-Karte ist die ideale Gru\u00dfkarte f\u00fcr Reisebegeisterte, echte Weltenbummler. Mit einem einzigartigen Design, das nicht weniger als 12 ber\u00fchmte Geb\u00e4ude zeigt, plus dem n\u00f6tigen Reisezubeh\u00f6r. Und ein Richtungsanzeiger, der Ihnen auf Ihrem Weg hilft. Die Vorderseite ist mattblau mit einer eingelegten Abbildung eines Globus mit Geb\u00e4uden. Mit separater Karte f\u00fcr Ihre pers\u00f6nliche Nachricht.<\/p>\n<p>Diese Pop-up-Karte ist perfekt f\u00fcr alle, die immer auf der Suche nach dem n\u00e4chsten Abenteuer sind. Eine sch\u00f6ne und bleibende Erinnerung an die Reiseabenteuer von Ihnen oder jemand anderem. F\u00e4hrst du in den Urlaub?<\/p>\n<p>Auch wenn Sie nicht auf Reisen sind, ist es sch\u00f6n, alle Namen dieser Geb\u00e4ude zu kennen.<br \/>\n<strong>Von links nach rechts:<\/strong><\/p>\n<ul>\n<li>1. Basilius-Kathedrale, Moskau, Russland<\/li>\n<li>2. Parthenon-Tempel, Athen, Griechenland<\/li>\n<li>3. Eiffelturm, Paris, Frankreich<\/li>\n<li>4. Opernhaus, Sydney, Australien<\/li>\n<li>5. Turm von Pisa, Pisa, Italien<\/li>\n<li>6. Taj-Mahal-Tempel, Agra, Indien<\/li>\n<li>7. Freiheitsstatue, New York, Vereinigte Staaten<\/li>\n<li>8. Der Gro\u00dfe Buddha, Hongkong<\/li>\n<li>9. Big Ben, Houses of Parliament, London, Vereinigtes K\u00f6nigreich<\/li>\n<li>10. Maya-Tempel, Mexiko<\/li>\n<li>11. Burj Al Arab, Dubai, Vereinigte Arabische Emirate<\/li>\n<li>12. Himmelstempel, Peking, China<\/li>\n<\/ul>\n<p><strong>Gro\u00dfe Kartengr\u00f6\u00dfe 30 \u00d7 20 cm<\/strong>, gefaltet auf 15 \u00d7 20 cm.<br \/>\nInklusive passendem Umschlag, verpackt in einem Zellophanbeutel.<\/p>","protected":false},"excerpt":{"rendered":"<p>Een schitterende wenskaart, een wereldreis. De Big Twelve van de meest beroemde gebouwen. Een leuk cadeau voor die vriend(in) die zo van reizen houdt. Of voor jezelf, om op je bucketlist te zetten. Deze vakantie pop-up kaart is de ideale wenskaart voor reisliefhebbers, echte globetrotters. Met een uniek ontwerp dat maar liefst 12 beroemde gebouwen [&hellip;]<\/p>\n","protected":false},"featured_media":68328,"comment_status":"open","ping_status":"closed","template":"","meta":{"_iconic_wsb_product_page_order_bump_ids":[[]],"_sku":["8785253683492"],"_iconic_wsb_product_page_bump_modal_ids":[[]]},"product_brand":[],"product_cat":[73],"product_tag":[86,248],"class_list":{"0":"post-68364","1":"product","2":"type-product","3":"status-publish","4":"has-post-thumbnail","6":"product_cat-beroemde-gebouwen","7":"product_tag-stedentrip","8":"product_tag-vakantie","10":"first","11":"instock","12":"taxable","13":"shipping-taxable","14":"purchasable","15":"product-type-simple"},"gallery_images":[87764],"_links":{"self":[{"href":"https:\/\/popcards.nl\/de\/wp-json\/wp\/v2\/product\/68364","targetHints":{"allow":["GET"]}}],"collection":[{"href":"https:\/\/popcards.nl\/de\/wp-json\/wp\/v2\/product"}],"about":[{"href":"https:\/\/popcards.nl\/de\/wp-json\/wp\/v2\/types\/product"}],"replies":[{"embeddable":true,"href":"https:\/\/popcards.nl\/de\/wp-json\/wp\/v2\/comments?post=68364"}],"wp:featuredmedia":[{"embeddable":true,"href":"https:\/\/popcards.nl\/de\/wp-json\/wp\/v2\/media\/68328"}],"wp:attachment":[{"href":"https:\/\/popcards.nl\/de\/wp-json\/wp\/v2\/media?parent=68364"}],"wp:term":[{"taxonomy":"product_brand","embeddable":true,"href":"https:\/\/popcards.nl\/de\/wp-json\/wp\/v2\/product_brand?post=68364"},{"taxonomy":"product_cat","embeddable":true,"href":"https:\/\/popcards.nl\/de\/wp-json\/wp\/v2\/product_cat?post=68364"},{"taxonomy":"product_tag","embeddable":true,"href":"https:\/\/popcards.nl\/de\/wp-json\/wp\/v2\/product_tag?post=68364"}],"curies":[{"name":"wp","href":"https:\/\/api.w.org\/{rel}","templated":true}]}}