{"id":72974,"date":"2024-06-06T13:01:41","date_gmt":"2024-06-06T11:01:41","guid":{"rendered":"https:\/\/popcards.nl\/?post_type=product&#038;p=72974"},"modified":"2026-04-17T14:00:09","modified_gmt":"2026-04-17T12:00:09","slug":"pop-up-karte-mit-grosem-straus-rosa-cosmea-blumen","status":"publish","type":"product","link":"https:\/\/popcards.nl\/de\/product\/groot-boeket-roze-cosmea-bloemen-pop-up-kaart\/","title":{"rendered":"Gro\u00dfer Blumenstrau\u00df mit wundersch\u00f6nen rosa Cosmea-Bl\u00fcten als Pop-up-Karte"},"content":{"rendered":"<p><span style=\"font-weight: 400;\">Eine luxuri\u00f6se gro\u00dfe 3D-Gru\u00dfkarte voller Cosmea-Blumen. Wundersch\u00f6ne Blumen, schlicht und anmutig. Das ist Cosmos bipinnatus, auch Cosmea genannt. Der Name Kosmos leitet sich vom griechischen Wort \u201ekosmos\u201c ab und bedeutet sch\u00f6n. Sehr passend zu dieser wundersch\u00f6nen Blume. Ihre Bl\u00fctenbl\u00e4tter rund um die gelbe Mitte variieren in der Farbe, von sanften Farbt\u00f6nen wie Wei\u00df, Rosa und Flieder bis hin zu kr\u00e4ftigen T\u00f6nen wie Rot, Orange und Gelb. Wir m\u00f6chten diese wirklich sch\u00f6ne Popcard machen. So sch\u00f6n und beeindruckend, ein wahres Kunstwerk!<\/span><\/p>\n<p><span style=\"font-weight: 400;\">Auf der Vorderseite dieser Blumenkarte ist ein wundersch\u00f6n bedruckter, sanft gl\u00e4nzender Strau\u00df Cosmeas auf rosa Hintergrund zu sehen. Die attraktive Innenseite ist mit dezenten Blumen bedruckt und verf\u00fcgt \u00fcber 2 gelaserte Schmetterlinge mit frei beweglichen Fl\u00fcgeln. Der Pop-up ist eine beeindruckende Komposition aus Dutzenden Cosmeas in den verschiedenen Farben Rot, Rosa und Wei\u00df, die zusammen einen wundersch\u00f6nen Blumenstrau\u00df ergeben. So viele Blumen in einer Gru\u00dfkarte: Fragen Sie nicht, wie das m\u00f6glich ist, genie\u00dfen Sie einfach!\u00a0<\/span><\/p>\n<p><a href=\"https:\/\/popcards.nl\/de\/product\/blumenstraus-popup-karte-vergissmeinnicht\/\"><span style=\"font-weight: 400;\">Nach einem \u00e4hnlichen Design haben wir auch eine Pop-up-Karte voller Vergissmeinnicht-Blumen.<\/span><\/a><\/p>\n<p><span style=\"font-weight: 400;\">Gro\u00dfe Karte im Format 30 \u00d7 20 cm, gefaltet auf 15 \u00d7 20 cm.<\/span><span style=\"font-weight: 400;\"><br \/>\n<\/span><span style=\"font-weight: 400;\">Inklusive passendem Umschlag, verpackt in einem Zellophanbeutel.<\/span><\/p>","protected":false},"excerpt":{"rendered":"<p>Een luxe grote 3D wenskaart vol met Cosmea bloemen. Prachtige bloemen, eenvoudig en gracieus. Dat is de Cosmos bipinnatus, ook wel Cosmea genoemd. De naam Cosmos is afgeleid van het Griekse woord \u2018kosmos\u2019 en betekent mooi. Erg toepasselijk voor deze prachtige bloem. Haar bloemblaadjes rond het gele hartje vari\u00ebren in kleur, van zachte tinten zoals [&hellip;]<\/p>\n","protected":false},"featured_media":72372,"comment_status":"open","ping_status":"closed","template":"","meta":{"_iconic_wsb_product_page_order_bump_ids":[[]],"_sku":["8785253683393"],"_iconic_wsb_product_page_bump_modal_ids":[[]]},"product_brand":[],"product_cat":[47,78],"product_tag":[48],"class_list":{"0":"post-72974","1":"product","2":"type-product","3":"status-publish","4":"has-post-thumbnail","6":"product_cat-bloemen-bloemenkaarten-wenskaarten","7":"product_cat-beterschapskaarten-troostkaarten-condoleancekaarten","8":"product_tag-bloemen","10":"first","11":"instock","12":"sale","13":"taxable","14":"shipping-taxable","15":"purchasable","16":"product-type-simple"},"gallery_images":[72373,86003],"_links":{"self":[{"href":"https:\/\/popcards.nl\/de\/wp-json\/wp\/v2\/product\/72974","targetHints":{"allow":["GET"]}}],"collection":[{"href":"https:\/\/popcards.nl\/de\/wp-json\/wp\/v2\/product"}],"about":[{"href":"https:\/\/popcards.nl\/de\/wp-json\/wp\/v2\/types\/product"}],"replies":[{"embeddable":true,"href":"https:\/\/popcards.nl\/de\/wp-json\/wp\/v2\/comments?post=72974"}],"wp:featuredmedia":[{"embeddable":true,"href":"https:\/\/popcards.nl\/de\/wp-json\/wp\/v2\/media\/72372"}],"wp:attachment":[{"href":"https:\/\/popcards.nl\/de\/wp-json\/wp\/v2\/media?parent=72974"}],"wp:term":[{"taxonomy":"product_brand","embeddable":true,"href":"https:\/\/popcards.nl\/de\/wp-json\/wp\/v2\/product_brand?post=72974"},{"taxonomy":"product_cat","embeddable":true,"href":"https:\/\/popcards.nl\/de\/wp-json\/wp\/v2\/product_cat?post=72974"},{"taxonomy":"product_tag","embeddable":true,"href":"https:\/\/popcards.nl\/de\/wp-json\/wp\/v2\/product_tag?post=72974"}],"curies":[{"name":"wp","href":"https:\/\/api.w.org\/{rel}","templated":true}]}}