{"id":72977,"date":"2024-06-06T13:36:22","date_gmt":"2024-06-06T11:36:22","guid":{"rendered":"https:\/\/popcards.nl\/?post_type=product&#038;p=72977"},"modified":"2026-04-02T17:50:15","modified_gmt":"2026-04-02T15:50:15","slug":"2-suse-katzen-gruskarte-pop-up-gruskarte","status":"publish","type":"product","link":"https:\/\/popcards.nl\/de\/product\/2-lieve-poezen-wenskaart-pop-up-wenskaart\/","title":{"rendered":"2 sch\u00f6ne s\u00fc\u00dfe Kuschelkatzen-Gru\u00dfkarte | Pop-up-Karte"},"content":{"rendered":"<p><span style=\"font-weight: 400;\">Was f\u00fcr eine sch\u00f6ne und s\u00fc\u00dfe Pop-up-Karte mit 2 Katzen! Miau Miau, ich liebe dich. Und du von mir, das freut mich... Diese freundlichen Hauskatzen kommen gut miteinander klar. Du h\u00f6rst sie vor Vergn\u00fcgen in deinem Kopf schnurren. Sie haben kein gro\u00dfes Haus, keinen Schmuck, kein sch\u00f6nes Auto oder andere weltliche Dinge. Aber diese K\u00e4tzchen haben einander und das ist mehr als genug.<\/span><\/p>\n<p><span style=\"font-weight: 400;\">Auf der Vorderseite ist eine s\u00fc\u00dfe Illustration von zwei Katzen zu sehen, die zuerst gedruckt, gelasert und dann auf den mattgelben Hintergrund geklebt wurde. Das gibt einen sch\u00f6nen Effekt. Beim \u00d6ffnen der Karte erscheinen die gleichen K\u00e4tzchen, allerdings dreidimensional als Pop-up. Sie sitzen auf einem Teppich und sind von roten Herzen umgeben. Mit dieser Karte \u00fcbermitteln Sie Ihre s\u00fc\u00dfe Botschaft ganz deutlich. Und f\u00fcr Katzenliebhaber ist dies auch eine ganz besondere Gru\u00dfkarte.<\/span><\/p>\n<p><span style=\"font-weight: 400;\">Kartengr\u00f6\u00dfe 24 \u00d7 17 cm, gefaltet auf 12 \u00d7 17 cm.<\/span><span style=\"font-weight: 400;\"><br \/>\n<\/span><span style=\"font-weight: 400;\">Inklusive passendem Umschlag, verpackt in einem Zellophanbeutel.<\/span><\/p>","protected":false},"excerpt":{"rendered":"<p>Wat een leuke en lieve pop-up kaart van 2 poezen! Miauw Miauw, Ik hou van jou. En jij van mij, dat maakt me blij\u2026 Deze gezellige huiskatten hebben het goed samen. Je hoort ze in gedachten spinnen van genot. Ze hebben geen groot huis, sieraden, een mooie auto of andere wereldse zaken. Maar deze kittens [&hellip;]<\/p>\n","protected":false},"featured_media":72389,"comment_status":"open","ping_status":"closed","template":"","meta":{"_iconic_wsb_product_page_order_bump_ids":[[]],"_sku":["8785253685397"],"_iconic_wsb_product_page_bump_modal_ids":[[]]},"product_brand":[],"product_cat":[21,27,28],"product_tag":[35],"class_list":{"0":"post-72977","1":"product","2":"type-product","3":"status-publish","4":"has-post-thumbnail","6":"product_cat-dieren-dierenkaarten-wenskaarten","7":"product_cat-liefde-liefdeskaarten-valentijnskaarten","8":"product_cat-trouwen-samenwonen-trouwkaarten","9":"product_tag-kat","11":"first","12":"instock","13":"taxable","14":"shipping-taxable","15":"purchasable","16":"product-type-simple"},"gallery_images":[87754],"_links":{"self":[{"href":"https:\/\/popcards.nl\/de\/wp-json\/wp\/v2\/product\/72977","targetHints":{"allow":["GET"]}}],"collection":[{"href":"https:\/\/popcards.nl\/de\/wp-json\/wp\/v2\/product"}],"about":[{"href":"https:\/\/popcards.nl\/de\/wp-json\/wp\/v2\/types\/product"}],"replies":[{"embeddable":true,"href":"https:\/\/popcards.nl\/de\/wp-json\/wp\/v2\/comments?post=72977"}],"wp:featuredmedia":[{"embeddable":true,"href":"https:\/\/popcards.nl\/de\/wp-json\/wp\/v2\/media\/72389"}],"wp:attachment":[{"href":"https:\/\/popcards.nl\/de\/wp-json\/wp\/v2\/media?parent=72977"}],"wp:term":[{"taxonomy":"product_brand","embeddable":true,"href":"https:\/\/popcards.nl\/de\/wp-json\/wp\/v2\/product_brand?post=72977"},{"taxonomy":"product_cat","embeddable":true,"href":"https:\/\/popcards.nl\/de\/wp-json\/wp\/v2\/product_cat?post=72977"},{"taxonomy":"product_tag","embeddable":true,"href":"https:\/\/popcards.nl\/de\/wp-json\/wp\/v2\/product_tag?post=72977"}],"curies":[{"name":"wp","href":"https:\/\/api.w.org\/{rel}","templated":true}]}}