{"id":73048,"date":"2024-06-07T23:06:37","date_gmt":"2024-06-07T21:06:37","guid":{"rendered":"https:\/\/popcards.nl\/?post_type=product&#038;p=73048"},"modified":"2025-08-09T09:15:33","modified_gmt":"2025-08-09T07:15:33","slug":"computerspielkonsole-spielkonsole-nintendo-pop-up-karte","status":"publish","type":"product","link":"https:\/\/popcards.nl\/de\/product\/spelcomputer-game-console-nintendo-wenskaart\/","title":{"rendered":"Computerspiel, Spielkonsole, Spielkonsole, Nintendo-Popup-Karte"},"content":{"rendered":"<p><em>Spiel vorbei! Dr\u00fccken Sie, um es erneut zu versuchen.<\/em> F\u00fcr alle Computerspiel-Fanatiker, die nicht genug davon bekommen k\u00f6nnen, haben wir diese altmodische 3D-Gru\u00dfkarte aus Pappe aus einer Spielekonsole gebastelt. Damit sie wissen, dass es neben ihrer Computerwelt auch eine greifbare Welt gibt.\ud83d\ude09. Sie k\u00f6nnen diese Pop-up-Karte einer Spielekonsole in die Hand nehmen, \u00f6ffnen und schlie\u00dfen, daran riechen und sie auf den Kamin legen. Eine greifbare Darstellung ihres digitalen Hobbys. Ideal als gro\u00dfe Gl\u00fcckwunschkarte f\u00fcr einen IT-Profi, einen Computer-Enthusiasten, einen Gamestop-Aktion\u00e4r oder als Gru\u00dfkarte f\u00fcr begeisterte Gamer.<\/p>\n<p>Gro\u00dfe Karte im Format 30 \u00d7 20 cm, gefaltet auf 15 \u00d7 20 cm.<br \/>\nInklusive passendem Umschlag, verpackt in einem Zellophanbeutel.<\/p>","protected":false},"excerpt":{"rendered":"<p>Game over! Press to try again. Voor alle computerspel fanaten die er maar niet genoeg van krijgen, hebben we deze ouderwetse kartonnen 3D wenskaart gemaakt van een game console. Zodat ze weten dat er naast hun computerwereld ook nog een tastbare wereld bestaat.\ud83d\ude09. Deze pop-up kaart van een spelcomputer kunnen ze in hun handen nemen, [&hellip;]<\/p>\n","protected":false},"featured_media":72384,"comment_status":"open","ping_status":"closed","template":"","meta":{"_iconic_wsb_product_page_order_bump_ids":[[]],"_sku":["8785253683461"],"_iconic_wsb_product_page_bump_modal_ids":[[]]},"product_brand":[],"product_cat":[34],"product_tag":[285],"class_list":{"0":"post-73048","1":"product","2":"type-product","3":"status-publish","4":"has-post-thumbnail","6":"product_cat-felicitatie-verjaardag-verjaardagskaarten","7":"product_tag-humor","9":"first","10":"outofstock","11":"taxable","12":"shipping-taxable","13":"purchasable","14":"product-type-simple"},"gallery_images":[86450],"_links":{"self":[{"href":"https:\/\/popcards.nl\/de\/wp-json\/wp\/v2\/product\/73048","targetHints":{"allow":["GET"]}}],"collection":[{"href":"https:\/\/popcards.nl\/de\/wp-json\/wp\/v2\/product"}],"about":[{"href":"https:\/\/popcards.nl\/de\/wp-json\/wp\/v2\/types\/product"}],"replies":[{"embeddable":true,"href":"https:\/\/popcards.nl\/de\/wp-json\/wp\/v2\/comments?post=73048"}],"wp:featuredmedia":[{"embeddable":true,"href":"https:\/\/popcards.nl\/de\/wp-json\/wp\/v2\/media\/72384"}],"wp:attachment":[{"href":"https:\/\/popcards.nl\/de\/wp-json\/wp\/v2\/media?parent=73048"}],"wp:term":[{"taxonomy":"product_brand","embeddable":true,"href":"https:\/\/popcards.nl\/de\/wp-json\/wp\/v2\/product_brand?post=73048"},{"taxonomy":"product_cat","embeddable":true,"href":"https:\/\/popcards.nl\/de\/wp-json\/wp\/v2\/product_cat?post=73048"},{"taxonomy":"product_tag","embeddable":true,"href":"https:\/\/popcards.nl\/de\/wp-json\/wp\/v2\/product_tag?post=73048"}],"curies":[{"name":"wp","href":"https:\/\/api.w.org\/{rel}","templated":true}]}}