{"id":74558,"date":"2024-07-11T22:46:29","date_gmt":"2024-07-11T20:46:29","guid":{"rendered":"https:\/\/popcards.nl\/?post_type=product&#038;p=74558"},"modified":"2026-03-25T13:00:15","modified_gmt":"2026-03-25T12:00:15","slug":"pop-up-karte-mit-luftballons-zur-geburtsanzeige-fur-madchen","status":"publish","type":"product","link":"https:\/\/popcards.nl\/de\/product\/geboortekaart-meisje-ballonnen-pop-up-kaart\/","title":{"rendered":"Pop-up-Karte zur Ank\u00fcndigung der Geburt eines Baby-M\u00e4dchenbetts mit rosa Luftballons"},"content":{"rendered":"<p>Was f\u00fcr eine unglaublich sch\u00f6ne und s\u00fc\u00dfe Pop-up-Karte. Eine gro\u00dfe Gru\u00dfkarte, die sich ideal als Geburtsanzeige eignet. &quot;Es ist ein M\u00e4dchen&quot;. Es ist ein M\u00e4dchen. Und jeder sollte es wissen!<\/p>\n<p>Beim \u00d6ffnen der Karte f\u00e4hrt die Wiege mit dem Baby automatisch hoch. Zusammen mit den fr\u00f6hlichen Luftballons erwacht das Ganze erst so richtig zum Leben. Dadurch entsteht ein sehr bezauberndes Bild, das das Gl\u00fcck und die Freude einer Familie zum Ausdruck bringt, die ein Neugeborenes begr\u00fc\u00dft. Es ist ein Symbol f\u00fcr Neuanfang, Hoffnung und gro\u00dfe Liebe.<\/p>\n<p>Nicht nur zum Versenden an die frischgebackenen Eltern, sondern auch als Geburtsanzeige f\u00fcr sich selbst, um den Namen und das Gewicht Ihres Neuzugangs der Au\u00dfenwelt bekannt zu machen. Die mitgelieferte Schreibkarte ist daf\u00fcr perfekt! <a href=\"https:\/\/popcards.nl\/de\/product\/pop-up-karte-mit-ballons-zur-geburtsanzeige-eines-jungen\/\">Nat\u00fcrlich haben wir diese Gru\u00dfkarte auch f\u00fcr Jungen.<\/a><\/p>\n<p>Gro\u00dfes Kartenformat 30 \u00d7 20 cm, gefaltet auf 15 \u00d7 20 cm.<br \/>\nInklusive passendem Umschlag, verpackt in einem Zellophanbeutel.<\/p>","protected":false},"excerpt":{"rendered":"<p>Wat een ontzettend mooie en lieve pop-up kaart. Een grote wenskaart die ideaal is als geboortekaart. \u201cIt\u2019s a girl\u201d. Het is een meisje. En iedereen mag het weten! Bij het openen van de kaart komt het wiegje met de baby vanzelf omhoog. Samen met de vrolijke ballonnen komt het geheel dan echt tot leven. Dit [&hellip;]<\/p>\n","protected":false},"featured_media":74542,"comment_status":"open","ping_status":"closed","template":"","meta":{"_iconic_wsb_product_page_order_bump_ids":[[]],"_sku":["8785253684550"],"_iconic_wsb_product_page_bump_modal_ids":[[]]},"product_brand":[],"product_cat":[22],"product_tag":[25],"class_list":{"0":"post-74558","1":"product","2":"type-product","3":"status-publish","4":"has-post-thumbnail","6":"product_cat-geboorte-geboortekaarten-baby-babykaart","7":"product_tag-geboorte","9":"first","10":"instock","11":"taxable","12":"shipping-taxable","13":"purchasable","14":"product-type-simple"},"gallery_images":[75515],"_links":{"self":[{"href":"https:\/\/popcards.nl\/de\/wp-json\/wp\/v2\/product\/74558","targetHints":{"allow":["GET"]}}],"collection":[{"href":"https:\/\/popcards.nl\/de\/wp-json\/wp\/v2\/product"}],"about":[{"href":"https:\/\/popcards.nl\/de\/wp-json\/wp\/v2\/types\/product"}],"replies":[{"embeddable":true,"href":"https:\/\/popcards.nl\/de\/wp-json\/wp\/v2\/comments?post=74558"}],"wp:featuredmedia":[{"embeddable":true,"href":"https:\/\/popcards.nl\/de\/wp-json\/wp\/v2\/media\/74542"}],"wp:attachment":[{"href":"https:\/\/popcards.nl\/de\/wp-json\/wp\/v2\/media?parent=74558"}],"wp:term":[{"taxonomy":"product_brand","embeddable":true,"href":"https:\/\/popcards.nl\/de\/wp-json\/wp\/v2\/product_brand?post=74558"},{"taxonomy":"product_cat","embeddable":true,"href":"https:\/\/popcards.nl\/de\/wp-json\/wp\/v2\/product_cat?post=74558"},{"taxonomy":"product_tag","embeddable":true,"href":"https:\/\/popcards.nl\/de\/wp-json\/wp\/v2\/product_tag?post=74558"}],"curies":[{"name":"wp","href":"https:\/\/api.w.org\/{rel}","templated":true}]}}