{"id":74573,"date":"2024-07-11T23:09:06","date_gmt":"2024-07-11T21:09:06","guid":{"rendered":"https:\/\/popcards.nl\/?post_type=product&#038;p=74573"},"modified":"2026-04-24T12:53:12","modified_gmt":"2026-04-24T10:53:12","slug":"niedliche-otter-freundschafts-liebesgruskarte","status":"publish","type":"product","link":"https:\/\/popcards.nl\/de\/product\/schattige-otters-vriendschap-liefde-wenskaart\/","title":{"rendered":"Niedliche Otter-Popup-Karte \u201eFriendship Love\u201c. 3D-Gru\u00dfkarte"},"content":{"rendered":"<p>Eine liebenswerte Gru\u00dfkarte mit gl\u00fcckseligen Ottern, die \u00fcbergl\u00fccklich miteinander sind. Eine gro\u00dfe Pop-up-Karte mit einer herzerw\u00e4rmenden Szene, auf der dieses fr\u00f6hliche Paar zu sehen ist, das sich gegenseitig an den Pfoten h\u00e4lt, w\u00e4hrend es anmutig auf einem ruhigen See schwimmt. Dieses liebenswerte Duo f\u00e4ngt die Essenz von Liebe und Kameradschaft ein und zeigt die zarte Bindung zwischen Lebewesen. Ihre niedliche und liebevolle Geste strahlt ein Gef\u00fchl von Gl\u00fcck und Romantik aus und ist ein perfektes Symbol f\u00fcr gegenseitige Zuneigung und Zusammengeh\u00f6rigkeit.<\/p>\n<p>Diese 3D-Gru\u00dfkarte ist die perfekte Wahl, um einer wichtigen Person Liebe, Zuneigung und Wertsch\u00e4tzung auszudr\u00fccken. Ob f\u00fcr einen romantischen Anlass, ein Jubil\u00e4um oder einfach nur, um Ihnen zu zeigen, wie viel Ihnen jemand bedeutet. Es ist auch eine gro\u00dfartige M\u00f6glichkeit, Freundschaften und die gesch\u00e4tzte Bindung zwischen guten Freunden zu feiern. Diese Karte zaubert mit Sicherheit jedem, der sie erh\u00e4lt, ein L\u00e4cheln ins Gesicht!<\/p>\n<p>Gro\u00dfes Kartenformat 30 \u00d7 20 cm, gefaltet auf 15 \u00d7 20 cm.<br \/>\nMit separater Karte f\u00fcr Ihren pers\u00f6nlichen Text. Inklusive passendem Umschlag, verpackt in Zellophanbeutel.<\/p>","protected":false},"excerpt":{"rendered":"<p>Een vertederende wenskaart met gelukzalige otters die dolblij zijn met elkaar. Een grote pop-up kaart met een hartverwarmend tafereel, met dit vrolijke stel die elkaars pootje vasthouden terwijl ze sierlijk op een kalm meer drijven. Dit innemende duo legt de essentie van liefde en kameraadschap vast en toont de tedere band tussen levende wezens. Hun [&hellip;]<\/p>\n","protected":false},"featured_media":74545,"comment_status":"open","ping_status":"closed","template":"","meta":{"_iconic_wsb_product_page_order_bump_ids":[[]],"_sku":["4805388554680"],"_iconic_wsb_product_page_bump_modal_ids":[[]]},"product_brand":[],"product_cat":[21,27],"product_tag":[132,56,83],"class_list":{"0":"post-74573","1":"product","2":"type-product","3":"status-publish","4":"has-post-thumbnail","6":"product_cat-dieren-dierenkaarten-wenskaarten","7":"product_cat-liefde-liefdeskaarten-valentijnskaarten","8":"product_tag-dier","9":"product_tag-love","10":"product_tag-valentijn","12":"first","13":"instock","14":"taxable","15":"shipping-taxable","16":"purchasable","17":"product-type-simple"},"gallery_images":[74546,74544,75484],"_links":{"self":[{"href":"https:\/\/popcards.nl\/de\/wp-json\/wp\/v2\/product\/74573","targetHints":{"allow":["GET"]}}],"collection":[{"href":"https:\/\/popcards.nl\/de\/wp-json\/wp\/v2\/product"}],"about":[{"href":"https:\/\/popcards.nl\/de\/wp-json\/wp\/v2\/types\/product"}],"replies":[{"embeddable":true,"href":"https:\/\/popcards.nl\/de\/wp-json\/wp\/v2\/comments?post=74573"}],"wp:featuredmedia":[{"embeddable":true,"href":"https:\/\/popcards.nl\/de\/wp-json\/wp\/v2\/media\/74545"}],"wp:attachment":[{"href":"https:\/\/popcards.nl\/de\/wp-json\/wp\/v2\/media?parent=74573"}],"wp:term":[{"taxonomy":"product_brand","embeddable":true,"href":"https:\/\/popcards.nl\/de\/wp-json\/wp\/v2\/product_brand?post=74573"},{"taxonomy":"product_cat","embeddable":true,"href":"https:\/\/popcards.nl\/de\/wp-json\/wp\/v2\/product_cat?post=74573"},{"taxonomy":"product_tag","embeddable":true,"href":"https:\/\/popcards.nl\/de\/wp-json\/wp\/v2\/product_tag?post=74573"}],"curies":[{"name":"wp","href":"https:\/\/api.w.org\/{rel}","templated":true}]}}