{"id":74740,"date":"2024-07-16T10:28:41","date_gmt":"2024-07-16T08:28:41","guid":{"rendered":"https:\/\/popcards.nl\/?post_type=product&#038;p=74740"},"modified":"2026-04-14T14:51:31","modified_gmt":"2026-04-14T12:51:31","slug":"pool-party-hunde-sonnenbrille-pool-popup-karte","status":"publish","type":"product","link":"https:\/\/popcards.nl\/de\/product\/pool-party-hond-zonnebril-zwembad-pop-up-kaart\/","title":{"rendered":"Lustige Pop-up-Karte \u201ePoolparty\u201c mit coolem Hund mit Sonnenbrille im Schwimmbad"},"content":{"rendered":"<p>Was f\u00fcr eine sehr sch\u00f6ne Schwimmbad-Popup-Karte! Und auch im Gro\u00dfformat. Das sieht man nicht jeden Tag, einen sonnenbadenden Hund, der sich auf einem rosafarbenen Flamingo-Schwimmk\u00f6rper entspannt, der im tiefblauen Wasser schwimmt. <em>Sehr cool<\/em> auch mit seiner lila Sonnenbrille! \ud83d\ude0e Wie sommerlich kann eine Gru\u00dfkarte sein? \ud83c\udf1e<\/p>\n<p>Diese Gru\u00dfkarte ist eine wunderbare M\u00f6glichkeit, Ihre Sommerw\u00fcnsche zu \u00fcbermitteln, jemanden zu einer Party einzuladen oder einfach jemandem ein L\u00e4cheln ins Gesicht zu zaubern. Die Karte symbolisiert Spa\u00df, Entspannung und die pure Freude am Sommer.<\/p>\n<p>Im Inneren bildet die blau-wei\u00df karierte Schwimmbeckenoberfl\u00e4che einen sch\u00f6nen Kontrast mit dem sch\u00f6nen Pop-up des fr\u00f6hlich schwebenden Hundes. Der Effekt ist sehr dreidimensional, als ob der Hund sehr nahe an Sie herankommt. Dies f\u00fchrt zu einer \u00fcberraschenden Reaktion beim Empf\u00e4nger der Karte. Kinder, aber auch Hundeliebhaber, Urlauber und Sonnenanbeter werden sich \u00fcber diese lustige Pop-Up-Karte sehr freuen. Auch f\u00fcr Personen mit bestandenem Schwimmdiplom sehr gut geeignet! Die Vorderseite besteht aus silberfarbenem Karton mit einer sch\u00f6nen eingeschnittenen Illustration, die f\u00fcr einen besonderen Effekt sorgt. Auf der mitgelieferten Schreibkarte ist Platz f\u00fcr Ihren eigenen Text.<\/p>\n<p><strong>Gro\u00dfe Kartengr\u00f6\u00dfe<\/strong> 30 \u00d7 20 cm, gefaltet auf 15 \u00d7 20 cm.<br \/>\nInklusive passendem Umschlag, verpackt in einem Zellophanbeutel.<\/p>","protected":false},"excerpt":{"rendered":"<p>Wat een ontzettend leuke zwembad pop-up kaart! En ook nog eens in groot formaat. Dat zie je ook niet elke dag, zo\u2019n zonnebadende hond, lekker relaxt op een roze flamingo zwemband drijvend in het diepblauwe water. Very cool ook met z\u2019n paarse zonnebril! \ud83d\ude0e Hoe zomers kan een wenskaart zijn? \ud83c\udf1e Deze wenskaart is een [&hellip;]<\/p>\n","protected":false},"featured_media":74617,"comment_status":"open","ping_status":"closed","template":"","meta":{"_iconic_wsb_product_page_order_bump_ids":[[]],"_sku":["8785253682730"],"_iconic_wsb_product_page_bump_modal_ids":[[]]},"product_brand":[],"product_cat":[21,34],"product_tag":[135,285],"class_list":{"0":"post-74740","1":"product","2":"type-product","3":"status-publish","4":"has-post-thumbnail","6":"product_cat-dieren-dierenkaarten-wenskaarten","7":"product_cat-felicitatie-verjaardag-verjaardagskaarten","8":"product_tag-hond","9":"product_tag-humor","11":"first","12":"instock","13":"taxable","14":"shipping-taxable","15":"purchasable","16":"product-type-simple"},"gallery_images":[75508],"_links":{"self":[{"href":"https:\/\/popcards.nl\/de\/wp-json\/wp\/v2\/product\/74740","targetHints":{"allow":["GET"]}}],"collection":[{"href":"https:\/\/popcards.nl\/de\/wp-json\/wp\/v2\/product"}],"about":[{"href":"https:\/\/popcards.nl\/de\/wp-json\/wp\/v2\/types\/product"}],"replies":[{"embeddable":true,"href":"https:\/\/popcards.nl\/de\/wp-json\/wp\/v2\/comments?post=74740"}],"wp:featuredmedia":[{"embeddable":true,"href":"https:\/\/popcards.nl\/de\/wp-json\/wp\/v2\/media\/74617"}],"wp:attachment":[{"href":"https:\/\/popcards.nl\/de\/wp-json\/wp\/v2\/media?parent=74740"}],"wp:term":[{"taxonomy":"product_brand","embeddable":true,"href":"https:\/\/popcards.nl\/de\/wp-json\/wp\/v2\/product_brand?post=74740"},{"taxonomy":"product_cat","embeddable":true,"href":"https:\/\/popcards.nl\/de\/wp-json\/wp\/v2\/product_cat?post=74740"},{"taxonomy":"product_tag","embeddable":true,"href":"https:\/\/popcards.nl\/de\/wp-json\/wp\/v2\/product_tag?post=74740"}],"curies":[{"name":"wp","href":"https:\/\/api.w.org\/{rel}","templated":true}]}}