{"id":77603,"date":"2024-09-25T22:29:29","date_gmt":"2024-09-25T20:29:29","guid":{"rendered":"https:\/\/popcards.nl\/?post_type=product&#038;p=77603"},"modified":"2026-04-22T17:50:05","modified_gmt":"2026-04-22T15:50:05","slug":"besondere-weihnachtskarte-frohliches-triptychon-weihnachtsmann","status":"publish","type":"product","link":"https:\/\/popcards.nl\/de\/product\/bijzonder-kerstkaart-vrolijk-drieluik-kerstman\/","title":{"rendered":"Ganz besonderes Weihnachtskarten-Falttriptychon mit Weihnachtsmann und Rentier in einer zauberhaften Weihnachtslandschaft"},"content":{"rendered":"<p>Zusammengefaltet ist es eine s\u00fc\u00dfe, kompakte Karte mit wundersch\u00f6nen Heiligabend-Illustrationen auf der Vorder- und R\u00fcckseite. Und wenn man es \u00f6ffnet, indem man den speziellen Verschluss in Form von Geschenken l\u00f6st, entfaltet sich eine wundersch\u00f6ne Weihnachtsszene in einem Triptychon. Es gibt viel zu finden: den Weihnachtsmann mit seinen treuen Rentieren, eine wundersch\u00f6ne Berglandschaft mit schneebedeckten H\u00e4usern, geschm\u00fcckte Weihnachtsb\u00e4ume, fr\u00f6hliche Hunde mit Weihnachtsm\u00fctzen und nat\u00fcrlich jede Menge Weihnachtsgeschenke. Es macht so viel Spa\u00df, diese Pop-up-Karte anzusehen und es gibt immer etwas Neues zu entdecken! Eine s\u00fc\u00dfe und originelle Weihnachtskarte f\u00fcr Jung und Alt. Diese Karte wird jahrelang vom Empf\u00e4nger aufbewahrt und jedes Jahr zu Weihnachten ausgestellt.<\/p>\n<p><a href=\"https:\/\/popcards.nl\/de\/kategorie\/die-10-schonsten-weihnachtskarten\/\">Popcards hat viele weitere sch\u00f6ne Pop-up-Weihnachtskarten.<\/a><\/p>\n<p>Kartengr\u00f6\u00dfe 30 \u00d7 15 cm, gefaltet auf 10 \u00d7 15 cm. Mit separater Karte f\u00fcr Ihren pers\u00f6nlichen Text.<br \/>\nInklusive passendem Umschlag, verpackt in einem Zellophanbeutel.<\/p>","protected":false},"excerpt":{"rendered":"<p>Ingevouwen is het een lief compact kaartje met mooie kerstnacht illustraties aan de voor- en achterzijde. En als je het openslaat door het speciale slotje in de vorm van cadeautjes los te maken, dan ontvouwt zich een prachtig kersttafereel in drieluik uitgevoerd. Er is van alles te vinden: de kerstman met zijn trouwe rendier, een [&hellip;]<\/p>\n","protected":false},"featured_media":77632,"comment_status":"open","ping_status":"closed","template":"","meta":{"_iconic_wsb_product_page_order_bump_ids":[[]],"_sku":["4805388557551"],"_iconic_wsb_product_page_bump_modal_ids":[[]]},"product_brand":[],"product_cat":[79],"product_tag":[131],"class_list":{"0":"post-77603","1":"product","2":"type-product","3":"status-publish","4":"has-post-thumbnail","6":"product_cat-de-top-10-mooiste-kerstkaarten","7":"product_tag-kerst","9":"first","10":"instock","11":"sale","12":"taxable","13":"shipping-taxable","14":"purchasable","15":"product-type-simple"},"gallery_images":[77634,77633,78615],"_links":{"self":[{"href":"https:\/\/popcards.nl\/de\/wp-json\/wp\/v2\/product\/77603","targetHints":{"allow":["GET"]}}],"collection":[{"href":"https:\/\/popcards.nl\/de\/wp-json\/wp\/v2\/product"}],"about":[{"href":"https:\/\/popcards.nl\/de\/wp-json\/wp\/v2\/types\/product"}],"replies":[{"embeddable":true,"href":"https:\/\/popcards.nl\/de\/wp-json\/wp\/v2\/comments?post=77603"}],"wp:featuredmedia":[{"embeddable":true,"href":"https:\/\/popcards.nl\/de\/wp-json\/wp\/v2\/media\/77632"}],"wp:attachment":[{"href":"https:\/\/popcards.nl\/de\/wp-json\/wp\/v2\/media?parent=77603"}],"wp:term":[{"taxonomy":"product_brand","embeddable":true,"href":"https:\/\/popcards.nl\/de\/wp-json\/wp\/v2\/product_brand?post=77603"},{"taxonomy":"product_cat","embeddable":true,"href":"https:\/\/popcards.nl\/de\/wp-json\/wp\/v2\/product_cat?post=77603"},{"taxonomy":"product_tag","embeddable":true,"href":"https:\/\/popcards.nl\/de\/wp-json\/wp\/v2\/product_tag?post=77603"}],"curies":[{"name":"wp","href":"https:\/\/api.w.org\/{rel}","templated":true}]}}