{"id":77642,"date":"2024-09-26T20:51:54","date_gmt":"2024-09-26T18:51:54","guid":{"rendered":"https:\/\/popcards.nl\/?post_type=product&#038;p=77642"},"modified":"2026-04-28T19:49:40","modified_gmt":"2026-04-28T17:49:40","slug":"3d-weihnachtskarte-weihnachtsmann-rentier-prasentiert","status":"publish","type":"product","link":"https:\/\/popcards.nl\/de\/product\/3d-kerstkaart-kerstman-rendieren-cadeautjes\/","title":{"rendered":"Wundersch\u00f6ne 3D-Weihnachtskarte Weihnachtsmann mit Rentieren, Geschenken und fallendem Schnee auf Weihnachtsb\u00e4umen"},"content":{"rendered":"<p>Eine sch\u00f6ne und lustige Pop-up-Karte f\u00fcr Weihnachten, in einem sch\u00f6nen gro\u00dfen Format. Der Einband besteht aus glitzerndem, tiefgr\u00fcnem Karton, in den in Silber die Form eines stilisierten Weihnachtsbaums und der Text \u201eFrohe Weihnachten\u201c eingeschnitten sind. Die Illustration und der Text sind hinter den gr\u00fcnen Karton geklebt, was der Karte einen besonderen Effekt verleiht. Im Inneren der Karte befindet sich ein gro\u00dfes Popup mit einer kompletten Weihnachtsszene mit dem Weihnachtsmann, wundersch\u00f6n geschm\u00fcckten Weihnachtsb\u00e4umen, einem Schneemann, Rentieren und nat\u00fcrlich einem Schlitten mit Weihnachtsgeschenken. Der Schnee scheint in Form von Schneeflocken magisch vom Bogen zu fallen. Der glitzernde silberne Hintergrund verleiht der Karte einen sch\u00f6nen Effekt. Eine fr\u00f6hliche Weihnachtskarte f\u00fcr Jung und Alt.<\/p>\n<p><a href=\"https:\/\/popcards.nl\/de\/kategorie\/die-10-schonsten-weihnachtskarten\/\">Popcards hat viele weitere sch\u00f6ne Pop-up-Weihnachtskarten.<\/a><\/p>\n<p>Gro\u00dfe Karte im Format 30\u00d720 cm, gefaltet auf 15\u00d720 cm. Verpackt im Zellophanbeutel. Mit separater Karte f\u00fcr Ihren Text. Inklusive passendem schicken Umschlag in 2 Blaut\u00f6nen, mit herzf\u00f6rmigem Verschluss. Sie k\u00f6nnen den Umschlag sch\u00f6n mit einem wei\u00dfen Bleistift, einem gold- oder silberfarbenen Stift beschriften. Zur Adressierung k\u00f6nnen Sie auch das mitgelieferte selbstklebende Etikett nutzen.<\/p>","protected":false},"excerpt":{"rendered":"<p>Een schitterende \u00e9n leuke pop-up kaart voor de kerst, in mooi groot formaat. De omslag is van glinsterend diepgroen karton, waarin de vorm van een gestileerde kerstboom en de tekst \u201cMerry Christmas&#8221; in zilverkleur is uitgesneden. De illustratie en tekst zijn achter het groene karton geplakt, wat de kaart een bijzonder effect geeft. Binnen in [&hellip;]<\/p>\n","protected":false},"featured_media":78649,"comment_status":"open","ping_status":"closed","template":"","meta":{"_iconic_wsb_product_page_order_bump_ids":[[]],"_sku":["4805388548351"],"_iconic_wsb_product_page_bump_modal_ids":[[]]},"product_brand":[],"product_cat":[79],"product_tag":[131],"class_list":{"0":"post-77642","1":"product","2":"type-product","3":"status-publish","4":"has-post-thumbnail","6":"product_cat-de-top-10-mooiste-kerstkaarten","7":"product_tag-kerst","9":"first","10":"instock","11":"taxable","12":"shipping-taxable","13":"purchasable","14":"product-type-simple"},"gallery_images":[78622],"_links":{"self":[{"href":"https:\/\/popcards.nl\/de\/wp-json\/wp\/v2\/product\/77642","targetHints":{"allow":["GET"]}}],"collection":[{"href":"https:\/\/popcards.nl\/de\/wp-json\/wp\/v2\/product"}],"about":[{"href":"https:\/\/popcards.nl\/de\/wp-json\/wp\/v2\/types\/product"}],"replies":[{"embeddable":true,"href":"https:\/\/popcards.nl\/de\/wp-json\/wp\/v2\/comments?post=77642"}],"wp:featuredmedia":[{"embeddable":true,"href":"https:\/\/popcards.nl\/de\/wp-json\/wp\/v2\/media\/78649"}],"wp:attachment":[{"href":"https:\/\/popcards.nl\/de\/wp-json\/wp\/v2\/media?parent=77642"}],"wp:term":[{"taxonomy":"product_brand","embeddable":true,"href":"https:\/\/popcards.nl\/de\/wp-json\/wp\/v2\/product_brand?post=77642"},{"taxonomy":"product_cat","embeddable":true,"href":"https:\/\/popcards.nl\/de\/wp-json\/wp\/v2\/product_cat?post=77642"},{"taxonomy":"product_tag","embeddable":true,"href":"https:\/\/popcards.nl\/de\/wp-json\/wp\/v2\/product_tag?post=77642"}],"curies":[{"name":"wp","href":"https:\/\/api.w.org\/{rel}","templated":true}]}}