{"id":77656,"date":"2024-09-26T23:16:37","date_gmt":"2024-09-26T21:16:37","guid":{"rendered":"https:\/\/popcards.nl\/?post_type=product&#038;p=77656"},"modified":"2026-03-17T12:12:03","modified_gmt":"2026-03-17T11:12:03","slug":"3d-weihnachtskarte-weihnachtsmann-7-fliegende-rentiere","status":"publish","type":"product","link":"https:\/\/popcards.nl\/de\/product\/3d-kerstkaart-kerstman-7-vliegende-rendieren\/","title":{"rendered":"Wow! Super 3D-Weihnachtskarte | Weihnachtsmann im Schlitten mit 7 fliegenden Rentieren"},"content":{"rendered":"<p>So dreidimensional sieht man Pop-up-Karten selten! Der Weihnachtsmann und sein treues Rentier springen weit und hoch von der Karte, sobald der gl\u00fcckliche Beschenkte diese Weihnachtskarte \u00f6ffnet. Der Einband besteht aus glitzerndem, silberfarbenem Karton, in dem ein Schlitten mit Rentier und Weihnachtsmann sowie Geschenken ausgeschnitten ist. Diese Illustrationen werden gedruckt und hinter den Silberkarton geklebt, was der Karte einen besonderen Effekt verleiht. Im Inneren der Karte befindet sich ein gro\u00dfes Pop-up mit einem Schlitten voller Geschenke und dem Weihnachtsmann, der von 7 fliegenden Rentieren gezogen wird. Im Hintergrund schneebedeckte H\u00e4user, Weihnachtsb\u00e4ume und Hirsche. Der wundersch\u00f6n illustrierte Hintergrund rundet diese tolle Weihnachtskarte ab. Eine fr\u00f6hliche und eindrucksvolle Weihnachtskarte f\u00fcr Gro\u00df und Klein.<\/p>\n<p><a href=\"https:\/\/popcards.nl\/de\/kategorie\/die-10-schonsten-weihnachtskarten\/\">Popcards hat viele weitere sch\u00f6ne Pop-up-Weihnachtskarten.<\/a><\/p>\n<p><strong>Gro\u00dfe Kartengr\u00f6\u00dfe<\/strong> 30\u00d720 cm, gefaltet auf 15\u00d720 cm. Verpackt im Zellophanbeutel.<br \/>\nMit separater Karte f\u00fcr Ihren Text. Inklusive passendem schicken cremefarbenen Umschlag mit herzf\u00f6rmigem Verschluss.<\/p>","protected":false},"excerpt":{"rendered":"<p>Zo driedimensionaal zie je pop-up kaarten maar zelden! De kerstman en zijn trouwe rendieren springen heel ver en hoog uit de kaart, zodra de gelukkige ontvanger deze kerstkaart opent. De omslag is van glinsterend zilverkleurig karton, waarin een arrenslee met rendieren en een kerstman en cadeautjes zijn uitgesneden. Deze illustraties zijn gedrukt en achter het [&hellip;]<\/p>\n","protected":false},"featured_media":77655,"comment_status":"open","ping_status":"closed","template":"","meta":{"_iconic_wsb_product_page_order_bump_ids":[[]],"_sku":["4805388555250"],"_iconic_wsb_product_page_bump_modal_ids":[[]]},"product_brand":[],"product_cat":[79],"product_tag":[131],"class_list":{"0":"post-77656","1":"product","2":"type-product","3":"status-publish","4":"has-post-thumbnail","6":"product_cat-de-top-10-mooiste-kerstkaarten","7":"product_tag-kerst","9":"first","10":"instock","11":"taxable","12":"shipping-taxable","13":"purchasable","14":"product-type-simple"},"gallery_images":[78626],"_links":{"self":[{"href":"https:\/\/popcards.nl\/de\/wp-json\/wp\/v2\/product\/77656","targetHints":{"allow":["GET"]}}],"collection":[{"href":"https:\/\/popcards.nl\/de\/wp-json\/wp\/v2\/product"}],"about":[{"href":"https:\/\/popcards.nl\/de\/wp-json\/wp\/v2\/types\/product"}],"replies":[{"embeddable":true,"href":"https:\/\/popcards.nl\/de\/wp-json\/wp\/v2\/comments?post=77656"}],"wp:featuredmedia":[{"embeddable":true,"href":"https:\/\/popcards.nl\/de\/wp-json\/wp\/v2\/media\/77655"}],"wp:attachment":[{"href":"https:\/\/popcards.nl\/de\/wp-json\/wp\/v2\/media?parent=77656"}],"wp:term":[{"taxonomy":"product_brand","embeddable":true,"href":"https:\/\/popcards.nl\/de\/wp-json\/wp\/v2\/product_brand?post=77656"},{"taxonomy":"product_cat","embeddable":true,"href":"https:\/\/popcards.nl\/de\/wp-json\/wp\/v2\/product_cat?post=77656"},{"taxonomy":"product_tag","embeddable":true,"href":"https:\/\/popcards.nl\/de\/wp-json\/wp\/v2\/product_tag?post=77656"}],"curies":[{"name":"wp","href":"https:\/\/api.w.org\/{rel}","templated":true}]}}