{"id":78136,"date":"2024-10-07T21:53:22","date_gmt":"2024-10-07T19:53:22","guid":{"rendered":"https:\/\/popcards.nl\/?post_type=product&#038;p=78136"},"modified":"2026-04-15T11:40:00","modified_gmt":"2026-04-15T09:40:00","slug":"gruskarte-4-blattriges-kleeblatt-fur-hoffnung-glaube-liebe-und-gluck-pop-up-karte","status":"publish","type":"product","link":"https:\/\/popcards.nl\/de\/product\/wenskaart-klavertje-4-voor-hoop-geloof-liefde-en-geluk-pop-up-kaart\/","title":{"rendered":"Gru\u00dfkarte mit 4-bl\u00e4ttrigem Kleeblatt f\u00fcr Hoffnung, Glaube, Liebe und Gl\u00fcck. Pop-up-Karte"},"content":{"rendered":"<p>Das vierbl\u00e4ttrige Kleeblatt ist das Symbol f\u00fcr Gl\u00fcck und Wohlstand. Die 4 Bl\u00e4tter stehen f\u00fcr Hoffnung, Glauben, Liebe und Gl\u00fcck. Und das w\u00fcnschst du dir doch f\u00fcr deine ganze Familie und deine Freunde, oder? Und zwar nicht mit einem einzigen vierbl\u00e4ttrigen Kleeblatt, sondern mit Dutzenden Kleebl\u00e4ttern gleichzeitig. So viele Gl\u00fcckw\u00fcnsche auf einer Popcard m\u00fcssen wahr werden. Die Au\u00dfenseite dieser Pop-up-Karte ist sanft blau mit Glitzer. Darin sind mit einem Laser in Gr\u00fcn und Gold ein vierbl\u00e4ttriges Kleeblatt und die Worte \u201eVIEL GL\u00dcCK\u201c aufgedruckt. Das ergibt einen ganz besonderen Effekt. Beim \u00d6ffnen der Gru\u00dfkarte kommt ein Block voller Kleebl\u00e4tter, einigen Schmetterlingen und dem Text \u201eViel Gl\u00fcck\u201c zum Vorschein: Viel Gl\u00fcck! Auf der Oberfl\u00e4che ist ein Kreis aus vierbl\u00e4ttrigen Kleebl\u00e4ttern aufgedruckt. Eine geschmackvolle Szene. <a href=\"https:\/\/popcards.nl\/de\/kategorie\/blumen-gruskarten\/\">Wir haben viele weitere sch\u00f6ne Garten- und Blumen-Popkarten!<\/a><\/p>\n<p><strong>Gro\u00dfe Kartengr\u00f6\u00dfe 30 \u00d7 20 cm<\/strong>, gefaltet auf 15 \u00d7 20 cm. Mit separater Karte f\u00fcr Ihren Text. Inklusive passendem schicken cremefarbenen Umschlag mit herzf\u00f6rmigem Verschluss. Verpackt im Zellophanbeutel.<\/p>","protected":false},"excerpt":{"rendered":"<p>Het klavertje vier is het symbool voor geluk en voorspoed. De 4 blaadjes staan voor hoop, geloof, liefde en geluk. En dat wens je al je familie en vrienden toch toe? En dan niet met 1 enkel klavertje vier, maar met tientallen klavertjes tegelijk. Zoveel gelukwensen in 1 Popcard moeten wel uitkomen. De buitenkant van [&hellip;]<\/p>\n","protected":false},"featured_media":78062,"comment_status":"open","ping_status":"closed","template":"","meta":{"_iconic_wsb_product_page_order_bump_ids":[[]],"_sku":["8785253683676"],"_iconic_wsb_product_page_bump_modal_ids":[[]]},"product_brand":[],"product_cat":[78,32],"product_tag":[253,252],"class_list":{"0":"post-78136","1":"product","2":"type-product","3":"status-publish","4":"has-post-thumbnail","6":"product_cat-beterschapskaarten-troostkaarten-condoleancekaarten","7":"product_cat-nieuwe-woning-verhuizing-verhuiskaart","8":"product_tag-beterschap","9":"product_tag-troost","11":"first","12":"instock","13":"taxable","14":"shipping-taxable","15":"purchasable","16":"product-type-simple"},"gallery_images":[86438],"_links":{"self":[{"href":"https:\/\/popcards.nl\/de\/wp-json\/wp\/v2\/product\/78136","targetHints":{"allow":["GET"]}}],"collection":[{"href":"https:\/\/popcards.nl\/de\/wp-json\/wp\/v2\/product"}],"about":[{"href":"https:\/\/popcards.nl\/de\/wp-json\/wp\/v2\/types\/product"}],"replies":[{"embeddable":true,"href":"https:\/\/popcards.nl\/de\/wp-json\/wp\/v2\/comments?post=78136"}],"wp:featuredmedia":[{"embeddable":true,"href":"https:\/\/popcards.nl\/de\/wp-json\/wp\/v2\/media\/78062"}],"wp:attachment":[{"href":"https:\/\/popcards.nl\/de\/wp-json\/wp\/v2\/media?parent=78136"}],"wp:term":[{"taxonomy":"product_brand","embeddable":true,"href":"https:\/\/popcards.nl\/de\/wp-json\/wp\/v2\/product_brand?post=78136"},{"taxonomy":"product_cat","embeddable":true,"href":"https:\/\/popcards.nl\/de\/wp-json\/wp\/v2\/product_cat?post=78136"},{"taxonomy":"product_tag","embeddable":true,"href":"https:\/\/popcards.nl\/de\/wp-json\/wp\/v2\/product_tag?post=78136"}],"curies":[{"name":"wp","href":"https:\/\/api.w.org\/{rel}","templated":true}]}}