{"id":78698,"date":"2024-10-20T13:49:14","date_gmt":"2024-10-20T11:49:14","guid":{"rendered":"https:\/\/popcards.nl\/?post_type=product&#038;p=78698"},"modified":"2026-03-18T17:52:53","modified_gmt":"2026-03-18T16:52:53","slug":"groszugiger-freistehender-blumenstraus-mit-rosen-anemonen-und-hyazinthen-als-pop-up-karte","status":"publish","type":"product","link":"https:\/\/popcards.nl\/de\/product\/boeket-rozen-anemonen-hyacinten-pop-up-kaart\/","title":{"rendered":"Gro\u00dfer freistehender Blumenstrau\u00df mit Rosen-, Anemonen- und Hyazinthen-Popup-Karte"},"content":{"rendered":"<p><span data-mce-type=\"bookmark\" style=\"display: inline-block; width: 0px; overflow: hidden; line-height: 0;\" class=\"mce_SELRES_start\"><\/span>Diese einzigartige Pop-up-Blumenkarte unterscheidet sich von unseren \u00fcblichen Popcards und ist eine echte \u00dcberraschung. Sie zeigt eine dreidimensionale, freistehende Vase in gl\u00e4nzendem Delfter Blau mit Reliefdruck im orientalischen Stil, die einen beeindruckend gro\u00dfen Blumenstrau\u00df enth\u00e4lt. Dieser ist gef\u00fcllt mit wundersch\u00f6nen Blumen wie Rosen, Anemonen und pr\u00e4chtig bl\u00fchenden Hyazinthen. Der Strau\u00df ist ebenfalls dreidimensional und kann von allen Seiten betrachtet werden. Das erzeugt einen wundervollen Effekt, und der Empf\u00e4nger wird staunen, dass ein so gro\u00dfer, runder Strau\u00df in einen flachen Umschlag passt. Der Strau\u00df l\u00e4sst sich ganz einfach durch Eindr\u00fccken der Seiten entfalten. Aufgeklappt steht die Karte stabil und freistehend.<\/p>\n<p>Beigef\u00fcgt ist eine separate Karte, auf der Sie eine Nachricht f\u00fcr den gl\u00fccklichen Empf\u00e4nger schreiben k\u00f6nnen. Und ein schicker, transparenter, matter Geschenkumschlag mit \u201eBest Wishes\u201c und einer Rose in Gold bedruckt. Ein wundersch\u00f6nes und komplettes Geschenk zum Verschenken. Sag es mit Blumen! <a href=\"https:\/\/popcards.nl\/de\/kategorie\/blumen-gruskarten\/\">Wir haben viele weitere Blumen-Popup-Karten.<\/a><\/p>\n<p><strong>Gro\u00dfe Kartengr\u00f6\u00dfe<\/strong>, flach 23 cm hoch, 19 cm breit, Durchmesser aufgeklappt 15 cm, 69 Gramm.<br \/>\nInklusive passendem transparent-matten Umschlag. Verpackt im Zellophanbeutel.<\/p>","protected":false},"excerpt":{"rendered":"<p>\ufeffDeze bijzondere pop-up bloemenkaart is anders uitgevoerd dan onze gebruikelijke Popcards, en heel verrassend. Deze pop-up kaart bestaat uit een driedimensionale vrijstaande glanzende Delfts blauwe vaas met in reli\u00ebf oosterse motieven, waarin een imponerende grote bos bloemen staat. Vol met fraaie bloemen, zoals rozen, anemonen en prachtig bloeiende hyacinten. Ook het boeket bloemen is volledig [&hellip;]<\/p>\n","protected":false},"featured_media":78688,"comment_status":"open","ping_status":"closed","template":"","meta":{"_iconic_wsb_product_page_order_bump_ids":[[]],"_sku":["8785253683645"],"_iconic_wsb_product_page_bump_modal_ids":[[]]},"product_brand":[],"product_cat":[47],"product_tag":[287],"class_list":{"0":"post-78698","1":"product","2":"type-product","3":"status-publish","4":"has-post-thumbnail","6":"product_cat-bloemen-bloemenkaarten-wenskaarten","7":"product_tag-grote-pop-up-kaart","9":"first","10":"instock","11":"taxable","12":"shipping-taxable","13":"purchasable","14":"product-type-simple"},"gallery_images":[94176],"_links":{"self":[{"href":"https:\/\/popcards.nl\/de\/wp-json\/wp\/v2\/product\/78698","targetHints":{"allow":["GET"]}}],"collection":[{"href":"https:\/\/popcards.nl\/de\/wp-json\/wp\/v2\/product"}],"about":[{"href":"https:\/\/popcards.nl\/de\/wp-json\/wp\/v2\/types\/product"}],"replies":[{"embeddable":true,"href":"https:\/\/popcards.nl\/de\/wp-json\/wp\/v2\/comments?post=78698"}],"wp:featuredmedia":[{"embeddable":true,"href":"https:\/\/popcards.nl\/de\/wp-json\/wp\/v2\/media\/78688"}],"wp:attachment":[{"href":"https:\/\/popcards.nl\/de\/wp-json\/wp\/v2\/media?parent=78698"}],"wp:term":[{"taxonomy":"product_brand","embeddable":true,"href":"https:\/\/popcards.nl\/de\/wp-json\/wp\/v2\/product_brand?post=78698"},{"taxonomy":"product_cat","embeddable":true,"href":"https:\/\/popcards.nl\/de\/wp-json\/wp\/v2\/product_cat?post=78698"},{"taxonomy":"product_tag","embeddable":true,"href":"https:\/\/popcards.nl\/de\/wp-json\/wp\/v2\/product_tag?post=78698"}],"curies":[{"name":"wp","href":"https:\/\/api.w.org\/{rel}","templated":true}]}}