{"id":78702,"date":"2024-10-20T14:04:15","date_gmt":"2024-10-20T12:04:15","guid":{"rendered":"https:\/\/popcards.nl\/?post_type=product&#038;p=78702"},"modified":"2026-04-29T10:11:07","modified_gmt":"2026-04-29T08:11:07","slug":"groser-straus-rosen-tulpen-nelken-pop-up-karte","status":"publish","type":"product","link":"https:\/\/popcards.nl\/de\/product\/groot-boeket-rozen-tulpen-anjers-pop-up-kaart\/","title":{"rendered":"Gro\u00dfer freistehender Blumenstrau\u00df mit Rosen, Tulpen, Nelken und blauen Trauben in einer Blumenvase-Popup-Karte"},"content":{"rendered":"<p>Diese besondere Pop-up-Blumenkarte unterscheidet sich von unseren \u00fcblichen Popkarten und ist sehr \u00fcberraschend. Diese Pop-up-Karte besteht aus einer dreidimensionalen, freistehenden, mit Blumen dekorierten Vase, die einen eindrucksvollen gro\u00dfen Blumenstrau\u00df enth\u00e4lt. Die Rosen, Tulpen, Nelken und blauen Weintrauben kommen in der Blumenvase wundersch\u00f6n zur Geltung. Auch der Blumenstrau\u00df ist komplett dreidimensional, man kann ihn von allen Seiten betrachten. Das ergibt eine tolle Wirkung und der Beschenkte wird \u00fcberrascht sein, dass ein so umfangreicher runder Strau\u00df in einen flachen Umschlag passt. Im aufgeklappten Zustand steht die Karte v\u00f6llig locker, stabil und frei im Raum.<\/p>\n<p>Beigef\u00fcgt ist eine separate Karte, auf der Sie eine Nachricht f\u00fcr den gl\u00fccklichen Empf\u00e4nger schreiben k\u00f6nnen. Ein wundersch\u00f6ner und kompletter Blumenstrau\u00df zum Verschenken. Oder um es f\u00fcr sich zu behalten. Sag es mit Blumen! <a href=\"https:\/\/popcards.nl\/de\/kategorie\/blumen-gruskarten\/\">Wir haben viele weitere Blumen-Popup-Karten.<\/a><\/p>\n<p>Gro\u00dfes Kartenformat, flach 21 cm hoch, 22 cm breit, Durchmesser aufgeklappt 15 cm, 82 Gramm.<br \/>\nInklusive passendem goldfarbenem Umschlag. Verpackt in einem Zellophanbeutel.<\/p>","protected":false},"excerpt":{"rendered":"<p>Deze bijzondere pop-up bloemenkaart is anders uitgevoerd dan onze gebruikelijke Popcards, en heel verrassend. Deze pop-up kaart bestaat uit een driedimensionale vrijstaande met bloemen gedecoreerde vaas, waarin een imponerende grote bos bloemen staat. De rozen, tulpen, anjers en blauwe druifjes pronken schitterend in de bloemenvaas. Ook het boeket bloemen is volledig driedimensionaal, je kunt er [&hellip;]<\/p>\n","protected":false},"featured_media":78690,"comment_status":"open","ping_status":"closed","template":"","meta":{"_iconic_wsb_product_page_order_bump_ids":[[]],"_sku":["4805388549563"],"_iconic_wsb_product_page_bump_modal_ids":[[]]},"product_brand":[],"product_cat":[47],"product_tag":[287],"class_list":{"0":"post-78702","1":"product","2":"type-product","3":"status-publish","4":"has-post-thumbnail","6":"product_cat-bloemen-bloemenkaarten-wenskaarten","7":"product_tag-grote-pop-up-kaart","9":"first","10":"instock","11":"taxable","12":"shipping-taxable","13":"purchasable","14":"product-type-simple"},"gallery_images":[],"_links":{"self":[{"href":"https:\/\/popcards.nl\/de\/wp-json\/wp\/v2\/product\/78702","targetHints":{"allow":["GET"]}}],"collection":[{"href":"https:\/\/popcards.nl\/de\/wp-json\/wp\/v2\/product"}],"about":[{"href":"https:\/\/popcards.nl\/de\/wp-json\/wp\/v2\/types\/product"}],"replies":[{"embeddable":true,"href":"https:\/\/popcards.nl\/de\/wp-json\/wp\/v2\/comments?post=78702"}],"wp:featuredmedia":[{"embeddable":true,"href":"https:\/\/popcards.nl\/de\/wp-json\/wp\/v2\/media\/78690"}],"wp:attachment":[{"href":"https:\/\/popcards.nl\/de\/wp-json\/wp\/v2\/media?parent=78702"}],"wp:term":[{"taxonomy":"product_brand","embeddable":true,"href":"https:\/\/popcards.nl\/de\/wp-json\/wp\/v2\/product_brand?post=78702"},{"taxonomy":"product_cat","embeddable":true,"href":"https:\/\/popcards.nl\/de\/wp-json\/wp\/v2\/product_cat?post=78702"},{"taxonomy":"product_tag","embeddable":true,"href":"https:\/\/popcards.nl\/de\/wp-json\/wp\/v2\/product_tag?post=78702"}],"curies":[{"name":"wp","href":"https:\/\/api.w.org\/{rel}","templated":true}]}}