{"id":78707,"date":"2024-10-20T15:10:32","date_gmt":"2024-10-20T13:10:32","guid":{"rendered":"https:\/\/popcards.nl\/?post_type=product&#038;p=78707"},"modified":"2026-04-21T15:26:43","modified_gmt":"2026-04-21T13:26:43","slug":"sonnenblumen-hortensien-maiglockchen-popup-karte","status":"publish","type":"product","link":"https:\/\/popcards.nl\/de\/product\/zonnebloemen-hortensia-lelietje-van-dalen-pop-up-kaart\/","title":{"rendered":"Gro\u00dfer freistehender Blumenstrau\u00df mit Sonnenblumen, Hortensien und Maigl\u00f6ckchen-Popup-Karte"},"content":{"rendered":"<p>Diese besondere Pop-up-Blumenkarte unterscheidet sich von unseren \u00fcblichen Popkarten und ist sehr \u00fcberraschend. Diese Pop-up-Karte besteht aus einer dreidimensionalen, freistehenden, mit Blumen dekorierten Vase, die einen beeindruckend gro\u00dfen Blumenstrau\u00df enth\u00e4lt. Bewundern Sie die wundersch\u00f6nen bl\u00fchenden Sonnenblumen, Hortensien und Maigl\u00f6ckchen. Auch der Blumenstrau\u00df ist komplett dreidimensional, man kann ihn von allen Seiten betrachten. Das ergibt eine tolle Wirkung und der Beschenkte wird \u00fcberrascht sein, dass ein so umfangreicher runder Strau\u00df in einen flachen Umschlag passt. Im aufgeklappten Zustand steht die Karte v\u00f6llig locker, stabil und frei im Raum.<\/p>\n<p>Beigef\u00fcgt ist eine separate Karte, auf der Sie eine Nachricht f\u00fcr den gl\u00fccklichen Empf\u00e4nger schreiben k\u00f6nnen. Ein wundersch\u00f6ner und kompletter Blumenstrau\u00df zum Verschenken. Oder um es f\u00fcr sich zu behalten. Sag es mit Blumen! <a href=\"https:\/\/popcards.nl\/de\/kategorie\/blumen-gruskarten\/\">Wir haben viele weitere Blumen-Popup-Karten.<\/a><\/p>\n<p><strong>Gro\u00dfe Kartengr\u00f6\u00dfe<\/strong>, flach 23 cm hoch, 22 cm breit, Durchmesser aufgeklappt 15 cm, 87 Gramm.<\/p>","protected":false},"excerpt":{"rendered":"<p>Deze bijzondere pop-up bloemenkaart is anders uitgevoerd dan onze gebruikelijke Popcards, en heel verrassend. Deze pop-up kaart bestaat uit een driedimensionale vrijstaande met bloemen gedecoreerde vaas, waarin een imponerende grote bos bloemen staat. Bewonder de schitterende bloeiende zonnebloemen, de hortensia\u2019s en het lelietje van Dalen. Ook het boeket bloemen is volledig driedimensionaal, je kunt er [&hellip;]<\/p>\n","protected":false},"featured_media":78691,"comment_status":"open","ping_status":"closed","template":"","meta":{"_iconic_wsb_product_page_order_bump_ids":[[]],"_sku":["8945005027398"],"_iconic_wsb_product_page_bump_modal_ids":[[]]},"product_brand":[],"product_cat":[47],"product_tag":[287],"class_list":{"0":"post-78707","1":"product","2":"type-product","3":"status-publish","4":"has-post-thumbnail","6":"product_cat-bloemen-bloemenkaarten-wenskaarten","7":"product_tag-grote-pop-up-kaart","9":"first","10":"instock","11":"sale","12":"taxable","13":"shipping-taxable","14":"purchasable","15":"product-type-simple"},"gallery_images":[],"_links":{"self":[{"href":"https:\/\/popcards.nl\/de\/wp-json\/wp\/v2\/product\/78707","targetHints":{"allow":["GET"]}}],"collection":[{"href":"https:\/\/popcards.nl\/de\/wp-json\/wp\/v2\/product"}],"about":[{"href":"https:\/\/popcards.nl\/de\/wp-json\/wp\/v2\/types\/product"}],"replies":[{"embeddable":true,"href":"https:\/\/popcards.nl\/de\/wp-json\/wp\/v2\/comments?post=78707"}],"wp:featuredmedia":[{"embeddable":true,"href":"https:\/\/popcards.nl\/de\/wp-json\/wp\/v2\/media\/78691"}],"wp:attachment":[{"href":"https:\/\/popcards.nl\/de\/wp-json\/wp\/v2\/media?parent=78707"}],"wp:term":[{"taxonomy":"product_brand","embeddable":true,"href":"https:\/\/popcards.nl\/de\/wp-json\/wp\/v2\/product_brand?post=78707"},{"taxonomy":"product_cat","embeddable":true,"href":"https:\/\/popcards.nl\/de\/wp-json\/wp\/v2\/product_cat?post=78707"},{"taxonomy":"product_tag","embeddable":true,"href":"https:\/\/popcards.nl\/de\/wp-json\/wp\/v2\/product_tag?post=78707"}],"curies":[{"name":"wp","href":"https:\/\/api.w.org\/{rel}","templated":true}]}}