{"id":78730,"date":"2024-10-20T21:52:37","date_gmt":"2024-10-20T19:52:37","guid":{"rendered":"https:\/\/popcards.nl\/?post_type=product&#038;p=78730"},"modified":"2025-06-06T16:43:02","modified_gmt":"2025-06-06T14:43:02","slug":"pop-up-gruskarte-tor-europapokal-europapokal-fusball","status":"publish","type":"product","link":"https:\/\/popcards.nl\/de\/product\/ek-wk-europacup-voetbal-pop-up-kaart-wenskaart\/","title":{"rendered":"Ziel! Gro\u00dfe Europameisterschaft, Weltmeisterschaft, Fu\u00dfball-Europameisterschaft, Pop-up-Karte, 3D-Gru\u00dfkarte"},"content":{"rendered":"<p>Ziel, Ziel! Bist du verr\u00fcckt nach Fu\u00dfball oder kennst du jemanden, der ein Fu\u00dfballfan ist? Dann ist diese gro\u00dfe Pop-up-Gru\u00dfkarte das ideale Geschenk! Die Vorderseite der Gru\u00dfkarte ist wundersch\u00f6n mit einem auff\u00e4lligen Fu\u00dfball gestaltet und l\u00e4sst bereits das \u00fcberraschende Innere erahnen. Nicht weniger als 6 Fu\u00dfballspieler, ein Ball und ein Tor erscheinen automatisch, sobald Sie die Karte aufklappen. Sehr beeindruckend und voller Dynamik. Ziel! Welche Spieler sind das? Vielleicht Pel\u00e9, Ronaldo, Zidane, Messi oder Mbapp\u00e9. Sch\u00f6n zu geben, aber auch lustig zu empfangen. F\u00fcr jeden Topscorer, ob jung oder alt. Der Gru\u00dfkarte liegt eine separate Schreibkarte bei, auf die Sie Ihren pers\u00f6nlichen Text schreiben k\u00f6nnen. <a href=\"https:\/\/popcards.nl\/de\/product\/tor-em-wm-europameisterschaft-fusball-pop-up-gruskarte\/\">Wir haben auch noch eine Fu\u00dfball-Gru\u00dfkarte.<\/a><\/p>\n<p>Kartengr\u00f6\u00dfe 30 \u00d7 20 cm, gefaltet auf 15 \u00d7 20 cm. Mit separater Karte f\u00fcr Ihren Text.<br \/>\nInklusive goldfarbenem Umschlag, verpackt in Cellophanbeutel.<\/p>","protected":false},"excerpt":{"rendered":"<p>Goal, doelpunt! Ben je helemaal gek van voetbal of ken je iemand die voetbalfanaat is? Dan is deze grote pop-up wenskaart het ideale cadeau! De voorzijde van de wenskaart is schitterend vormgegeven met een flitsende voetbal en hint al een beetje naar de verrassende binnenzijde. Maar liefst 6 voetballers, een bal \u00e9n een doel komen [&hellip;]<\/p>\n","protected":false},"featured_media":78687,"comment_status":"open","ping_status":"closed","template":"","meta":{"_iconic_wsb_product_page_order_bump_ids":[[]],"_sku":["4805388550149"],"_iconic_wsb_product_page_bump_modal_ids":[[]]},"product_brand":[],"product_cat":[149],"product_tag":[150],"class_list":{"0":"post-78730","1":"product","2":"type-product","3":"status-publish","4":"has-post-thumbnail","6":"product_cat-sport-voetballen-fietsen-golfen-wenskaarten","7":"product_tag-sport","9":"first","10":"outofstock","11":"taxable","12":"shipping-taxable","13":"purchasable","14":"product-type-simple"},"gallery_images":[78694],"_links":{"self":[{"href":"https:\/\/popcards.nl\/de\/wp-json\/wp\/v2\/product\/78730","targetHints":{"allow":["GET"]}}],"collection":[{"href":"https:\/\/popcards.nl\/de\/wp-json\/wp\/v2\/product"}],"about":[{"href":"https:\/\/popcards.nl\/de\/wp-json\/wp\/v2\/types\/product"}],"replies":[{"embeddable":true,"href":"https:\/\/popcards.nl\/de\/wp-json\/wp\/v2\/comments?post=78730"}],"wp:featuredmedia":[{"embeddable":true,"href":"https:\/\/popcards.nl\/de\/wp-json\/wp\/v2\/media\/78687"}],"wp:attachment":[{"href":"https:\/\/popcards.nl\/de\/wp-json\/wp\/v2\/media?parent=78730"}],"wp:term":[{"taxonomy":"product_brand","embeddable":true,"href":"https:\/\/popcards.nl\/de\/wp-json\/wp\/v2\/product_brand?post=78730"},{"taxonomy":"product_cat","embeddable":true,"href":"https:\/\/popcards.nl\/de\/wp-json\/wp\/v2\/product_cat?post=78730"},{"taxonomy":"product_tag","embeddable":true,"href":"https:\/\/popcards.nl\/de\/wp-json\/wp\/v2\/product_tag?post=78730"}],"curies":[{"name":"wp","href":"https:\/\/api.w.org\/{rel}","templated":true}]}}