{"id":83404,"date":"2025-01-20T22:27:06","date_gmt":"2025-01-20T21:27:06","guid":{"rendered":"https:\/\/popcards.nl\/?post_type=product&#038;p=83404"},"modified":"2026-04-16T17:21:39","modified_gmt":"2026-04-16T15:21:39","slug":"gelbe-narzisse-mit-libelle-pop-up-karte-gruskarte","status":"publish","type":"product","link":"https:\/\/popcards.nl\/de\/product\/gele-narcis-met-libelle-pop-up-kaart-wenskaart\/","title":{"rendered":"Pop-up-Karte mit gelben Narzissenbl\u00fcten und Libellen"},"content":{"rendered":"<p>Diese Pop-up-Karte zeigt eine wundersch\u00f6ne Illustration von Narzissen mit einer Libelle auf der Vorderseite. Beim \u00d6ffnen der Popcard entfaltet sich auf einem Kranz aus Narzissen eine gro\u00dfe Narzisse mit einer wundersch\u00f6nen Libelle im Herzen. Diese Libelle verleiht der wundersch\u00f6nen Narzisse eine zus\u00e4tzliche Dimension. Beachten Sie die fluoreszierenden, durchbrochenen Fl\u00fcgel! Der Hintergrund ist ein Aquarell in Pastellt\u00f6nen mit Libellen.<\/p>\n<p>Die Narzisse symbolisiert Wiedergeburt, Erneuerung, Hoffnung und Neuanfang. Sie ist eine der ersten Blumen, die am Ende des Winters bl\u00fcht und den Beginn des Fr\u00fchlings ank\u00fcndigt und eine positive Ver\u00e4nderung verspricht.<\/p>\n<p>Die Libelle steht f\u00fcr Transformation und Anpassungsf\u00e4higkeit. Mit Fl\u00fcgeln, die den Fl\u00fcgeln von Elfen \u00e4hneln, fliegen sie schnell und wendig durch die Luft. Wenn sich Ihnen eine Libelle zeigt, sind Sie eingeladen, sich zu verwandeln, neue Schritte zu unternehmen und sich weiterzuentwickeln.<br \/>\nDiese Pop-up-Karte ist nicht nur eine sch\u00f6ne und liebevolle M\u00f6glichkeit, jemanden zu \u00fcberraschen, sondern auch eine inspirierende Erinnerung an die Kraft und Positivit\u00e4t der Natur.<\/p>\n<p>Kartengr\u00f6\u00dfe 26 \u00d7 18 cm, gefaltet auf 13 \u00d7 18 cm.<br \/>\nInklusive passendem Umschlag, verpackt in einem Zellophanbeutel.<\/p>","protected":false},"excerpt":{"rendered":"<p>Deze pop-up kaart toont op de voorzijde een prachtige illustratie van narcissen met een libelle. Als je de Popcard openslaat ontvouwt zich op een krans van narcissen een grote narcis met in het hart een prachtige libelle. Deze libelle geeft een extra dimensie aan de prachtige narcis. Let op de fluorescerende opengewerkte vleugels! De ondergrond [&hellip;]<\/p>\n","protected":false},"featured_media":83090,"comment_status":"open","ping_status":"closed","template":"","meta":{"_iconic_wsb_product_page_order_bump_ids":[[]],"_sku":["8785253684734"],"_iconic_wsb_product_page_bump_modal_ids":[[]]},"product_brand":[],"product_cat":[47,21],"product_tag":[48],"class_list":{"0":"post-83404","1":"product","2":"type-product","3":"status-publish","4":"has-post-thumbnail","6":"product_cat-bloemen-bloemenkaarten-wenskaarten","7":"product_cat-dieren-dierenkaarten-wenskaarten","8":"product_tag-bloemen","10":"first","11":"instock","12":"sale","13":"taxable","14":"shipping-taxable","15":"purchasable","16":"product-type-simple"},"gallery_images":[83089,83679],"_links":{"self":[{"href":"https:\/\/popcards.nl\/de\/wp-json\/wp\/v2\/product\/83404","targetHints":{"allow":["GET"]}}],"collection":[{"href":"https:\/\/popcards.nl\/de\/wp-json\/wp\/v2\/product"}],"about":[{"href":"https:\/\/popcards.nl\/de\/wp-json\/wp\/v2\/types\/product"}],"replies":[{"embeddable":true,"href":"https:\/\/popcards.nl\/de\/wp-json\/wp\/v2\/comments?post=83404"}],"wp:featuredmedia":[{"embeddable":true,"href":"https:\/\/popcards.nl\/de\/wp-json\/wp\/v2\/media\/83090"}],"wp:attachment":[{"href":"https:\/\/popcards.nl\/de\/wp-json\/wp\/v2\/media?parent=83404"}],"wp:term":[{"taxonomy":"product_brand","embeddable":true,"href":"https:\/\/popcards.nl\/de\/wp-json\/wp\/v2\/product_brand?post=83404"},{"taxonomy":"product_cat","embeddable":true,"href":"https:\/\/popcards.nl\/de\/wp-json\/wp\/v2\/product_cat?post=83404"},{"taxonomy":"product_tag","embeddable":true,"href":"https:\/\/popcards.nl\/de\/wp-json\/wp\/v2\/product_tag?post=83404"}],"curies":[{"name":"wp","href":"https:\/\/api.w.org\/{rel}","templated":true}]}}