{"id":83455,"date":"2025-01-21T20:55:14","date_gmt":"2025-01-21T19:55:14","guid":{"rendered":"https:\/\/popcards.nl\/?post_type=product&#038;p=83455"},"modified":"2026-04-28T09:12:34","modified_gmt":"2026-04-28T07:12:34","slug":"ganseblumchen-ringelblumen-schmetterlings-popup-karte","status":"publish","type":"product","link":"https:\/\/popcards.nl\/de\/product\/margriet-goudsbloemen-vlinders-pop-up-kaart\/","title":{"rendered":"Gro\u00dfe Pop-up-Karte mit gelben G\u00e4nsebl\u00fcmchen, Ringelblumen und Schmetterlingen"},"content":{"rendered":"<p>Diese wundersch\u00f6ne gro\u00dfe Blumen-Popup-Karte zeigt auf der gr\u00fcnen Vorderseite eine liebevolle Illustration einer Ringelblume, umrahmt von 3 Schmetterlingen. Diese sanft gl\u00e4nzende Illustration ist in den mattgr\u00fcnen Hintergrund eingelegt, was einen \u00fcberraschenden Effekt erzeugt. Die Innenseite ist mit einer Illustration in sanften T\u00f6nen mit Ringelblumen und Schmetterlingen versehen. Das Pop-up ist eine beeindruckende Komposition aus Dutzenden Ringelblumen, die zusammen einen wundersch\u00f6nen Strau\u00df bilden. So viele Blumen auf einer Gru\u00dfkarte: Fragen Sie nicht, wie das m\u00f6glich ist, sondern freuen Sie sich einfach dar\u00fcber! An den Ringelblumen sind zwei Schmetterlinge mit frei beweglichen Fl\u00fcgeln befestigt. Ein wahres Kunstwerk.<\/p>\n<p>Die gelb-orangen Bl\u00fcten der Ringelblume stehen f\u00fcr Fr\u00f6hlichkeit, Optimismus und Lebensfreude. Es steigert die Lust auf Aktivit\u00e4t. Die gelben Bl\u00e4tter stehen f\u00fcr Aufkl\u00e4rung, Anregung, Erw\u00e4rmung und Aufmunterung.<\/p>\n<p>Ringelblumen werden oft mit der Sonne in Verbindung gebracht und stehen f\u00fcr die Kraft, St\u00e4rke und das Licht, das im Inneren eines Menschen lebt. Die Ringelblume ist auch zum Symbol f\u00fcr ein Gef\u00fchl verzweifelter Liebe geworden. F\u00fcr den Fall, dass Sie einen geliebten Menschen verloren haben, sei es durch den Tod oder die zerbrochene Beziehung. Der Extrakt der Ringelblume wirkt entz\u00fcndungshemmend und wundheilend. Die Ringelblume wurde 2009 zur Arzneipflanze des Jahres gek\u00fcrt.<\/p>\n<p><strong>Gro\u00dfe Kartengr\u00f6\u00dfe<\/strong> 30 \u00d7 20 cm, gefaltet auf 15 \u00d7 20 cm.<br \/>\nInklusive passendem Umschlag, verpackt in einem Zellophanbeutel.<\/p>","protected":false},"excerpt":{"rendered":"<p>Deze prachtige grote bloemen pop-up kaart toont op de groene voorzijde een fraaie illustratie van een goudsbloemen, omlijst door 3 vlinders. Deze zachtglanzende illustratie is verdiept ingelegd in de matte groene ondergrond, wat een verrassend effect geeft. De binnenkant heeft als ondergrond een illustratie in zachte tinten met goudsbloemen en vlinders. De pop-up is een [&hellip;]<\/p>\n","protected":false},"featured_media":83085,"comment_status":"open","ping_status":"closed","template":"","meta":{"_iconic_wsb_product_page_order_bump_ids":[[]],"_sku":["4805388548979"],"_iconic_wsb_product_page_bump_modal_ids":[[]]},"product_brand":[],"product_cat":[47],"product_tag":[48],"class_list":{"0":"post-83455","1":"product","2":"type-product","3":"status-publish","4":"has-post-thumbnail","6":"product_cat-bloemen-bloemenkaarten-wenskaarten","7":"product_tag-bloemen","9":"first","10":"instock","11":"taxable","12":"shipping-taxable","13":"purchasable","14":"product-type-simple"},"gallery_images":[83680],"_links":{"self":[{"href":"https:\/\/popcards.nl\/de\/wp-json\/wp\/v2\/product\/83455","targetHints":{"allow":["GET"]}}],"collection":[{"href":"https:\/\/popcards.nl\/de\/wp-json\/wp\/v2\/product"}],"about":[{"href":"https:\/\/popcards.nl\/de\/wp-json\/wp\/v2\/types\/product"}],"replies":[{"embeddable":true,"href":"https:\/\/popcards.nl\/de\/wp-json\/wp\/v2\/comments?post=83455"}],"wp:featuredmedia":[{"embeddable":true,"href":"https:\/\/popcards.nl\/de\/wp-json\/wp\/v2\/media\/83085"}],"wp:attachment":[{"href":"https:\/\/popcards.nl\/de\/wp-json\/wp\/v2\/media?parent=83455"}],"wp:term":[{"taxonomy":"product_brand","embeddable":true,"href":"https:\/\/popcards.nl\/de\/wp-json\/wp\/v2\/product_brand?post=83455"},{"taxonomy":"product_cat","embeddable":true,"href":"https:\/\/popcards.nl\/de\/wp-json\/wp\/v2\/product_cat?post=83455"},{"taxonomy":"product_tag","embeddable":true,"href":"https:\/\/popcards.nl\/de\/wp-json\/wp\/v2\/product_tag?post=83455"}],"curies":[{"name":"wp","href":"https:\/\/api.w.org\/{rel}","templated":true}]}}