{"id":89955,"date":"2025-07-03T20:44:31","date_gmt":"2025-07-03T18:44:31","guid":{"rendered":"https:\/\/popcards.nl\/?post_type=product&#038;p=89955"},"modified":"2025-12-24T18:18:49","modified_gmt":"2025-12-24T17:18:49","slug":"super-grose-weihnachtsstraus-weihnachtssterne-weihnachtskarte","status":"publish","type":"product","link":"https:\/\/popcards.nl\/de\/product\/supergroot-kerstboeket-kerststerren-kerstkaart\/","title":{"rendered":"Supergro\u00dfer freistehender Weihnachtsstrau\u00df: Weihnachtssterne in einer Vase, Pop-up-Weihnachtskarte"},"content":{"rendered":"<p>Diese einzigartige Pop-up-Blumenkarte unterscheidet sich von unseren \u00fcblichen Pop-up-Karten und ist eine echte \u00dcberraschung. Sie zeigt eine dreidimensionale, freistehende Vase, dekoriert mit Weihnachtssternen, in der ein beeindruckend gro\u00dfer Strau\u00df rot-wei\u00dfer Weihnachtssterne mit roten Beeren steckt. Dieser Blumenstrau\u00df ist komplett dreidimensional und kann von allen Seiten betrachtet werden. Das erzeugt einen wundersch\u00f6nen Effekt, und der Empf\u00e4nger wird staunen, dass ein so gro\u00dfer, runder Strau\u00df in einen flachen Umschlag passt. Im aufgefalteten Zustand steht der Strau\u00df v\u00f6llig frei, stabil und frei. Ein gro\u00dfer Weihnachtsstrau\u00df! Eine Weihnachtskarte, die wirklich Eindruck macht!<\/p>\n<p>Eine separate Karte ist im Lieferumfang enthalten, auf der Sie eine Nachricht f\u00fcr den gl\u00fccklichen Empf\u00e4nger schreiben k\u00f6nnen. Ein wundersch\u00f6ner und kompletter Weihnachtsstrau\u00df zum Verschenken. Oder zum Selbstbehalten. Sagen Sie es mit Blumen! <a href=\"https:\/\/popcards.nl\/de\/kategorie\/die-10-schonsten-weihnachtskarten\/\">Wir haben noch viele weitere Pop-Up-Weihnachtskarten.<\/a><\/p>\n<p>Supergro\u00dfes Kartenformat, 30 cm hoch flach, 20 cm breit, Durchmesser aufgefaltet 20 cm.<br \/>\nInklusive passendem goldfarbenem Umschlag. Verpackt in einem Zellophanbeutel.<\/p>","protected":false},"excerpt":{"rendered":"<p>Deze bijzondere pop-up bloemenkaart is anders uitgevoerd dan onze gebruikelijke Popcards, en heel verrassend. Deze pop-up kaart bestaat uit een driedimensionale vrijstaande met kerststerren gedecoreerde vaas, waarin een imponerende grote bos rode en witte kerststerren met rode bessen staat. Dit boeket bloemen is volledig driedimensionaal, je kunt er rondom van alle kanten naar kijken. Dat [&hellip;]<\/p>\n","protected":false},"featured_media":89957,"comment_status":"open","ping_status":"closed","template":"","meta":{"_iconic_wsb_product_page_order_bump_ids":[[]],"_sku":["4805388557001"],"_iconic_wsb_product_page_bump_modal_ids":[[]]},"product_brand":[],"product_cat":[79],"product_tag":[131],"class_list":{"0":"post-89955","1":"product","2":"type-product","3":"status-publish","4":"has-post-thumbnail","6":"product_cat-de-top-10-mooiste-kerstkaarten","7":"product_tag-kerst","9":"first","10":"outofstock","11":"taxable","12":"shipping-taxable","13":"purchasable","14":"product-type-simple"},"gallery_images":[93738],"_links":{"self":[{"href":"https:\/\/popcards.nl\/de\/wp-json\/wp\/v2\/product\/89955","targetHints":{"allow":["GET"]}}],"collection":[{"href":"https:\/\/popcards.nl\/de\/wp-json\/wp\/v2\/product"}],"about":[{"href":"https:\/\/popcards.nl\/de\/wp-json\/wp\/v2\/types\/product"}],"replies":[{"embeddable":true,"href":"https:\/\/popcards.nl\/de\/wp-json\/wp\/v2\/comments?post=89955"}],"wp:featuredmedia":[{"embeddable":true,"href":"https:\/\/popcards.nl\/de\/wp-json\/wp\/v2\/media\/89957"}],"wp:attachment":[{"href":"https:\/\/popcards.nl\/de\/wp-json\/wp\/v2\/media?parent=89955"}],"wp:term":[{"taxonomy":"product_brand","embeddable":true,"href":"https:\/\/popcards.nl\/de\/wp-json\/wp\/v2\/product_brand?post=89955"},{"taxonomy":"product_cat","embeddable":true,"href":"https:\/\/popcards.nl\/de\/wp-json\/wp\/v2\/product_cat?post=89955"},{"taxonomy":"product_tag","embeddable":true,"href":"https:\/\/popcards.nl\/de\/wp-json\/wp\/v2\/product_tag?post=89955"}],"curies":[{"name":"wp","href":"https:\/\/api.w.org\/{rel}","templated":true}]}}