{"id":89996,"date":"2025-07-04T16:38:48","date_gmt":"2025-07-04T14:38:48","guid":{"rendered":"https:\/\/popcards.nl\/?post_type=product&#038;p=89996"},"modified":"2026-04-11T14:33:42","modified_gmt":"2026-04-11T12:33:42","slug":"gruskartenfeld-mit-sonnenblumen-und-schmetterlingen","status":"publish","type":"product","link":"https:\/\/popcards.nl\/de\/product\/wenskaart-veld-met-zonnebloemen-en-vlinders\/","title":{"rendered":"Popup-Gru\u00dfkarte \u201eEin Feld voller Sonnenblumen und Schmetterlinge\u201c"},"content":{"rendered":"<p>Was f\u00fcr eine wundersch\u00f6ne Pop-up-Karte! Wirklich sehr beeindruckend, so viele Sonnenblumen mit sehr raffinierten Details.<\/p>\n<p>Diese gro\u00dfe Popcard zeigt eine wundersch\u00f6ne Illustration von Sonnenblumen und einem flauschigen Ball auf der Vorderseite. Beim \u00d6ffnen der Popcard entfaltet sich ein Feld mit Dutzenden von Sonnenblumen. Die Schmetterlinge bilden einen farbigen Kontrast zu den Sonnenblumen. Der Hintergrund ist ebenfalls mit Sonnenblumen bedruckt. Eine fr\u00f6hliche Komposition eines kompletten Sonnenblumenfeldes.<\/p>\n<p>Sonnenblumen werden oft mit der Sonne in Verbindung gebracht, da ihre leuchtend gelben Bl\u00fctenbl\u00e4tter Sonnenstrahlen \u00e4hneln und die Pflanze sich der Sonne zuwenden kann. Die Sonnenblume symbolisiert Gl\u00fcck, Liebe, Vertrauen, Bewunderung, St\u00e4rke und die Sonne. Das Symbol der Liebe stammt aus der griechischen Mythologie. Die Wassernymphe Klytia verliebte sich in den Sonnengott Apollo. Als Apollo sie in eine Blume verwandelte, folgte sie stets verliebt der Richtung der Sonne.<\/p>\n<p>Diese Pop-up-Karte ist nicht nur eine sch\u00f6ne und liebevolle M\u00f6glichkeit, jemanden zu \u00fcberraschen, sondern auch eine inspirierende Erinnerung an die Kraft und Positivit\u00e4t der Natur.<\/p>\n<p>Gro\u00dfes Kartenformat 30 \u00d7 20 cm, gefaltet auf 15 \u00d7 20 cm.<br \/>\nInklusive passendem Umschlag, verpackt in einem Zellophanbeutel.<\/p>","protected":false},"excerpt":{"rendered":"<p>Wat een fraaie volle pop-up kaart is dit! Echt heel erg indrukwekkend zoveel zonnebloemen, met heel verfijnde details. Deze grote Popcard toont op de voorzijde een fraaie illustratie van zonnebloemen en een pluizebol. Als je de Popcard openslaat ontvouwt zich een veld van tientallen zonnebloemen. De vlindertjes geven een gekleurd contrast aan de zonnebloemen. De [&hellip;]<\/p>\n","protected":false},"featured_media":89429,"comment_status":"open","ping_status":"closed","template":"","meta":{"_iconic_wsb_product_page_order_bump_ids":[[]],"_sku":["4805388547873"],"_iconic_wsb_product_page_bump_modal_ids":[[]]},"product_brand":[],"product_cat":[47],"product_tag":[48],"class_list":{"0":"post-89996","1":"product","2":"type-product","3":"status-publish","4":"has-post-thumbnail","6":"product_cat-bloemen-bloemenkaarten-wenskaarten","7":"product_tag-bloemen","9":"first","10":"instock","11":"taxable","12":"shipping-taxable","13":"purchasable","14":"product-type-simple"},"gallery_images":[89430,89997,93734],"_links":{"self":[{"href":"https:\/\/popcards.nl\/de\/wp-json\/wp\/v2\/product\/89996","targetHints":{"allow":["GET"]}}],"collection":[{"href":"https:\/\/popcards.nl\/de\/wp-json\/wp\/v2\/product"}],"about":[{"href":"https:\/\/popcards.nl\/de\/wp-json\/wp\/v2\/types\/product"}],"replies":[{"embeddable":true,"href":"https:\/\/popcards.nl\/de\/wp-json\/wp\/v2\/comments?post=89996"}],"wp:featuredmedia":[{"embeddable":true,"href":"https:\/\/popcards.nl\/de\/wp-json\/wp\/v2\/media\/89429"}],"wp:attachment":[{"href":"https:\/\/popcards.nl\/de\/wp-json\/wp\/v2\/media?parent=89996"}],"wp:term":[{"taxonomy":"product_brand","embeddable":true,"href":"https:\/\/popcards.nl\/de\/wp-json\/wp\/v2\/product_brand?post=89996"},{"taxonomy":"product_cat","embeddable":true,"href":"https:\/\/popcards.nl\/de\/wp-json\/wp\/v2\/product_cat?post=89996"},{"taxonomy":"product_tag","embeddable":true,"href":"https:\/\/popcards.nl\/de\/wp-json\/wp\/v2\/product_tag?post=89996"}],"curies":[{"name":"wp","href":"https:\/\/api.w.org\/{rel}","templated":true}]}}