{"id":90000,"date":"2025-07-04T17:17:22","date_gmt":"2025-07-04T15:17:22","guid":{"rendered":"https:\/\/popcards.nl\/?post_type=product&#038;p=90000"},"modified":"2026-04-22T17:50:04","modified_gmt":"2026-04-22T15:50:04","slug":"tulpenfeld-bunte-tulpen-pop-up-gruskarte","status":"publish","type":"product","link":"https:\/\/popcards.nl\/de\/product\/tulpenveld-kleurrijke-tulpen-pop-up-wenskaart\/","title":{"rendered":"Gro\u00dfes Tulpenfeld voller bunter Tulpen-Popup-Karte"},"content":{"rendered":"<p>Was f\u00fcr eine wundersch\u00f6ne Pop-up-Karte! Wirklich sehr beeindruckend, so viele Tulpen mit sehr raffinierten Details.<\/p>\n<p>Diese gro\u00dfe Popcard zeigt auf der Vorderseite eine wundersch\u00f6ne Illustration von Tulpen und Schmetterlingen. Wenn Sie die Pop-up-Karte \u00f6ffnen, entfaltet sich ein Feld mit Dutzenden von Tulpen in wundersch\u00f6nen leuchtenden Farben. Die Schmetterlinge verleihen dem Tulpenfeld einen \u00fcberraschenden Effekt. Der Hintergrund ist ebenfalls mit Tulpen bedruckt. Die Tulpen bilden eine farbenfrohe Komposition, in der es viel zu entdecken gibt. Diese 3D-Karte erweckt eine Explosion aus Farben und Formen zum Leben, und jede Tulpe mit ihrer einzigartigen Farbe und Form erz\u00e4hlt ihre eigene Geschichte. Jede Tulpe hat sorgf\u00e4ltig ihre eigene Farbe, Gr\u00f6\u00dfe und Position erhalten. Es gibt leuchtend rote Tulpen, zartrosa Exemplare, sonnig gelbe Bl\u00fcten und sogar tiefviolette oder wei\u00dfe Tulpen, die ins Auge fallen. Wer diese Gru\u00dfkarte erh\u00e4lt, wird sich f\u00fchlen, als w\u00fcrde er ein Feld voller Fr\u00fchlingsblumen betreten, unabh\u00e4ngig von der Jahreszeit.<\/p>\n<p>Diese Pop-up-Karte mit verschiedenen Tulpen ist nicht nur eine Augenweide, sondern auch ein liebevoll ausgew\u00e4hltes Geschenk. Ob Geburtstag, Jubil\u00e4um, Dankesch\u00f6n oder einfach so: Die Karte tr\u00e4gt eine Botschaft der Hoffnung, Liebe und Verbundenheit.<\/p>\n<p><strong>In dieser Pop-up-Karte mit vielen verschiedenen Tulpen ist jeder Farbton bedeutungsvoll<\/strong><br \/>\n\u00b7 Rot: Leidenschaftliche Liebe und Romantik<br \/>\n\u00b7 Gelb: Freundschaft, Fr\u00f6hlichkeit und Sonnenschein<br \/>\n\u00b7 Rosa: Z\u00e4rtlichkeit, Gl\u00fcck und Bewunderung<br \/>\n\u00b7 Wei\u00df: Reinheit, Vergebung und neue M\u00f6glichkeiten<br \/>\n\u00b7 Lila: K\u00f6niglichkeit, Bewunderung und W\u00fcrde<\/p>\n<p><strong>Gro\u00df<\/strong> Kartengr\u00f6\u00dfe 30 \u00d7 20 cm, gefaltet auf 15 \u00d7 20 cm.<br \/>\nInklusive passendem Umschlag, verpackt in einem Zellophanbeutel.<\/p>","protected":false},"excerpt":{"rendered":"<p>Wat een fraaie volle pop-up kaart is dit! Echt heel erg indrukwekkend zoveel tulpen, met heel verfijnde details. Deze grote Popcard toont op de voorzijde een fraaie illustratie van tulpen en vlinders. Als je de pop-up kaart openslaat ontvouwt zich een veld van tientallen tulpen in prachtige bonte kleuren. De vlindertjes geven een verrassend effect [&hellip;]<\/p>\n","protected":false},"featured_media":90104,"comment_status":"open","ping_status":"closed","template":"","meta":{"_iconic_wsb_product_page_order_bump_ids":[[]],"_sku":["4805388547897"],"_iconic_wsb_product_page_bump_modal_ids":[[]]},"product_brand":[],"product_cat":[47],"product_tag":[],"class_list":{"0":"post-90000","1":"product","2":"type-product","3":"status-publish","4":"has-post-thumbnail","6":"product_cat-bloemen-bloemenkaarten-wenskaarten","8":"first","9":"instock","10":"taxable","11":"shipping-taxable","12":"purchasable","13":"product-type-simple"},"gallery_images":[90001,93735],"_links":{"self":[{"href":"https:\/\/popcards.nl\/de\/wp-json\/wp\/v2\/product\/90000","targetHints":{"allow":["GET"]}}],"collection":[{"href":"https:\/\/popcards.nl\/de\/wp-json\/wp\/v2\/product"}],"about":[{"href":"https:\/\/popcards.nl\/de\/wp-json\/wp\/v2\/types\/product"}],"replies":[{"embeddable":true,"href":"https:\/\/popcards.nl\/de\/wp-json\/wp\/v2\/comments?post=90000"}],"wp:featuredmedia":[{"embeddable":true,"href":"https:\/\/popcards.nl\/de\/wp-json\/wp\/v2\/media\/90104"}],"wp:attachment":[{"href":"https:\/\/popcards.nl\/de\/wp-json\/wp\/v2\/media?parent=90000"}],"wp:term":[{"taxonomy":"product_brand","embeddable":true,"href":"https:\/\/popcards.nl\/de\/wp-json\/wp\/v2\/product_brand?post=90000"},{"taxonomy":"product_cat","embeddable":true,"href":"https:\/\/popcards.nl\/de\/wp-json\/wp\/v2\/product_cat?post=90000"},{"taxonomy":"product_tag","embeddable":true,"href":"https:\/\/popcards.nl\/de\/wp-json\/wp\/v2\/product_tag?post=90000"}],"curies":[{"name":"wp","href":"https:\/\/api.w.org\/{rel}","templated":true}]}}