{"id":90138,"date":"2025-07-08T10:22:29","date_gmt":"2025-07-08T08:22:29","guid":{"rendered":"https:\/\/popcards.nl\/?post_type=product&#038;p=90138"},"modified":"2026-04-14T05:50:04","modified_gmt":"2026-04-14T03:50:04","slug":"groser-sonnenblumenstraus-pop-up-karte","status":"publish","type":"product","link":"https:\/\/popcards.nl\/de\/product\/groot-boeket-zonnebloemen-pop-up-kaart\/","title":{"rendered":"Gro\u00dfer freistehender Blumenstrau\u00df, sch\u00f6ne Sonnenblumen-Pop-up-Karte"},"content":{"rendered":"<p>Diese besondere Pop-up-Blumenkarte unterscheidet sich von unseren \u00fcblichen Pop-up-Karten und ist eine echte \u00dcberraschung. Sie besteht aus einer dreidimensionalen, freistehenden Vase mit goldener Schleife, in der ein beeindruckender gro\u00dfer Strau\u00df Sonnenblumen steht. Dieser Blumenstrau\u00df ist komplett dreidimensional und kann von allen Seiten betrachtet werden. Das sorgt f\u00fcr einen tollen Effekt, und der Empf\u00e4nger wird staunen, dass ein so gro\u00dfer, runder Strau\u00df in einen flachen Umschlag passt. Im aufgefalteten Zustand ist der Strau\u00df v\u00f6llig freistehend, stabil und frei im Raum. Eine Gru\u00dfkarte, die Eindruck macht!<\/p>\n<p>Sie erhalten 4 goldfarbene Wimpel, die Sie nach Belieben am Blumenstrau\u00df befestigen k\u00f6nnen. Mit einem Text Ihrer Wahl: Geburtstag, Dankeskarte, Muttertag oder Liebeskarte. Au\u00dferdem liegt ein separater Umschlag mit einer Karte bei, auf die Sie eine Nachricht f\u00fcr den gl\u00fccklichen Empf\u00e4nger schreiben k\u00f6nnen. Ein wundersch\u00f6ner und kompletter Blumenstrau\u00df zum Verschenken. Oder zum Selbstbehalten. Sag es mit Blumen! <a href=\"https:\/\/popcards.nl\/de\/kategorie\/blumen-gruskarten\/\">Wir haben viele weitere Blumen-Popup-Karten.<\/a><\/p>\n<p><strong>Gro\u00dfe Kartengr\u00f6\u00dfe<\/strong>, flach 20 cm hoch, 24 cm breit, Durchmesser aufgeklappt 18 cm.<br \/>\nInklusive farblich passendem Umschlag. Verpackt in Cellophanbeutel.<\/p>","protected":false},"excerpt":{"rendered":"<p>Deze bijzondere pop-up bloemenkaart is anders uitgevoerd dan onze gebruikelijke Popcards, en heel verrassend. Deze pop-up kaart bestaat uit een driedimensionale vrijstaande met gouden strik gedecoreerde vaas, waarin een imponerende grote bos zonnebloemen staat. Dit boeket bloemen is volledig driedimensionaal, je kunt er rondom van alle kanten naar kijken. Dat geeft een geweldig effect en [&hellip;]<\/p>\n","protected":false},"featured_media":90139,"comment_status":"open","ping_status":"closed","template":"","meta":{"_iconic_wsb_product_page_order_bump_ids":[[]],"_sku":["4805388572141"],"_iconic_wsb_product_page_bump_modal_ids":[[]]},"product_brand":[],"product_cat":[47],"product_tag":[48,288],"class_list":{"0":"post-90138","1":"product","2":"type-product","3":"status-publish","4":"has-post-thumbnail","6":"product_cat-bloemen-bloemenkaarten-wenskaarten","7":"product_tag-bloemen","8":"product_tag-supergroot","10":"first","11":"instock","12":"sale","13":"taxable","14":"shipping-taxable","15":"purchasable","16":"product-type-simple"},"gallery_images":[],"_links":{"self":[{"href":"https:\/\/popcards.nl\/de\/wp-json\/wp\/v2\/product\/90138","targetHints":{"allow":["GET"]}}],"collection":[{"href":"https:\/\/popcards.nl\/de\/wp-json\/wp\/v2\/product"}],"about":[{"href":"https:\/\/popcards.nl\/de\/wp-json\/wp\/v2\/types\/product"}],"replies":[{"embeddable":true,"href":"https:\/\/popcards.nl\/de\/wp-json\/wp\/v2\/comments?post=90138"}],"wp:featuredmedia":[{"embeddable":true,"href":"https:\/\/popcards.nl\/de\/wp-json\/wp\/v2\/media\/90139"}],"wp:attachment":[{"href":"https:\/\/popcards.nl\/de\/wp-json\/wp\/v2\/media?parent=90138"}],"wp:term":[{"taxonomy":"product_brand","embeddable":true,"href":"https:\/\/popcards.nl\/de\/wp-json\/wp\/v2\/product_brand?post=90138"},{"taxonomy":"product_cat","embeddable":true,"href":"https:\/\/popcards.nl\/de\/wp-json\/wp\/v2\/product_cat?post=90138"},{"taxonomy":"product_tag","embeddable":true,"href":"https:\/\/popcards.nl\/de\/wp-json\/wp\/v2\/product_tag?post=90138"}],"curies":[{"name":"wp","href":"https:\/\/api.w.org\/{rel}","templated":true}]}}