{"id":90342,"date":"2025-07-10T21:45:08","date_gmt":"2025-07-10T19:45:08","guid":{"rendered":"https:\/\/popcards.nl\/?post_type=product&#038;p=90342"},"modified":"2026-04-26T16:13:26","modified_gmt":"2026-04-26T14:13:26","slug":"krippe-bethlehem-joseph-maria-jesus-weihnachtskarte","status":"publish","type":"product","link":"https:\/\/popcards.nl\/de\/product\/kerststal-bethlehem-jozef-maria-jezus-kerstkaart\/","title":{"rendered":"Weihnachtskrippe von Bethlehem mit Josef, Maria, dem Jesuskind und den Heiligen Drei K\u00f6nigen \u2013 Pop-up-Weihnachtskarte"},"content":{"rendered":"<p>Schenken Sie Ihrer Familie und Ihren Freunden dieses Weihnachten ein unvergessliches Erlebnis mit unserer stimmungsvollen 3D-Darstellung der klassischen Weihnachtskrippe. Sobald der Empf\u00e4nger die Karte \u00f6ffnet, entfaltet sich eine funkelnde Szene mit all den beliebten Figuren der Weihnachtsgeschichte. Diese Pop-up-Karte ist mehr als nur eine Gru\u00dfkarte; sie ist ein kleines Kunstwerk, das W\u00e4rme, Liebe und Weihnachtszauber ausstrahlt. Im Mittelpunkt der Karte stehen Josef, Maria und das Jesuskind, liebevoll besch\u00fctzt von zwei Engeln und den bewundernden Blicken der Heiligen Drei K\u00f6nige. Auch die treuen Tiere und die Silhouette von Bethlehem sind pr\u00e4sent und runden die Szene ab. Diese 3D-Krippe springt f\u00f6rmlich aus der Karte heraus und eignet sich perfekt f\u00fcr Kaminsims, Tisch oder Fensterbank. W\u00e4hlen Sie einen Weihnachtsgru\u00df, der dieses Jahr den besonderen Reiz ausmacht. Teilen Sie die Magie der Weihnachtsgeschichte, verpackt in dieses einzigartige 3D-Erlebnis!<\/p>\n<p><strong>Perfekt als Geschenk oder besonderer Weihnachtsgru\u00df per Post<\/strong><br \/>\nDie Vorderseite dieser Weihnachtskarte ist tiefblau und zeigt eine wundersch\u00f6ne Abbildung von Josef, Maria, dem Jesuskind, zwei Engeln und dem Weihnachtsstern. Beim \u00d6ffnen der Karte erwacht alles zum Leben, und die Szene f\u00e4ngt die heilige Weihnachtsnacht ehrf\u00fcrchtig ein. Diese Weihnachtskarte ist mehr als nur ein Weihnachtsgru\u00df. Sie erinnert an die wahre Bedeutung von Weihnachten: ein Fest der Liebe, der Hoffnung und des Neuanfangs. Eine wahrhaft stimmungsvolle Karte, die der Empf\u00e4nger jahrelang sch\u00e4tzen und jedes Jahr zu Weihnachten immer wieder aufs Neue zeigen wird. <a href=\"https:\/\/popcards.nl\/de\/kategorie\/die-10-schonsten-weihnachtskarten\/\">Popcards hat viele weitere sch\u00f6ne Pop-up-Weihnachtskarten.<\/a><\/p>\n<p>Gro\u00dfes Kartenformat 30 \u00d7 20 cm, gefaltet auf 15 \u00d7 20 cm.<br \/>\nInklusive passendem Umschlag, verpackt in einem Zellophanbeutel.<\/p>","protected":false},"excerpt":{"rendered":"<p>Stuur deze kerst uw familie en vrienden een onvergetelijke belevenis met onze sfeervolle 3D weergave van de klassieke kerststal. Zodra de ontvanger de kaart opent, ontvouwt zich een sprankelend tafereel met alle geliefde figuren uit het kerstverhaal. Deze pop-up kaart is meer dan een wenskaart; het is een klein kunstwerk dat warmte, liefde en de [&hellip;]<\/p>\n","protected":false},"featured_media":90236,"comment_status":"open","ping_status":"closed","template":"","meta":{"_iconic_wsb_product_page_order_bump_ids":[[]],"_sku":["4805388559005"],"_iconic_wsb_product_page_bump_modal_ids":[[]]},"product_brand":[],"product_cat":[79],"product_tag":[131],"class_list":{"0":"post-90342","1":"product","2":"type-product","3":"status-publish","4":"has-post-thumbnail","6":"product_cat-de-top-10-mooiste-kerstkaarten","7":"product_tag-kerst","9":"first","10":"instock","11":"taxable","12":"shipping-taxable","13":"purchasable","14":"product-type-simple"},"gallery_images":[90235,90236,90344,93715],"_links":{"self":[{"href":"https:\/\/popcards.nl\/de\/wp-json\/wp\/v2\/product\/90342","targetHints":{"allow":["GET"]}}],"collection":[{"href":"https:\/\/popcards.nl\/de\/wp-json\/wp\/v2\/product"}],"about":[{"href":"https:\/\/popcards.nl\/de\/wp-json\/wp\/v2\/types\/product"}],"replies":[{"embeddable":true,"href":"https:\/\/popcards.nl\/de\/wp-json\/wp\/v2\/comments?post=90342"}],"wp:featuredmedia":[{"embeddable":true,"href":"https:\/\/popcards.nl\/de\/wp-json\/wp\/v2\/media\/90236"}],"wp:attachment":[{"href":"https:\/\/popcards.nl\/de\/wp-json\/wp\/v2\/media?parent=90342"}],"wp:term":[{"taxonomy":"product_brand","embeddable":true,"href":"https:\/\/popcards.nl\/de\/wp-json\/wp\/v2\/product_brand?post=90342"},{"taxonomy":"product_cat","embeddable":true,"href":"https:\/\/popcards.nl\/de\/wp-json\/wp\/v2\/product_cat?post=90342"},{"taxonomy":"product_tag","embeddable":true,"href":"https:\/\/popcards.nl\/de\/wp-json\/wp\/v2\/product_tag?post=90342"}],"curies":[{"name":"wp","href":"https:\/\/api.w.org\/{rel}","templated":true}]}}