{"id":90346,"date":"2025-07-10T22:29:39","date_gmt":"2025-07-10T20:29:39","guid":{"rendered":"https:\/\/popcards.nl\/?post_type=product&#038;p=90346"},"modified":"2026-01-31T20:12:20","modified_gmt":"2026-01-31T19:12:20","slug":"weihnachtskarte-schneemann-kiefern-geschenke","status":"publish","type":"product","link":"https:\/\/popcards.nl\/de\/product\/kerstkaart-sneeuwpop-dennenbomen-cadeautjes\/","title":{"rendered":"Pop-up-Weihnachtskarte mit Schneemann, schneebedeckten Tannen und Geschenken"},"content":{"rendered":"<p>Eine fr\u00f6hliche Pop-up-Weihnachtskarte in wundersch\u00f6nen Farben. Das Cover zeigt einen Schneemann in einer wei\u00dfen Winterlandschaft mit Weihnachtsb\u00e4umen im Hintergrund. Der Text ist nicht vorhanden, Sie k\u00f6nnen ihn also selbst schreiben. Im Inneren befindet sich ein gro\u00dfes Pop-up-Bild eines freundlichen Schneemanns mit Geschenken vor einer romantischen Kulisse schneebedeckter Weihnachtsb\u00e4ume. Eine wirklich bezaubernde Weihnachts-Pop-up-Karte f\u00fcr Gro\u00df und Klein.<\/p>\n<p><a href=\"https:\/\/popcards.nl\/de\/kategorie\/die-10-schonsten-weihnachtskarten\/\">Popcards hat viele weitere sch\u00f6ne Pop-up-Weihnachtskarten.<\/a><\/p>\n<p>Kartengr\u00f6\u00dfe 25 \u00d7 17,5 cm, gefaltet auf 12,5 \u00d7 17,5 cm.<br \/>\nInklusive passendem Umschlag, verpackt in einem Zellophanbeutel.<\/p>","protected":false},"excerpt":{"rendered":"<p>Een vrolijke pop-up kerstkaart in hele fraaie kleuren. De omslag is bedrukt met een mooie illustratie van een sneeuwpop in een wit winterlandschap met kerstbomen op de achtergrond. Er staat geen tekst op, dus daarin ben je geheel vrij. Binnen in de kaart een grote pop-up van een vriendelijke sneeuwpop met cadeautjes en op de [&hellip;]<\/p>\n","protected":false},"featured_media":90240,"comment_status":"open","ping_status":"closed","template":"","meta":{"_iconic_wsb_product_page_order_bump_ids":[[]],"_sku":["4805388557018"],"_iconic_wsb_product_page_bump_modal_ids":[[]]},"product_brand":[],"product_cat":[79],"product_tag":[131],"class_list":{"0":"post-90346","1":"product","2":"type-product","3":"status-publish","4":"has-post-thumbnail","6":"product_cat-de-top-10-mooiste-kerstkaarten","7":"product_tag-kerst","9":"first","10":"instock","11":"taxable","12":"shipping-taxable","13":"purchasable","14":"product-type-simple"},"gallery_images":[90239,93714],"_links":{"self":[{"href":"https:\/\/popcards.nl\/de\/wp-json\/wp\/v2\/product\/90346","targetHints":{"allow":["GET"]}}],"collection":[{"href":"https:\/\/popcards.nl\/de\/wp-json\/wp\/v2\/product"}],"about":[{"href":"https:\/\/popcards.nl\/de\/wp-json\/wp\/v2\/types\/product"}],"replies":[{"embeddable":true,"href":"https:\/\/popcards.nl\/de\/wp-json\/wp\/v2\/comments?post=90346"}],"wp:featuredmedia":[{"embeddable":true,"href":"https:\/\/popcards.nl\/de\/wp-json\/wp\/v2\/media\/90240"}],"wp:attachment":[{"href":"https:\/\/popcards.nl\/de\/wp-json\/wp\/v2\/media?parent=90346"}],"wp:term":[{"taxonomy":"product_brand","embeddable":true,"href":"https:\/\/popcards.nl\/de\/wp-json\/wp\/v2\/product_brand?post=90346"},{"taxonomy":"product_cat","embeddable":true,"href":"https:\/\/popcards.nl\/de\/wp-json\/wp\/v2\/product_cat?post=90346"},{"taxonomy":"product_tag","embeddable":true,"href":"https:\/\/popcards.nl\/de\/wp-json\/wp\/v2\/product_tag?post=90346"}],"curies":[{"name":"wp","href":"https:\/\/api.w.org\/{rel}","templated":true}]}}