{"id":90353,"date":"2025-07-10T22:44:50","date_gmt":"2025-07-10T20:44:50","guid":{"rendered":"https:\/\/popcards.nl\/?post_type=product&#038;p=90353"},"modified":"2026-03-11T21:12:01","modified_gmt":"2026-03-11T20:12:01","slug":"weihnachtskarte-lokomotive-geschenke-pop-up-karte","status":"publish","type":"product","link":"https:\/\/popcards.nl\/de\/product\/kerstkaart-locomotief-cadeautjes-pop-up-kaart\/","title":{"rendered":"Super s\u00fc\u00dfe Weihnachtskarte Dampflokomotive mit Happy Animals Pop-up-Karte"},"content":{"rendered":"<p>Schau mal, das macht Freude! Eine fr\u00f6hliche, farbenfrohe Weihnachtskarte f\u00fcr Gro\u00df und Klein. Der Umschlag besteht aus wundersch\u00f6nem, mattem, dunkelgr\u00fcnem Karton und zeigt eine farbenfrohe, gl\u00e4nzend bedruckte Weihnachtslokomotive. Diese Illustration ist hinter den ausgeschnittenen gr\u00fcnen Karton geklebt und verleiht der Karte einen einzigartigen Effekt. Im Inneren siehst du eine aufklappbare Weihnachtsdampflokomotive mit Weihnachtsmann und Geschenken. Eine Katze und ein Hund l\u00e4cheln dir im Waggon entgegen. Schneebedeckte Weihnachtsb\u00e4ume schm\u00fccken den Hintergrund. Wem machst du mit dieser entz\u00fcckenden Weihnachtskarte mit einem fr\u00f6hlichen Weihnachtszug eine Freude?<\/p>\n<p><a href=\"https:\/\/popcards.nl\/de\/kategorie\/die-10-schonsten-weihnachtskarten\/\">Popcards hat viele weitere sch\u00f6ne Pop-up-Weihnachtskarten.<\/a><\/p>\n<p>Kartengr\u00f6\u00dfe 25 \u00d7 17,5 cm, gefaltet auf 12,5 \u00d7 17,5 cm.<br \/>\nInklusive passendem Umschlag, verpackt in einem Zellophanbeutel.<\/p>","protected":false},"excerpt":{"rendered":"<p>Kijk, daar word je blij van. Een gezellige kleurrijke kerstkaart voor jong en oud. De omslag is van mooi mat donkergroen karton, met een illustratie van een kleurrijke glanzend gedrukte kerst locomotief. Deze illustratie is achter het uitgesneden groene karton geplakt, wat de kaart een bijzonder effect geeft. Binnen in de kaart zie je de [&hellip;]<\/p>\n","protected":false},"featured_media":90238,"comment_status":"open","ping_status":"closed","template":"","meta":{"_iconic_wsb_product_page_order_bump_ids":[[]],"_sku":["4805388548023"],"_iconic_wsb_product_page_bump_modal_ids":[[]]},"product_brand":[],"product_cat":[79],"product_tag":[131],"class_list":{"0":"post-90353","1":"product","2":"type-product","3":"status-publish","4":"has-post-thumbnail","6":"product_cat-de-top-10-mooiste-kerstkaarten","7":"product_tag-kerst","9":"first","10":"instock","11":"taxable","12":"shipping-taxable","13":"purchasable","14":"product-type-simple"},"gallery_images":[90237,93706],"_links":{"self":[{"href":"https:\/\/popcards.nl\/de\/wp-json\/wp\/v2\/product\/90353","targetHints":{"allow":["GET"]}}],"collection":[{"href":"https:\/\/popcards.nl\/de\/wp-json\/wp\/v2\/product"}],"about":[{"href":"https:\/\/popcards.nl\/de\/wp-json\/wp\/v2\/types\/product"}],"replies":[{"embeddable":true,"href":"https:\/\/popcards.nl\/de\/wp-json\/wp\/v2\/comments?post=90353"}],"wp:featuredmedia":[{"embeddable":true,"href":"https:\/\/popcards.nl\/de\/wp-json\/wp\/v2\/media\/90238"}],"wp:attachment":[{"href":"https:\/\/popcards.nl\/de\/wp-json\/wp\/v2\/media?parent=90353"}],"wp:term":[{"taxonomy":"product_brand","embeddable":true,"href":"https:\/\/popcards.nl\/de\/wp-json\/wp\/v2\/product_brand?post=90353"},{"taxonomy":"product_cat","embeddable":true,"href":"https:\/\/popcards.nl\/de\/wp-json\/wp\/v2\/product_cat?post=90353"},{"taxonomy":"product_tag","embeddable":true,"href":"https:\/\/popcards.nl\/de\/wp-json\/wp\/v2\/product_tag?post=90353"}],"curies":[{"name":"wp","href":"https:\/\/api.w.org\/{rel}","templated":true}]}}