{"id":92591,"date":"2025-09-16T15:24:10","date_gmt":"2025-09-16T13:24:10","guid":{"rendered":"https:\/\/popcards.nl\/?post_type=product&#038;p=92591"},"modified":"2026-01-02T16:50:08","modified_gmt":"2026-01-02T15:50:08","slug":"pop-up-karte-3d-weihnachtskarte-weihnachtsbaum","status":"publish","type":"product","link":"https:\/\/popcards.nl\/de\/product\/pop-up-kaart-3d-kerstkaart-kerstboom\/","title":{"rendered":"Pop-up-Weihnachtskarte mit Weihnachtsbaum \u2013 Luxuri\u00f6se 3D-Gru\u00dfkarte"},"content":{"rendered":"<p>Machen Sie die Feiertage zu etwas ganz Besonderem mit dieser wundersch\u00f6nen Pop-up-Weihnachtskarte mit Weihnachtsbaum von Popcards. Auf der Vorderseite befindet sich ein bezaubernder Weihnachtsbaum mit bunten Kugeln, Kerzen und Geschenken darunter. Beim \u00d6ffnen entfaltet sich ein beeindruckender 3D-Weihnachtsbaum mit Dekorationen, gl\u00e4nzenden Kugeln, Luftschlangen, Kerzen und einer goldenen Spitze.<\/p>\n<p>Diese einzigartige 3D-Weihnachtskarte ist mehr als nur eine Karte; sie ist auch eine festliche Dekoration, die dem Empf\u00e4nger garantiert ein L\u00e4cheln ins Gesicht zaubert. Perfekt zum Pr\u00e4sentieren auf dem Kaminsims, der Fensterbank oder dem festlich gedeckten Tisch w\u00e4hrend der Feiertage.<\/p>\n<p><strong>Merkmale<\/strong><\/p>\n<ul>\n<li>Luxuri\u00f6se Pop-Up-Weihnachtskarte in robuster Qualit\u00e4t<\/li>\n<li>Vorderseite mit stimmungsvollem Weihnachtsbaum und Geschenken<\/li>\n<li>Im Inneren ein beeindruckender 3D-Weihnachtsbaum mit Kugeln, Girlanden, Kerzen und einer Spitze<\/li>\n<li>Kann als Briefpost mit nur 1 PostNL-Dezemberbriefmarke verschickt werden<\/li>\n<li>Ideal als originelle Weihnachtskarte f\u00fcr Familie, Freunde oder Gesch\u00e4ftspartner<\/li>\n<\/ul>\n<p>Mit dieser Pop-up-Weihnachtskarte verschenken Sie nicht nur einen herzlichen Weihnachtsgru\u00df, sondern auch eine bleibende Erinnerung, die Sie stolz pr\u00e4sentieren k\u00f6nnen. Verschenken Sie dieses Jahr eine unvergessliche Weihnachtsbotschaft mit dieser luxuri\u00f6sen 3D-Pop-up-Weihnachtskarte von Popcards! \ud83c\udf84<\/p>\n<p>Kartengr\u00f6\u00dfe 30 \u00d7 15 cm, gefaltet auf 15 \u00d7 15 cm.<br \/>\nInklusive passendem Umschlag, verpackt in einem Zellophanbeutel.<\/p>","protected":false},"excerpt":{"rendered":"<p>Maak de feestdagen extra bijzonder met deze prachtige pop-up kerstkaart met kerstboom van Popcards. Op de voorzijde staat een sfeervolle kerstboom vol kleurrijke kerstballen, kaarsjes en cadeautjes eronder. Bij het openen ontvouwt zich een indrukwekkende 3D kerstboom compleet met versieringen, glimmende ballen, slingers, kaarsjes en een gouden piek. Deze unieke 3D kerstkaart is niet alleen [&hellip;]<\/p>\n","protected":false},"featured_media":92562,"comment_status":"open","ping_status":"closed","template":"","meta":{"_iconic_wsb_product_page_order_bump_ids":[[]],"_sku":["4805388549013"],"_iconic_wsb_product_page_bump_modal_ids":[[]]},"product_brand":[],"product_cat":[79],"product_tag":[131],"class_list":{"0":"post-92591","1":"product","2":"type-product","3":"status-publish","4":"has-post-thumbnail","6":"product_cat-de-top-10-mooiste-kerstkaarten","7":"product_tag-kerst","9":"first","10":"outofstock","11":"taxable","12":"shipping-taxable","13":"purchasable","14":"product-type-simple"},"gallery_images":[93697],"_links":{"self":[{"href":"https:\/\/popcards.nl\/de\/wp-json\/wp\/v2\/product\/92591","targetHints":{"allow":["GET"]}}],"collection":[{"href":"https:\/\/popcards.nl\/de\/wp-json\/wp\/v2\/product"}],"about":[{"href":"https:\/\/popcards.nl\/de\/wp-json\/wp\/v2\/types\/product"}],"replies":[{"embeddable":true,"href":"https:\/\/popcards.nl\/de\/wp-json\/wp\/v2\/comments?post=92591"}],"wp:featuredmedia":[{"embeddable":true,"href":"https:\/\/popcards.nl\/de\/wp-json\/wp\/v2\/media\/92562"}],"wp:attachment":[{"href":"https:\/\/popcards.nl\/de\/wp-json\/wp\/v2\/media?parent=92591"}],"wp:term":[{"taxonomy":"product_brand","embeddable":true,"href":"https:\/\/popcards.nl\/de\/wp-json\/wp\/v2\/product_brand?post=92591"},{"taxonomy":"product_cat","embeddable":true,"href":"https:\/\/popcards.nl\/de\/wp-json\/wp\/v2\/product_cat?post=92591"},{"taxonomy":"product_tag","embeddable":true,"href":"https:\/\/popcards.nl\/de\/wp-json\/wp\/v2\/product_tag?post=92591"}],"curies":[{"name":"wp","href":"https:\/\/api.w.org\/{rel}","templated":true}]}}