{"id":92598,"date":"2025-09-16T15:41:49","date_gmt":"2025-09-16T13:41:49","guid":{"rendered":"https:\/\/popcards.nl\/?post_type=product&#038;p=92598"},"modified":"2026-04-03T15:52:11","modified_gmt":"2026-04-03T13:52:11","slug":"pop-up-weihnachtskarte-frohe-weihnachten-3d-karte","status":"publish","type":"product","link":"https:\/\/popcards.nl\/de\/product\/pop-up-kerstkaart-merry-christmas-3d-kaart\/","title":{"rendered":"3D Weihnachtskarte Frohe Weihnachten mit Schneem\u00e4nnern, Geschenken &amp; Dekorationen"},"content":{"rendered":"<p>Erwecken Sie Weihnachtsstimmung mit dieser festlichen \u201eFrohe Weihnachten\u201c-Pop-up-Karte von Popcards. Die Vorderseite der Karte zeigt eine fr\u00f6hliche Weihnachtsbotschaft, bunte Geschenke und Weihnachtsgr\u00fcn. Beim \u00d6ffnen entfaltet sich ein spektakul\u00e4res 3D-Pop-up: gro\u00dfe, elegante \u201eFrohe Weihnachten\u201c-Buchstaben, fr\u00f6hliche Schneem\u00e4nner mit Weihnachtsmannm\u00fctzen, Geschenke, Sterne und festliche Weihnachtsdekorationen.<\/p>\n<p>Diese einzigartige 3D-Weihnachtskarte ist mehr als nur eine Karte \u2013 sie ist ein komplettes Weihnachtserlebnis, das dem Empf\u00e4nger garantiert Freude bereitet. Perfekt zum Aufstellen als Dekoration w\u00e4hrend der Feiertage.<\/p>\n<p><strong>Merkmale<\/strong><\/p>\n<ul>\n<li>Hochwertige Luxus-Pop-Up-Weihnachtskarte Frohe Weihnachten<\/li>\n<li>Vorderseite mit fr\u00f6hlichem Frohe Weihnachten Text und Geschenke<\/li>\n<li>Im Inneren ein beeindruckendes 3D-Pop-up mit Schneem\u00e4nnern, Weihnachtsgr\u00fcn, Geschenken und eleganten Briefen<\/li>\n<li>Kann als Briefpost mit nur 1 PostNL-Dezemberbriefmarke verschickt werden<\/li>\n<li>Ideal als originelle Weihnachtskarte f\u00fcr Familie, Freunde oder Gesch\u00e4ftspartner<\/li>\n<\/ul>\n<p>Machen Sie Ihre Weihnachtsgr\u00fc\u00dfe mit dieser besonderen \u201eFrohe Weihnachten\u201c-Pop-up-Karte besonders festlich und unvergesslich. Eine bleibende Erinnerung, die Sie stolz pr\u00e4sentieren k\u00f6nnen!<\/p>\n<p>Kartengr\u00f6\u00dfe 26 \u00d7 18 cm, gefaltet auf 13 \u00d7 18 cm.<br \/>\nInklusive passendem Umschlag, verpackt in einem Zellophanbeutel.<\/p>","protected":false},"excerpt":{"rendered":"<p>Breng de kerstsfeer tot leven met deze feestelijke pop-up kerstkaart Merry Christmas van Popcards. Op de voorzijde straalt de kaart met een vrolijke Merry Christmas-tekst, kleurrijke cadeautjes en kerstgroen. Bij het openen ontvouwt zich een spectaculaire 3D pop-up: grote sierlijke letters Merry Christmas, vrolijke sneeuwpoppen met kerstmutsen, cadeautjes, sterren en feestelijke kerstversieringen. Deze unieke 3D [&hellip;]<\/p>\n","protected":false},"featured_media":92563,"comment_status":"open","ping_status":"closed","template":"","meta":{"_iconic_wsb_product_page_order_bump_ids":[[]],"_sku":["4805388559012"],"_iconic_wsb_product_page_bump_modal_ids":[[]]},"product_brand":[],"product_cat":[79],"product_tag":[131],"class_list":{"0":"post-92598","1":"product","2":"type-product","3":"status-publish","4":"has-post-thumbnail","6":"product_cat-de-top-10-mooiste-kerstkaarten","7":"product_tag-kerst","9":"first","10":"instock","11":"taxable","12":"shipping-taxable","13":"purchasable","14":"product-type-simple"},"gallery_images":[93695],"_links":{"self":[{"href":"https:\/\/popcards.nl\/de\/wp-json\/wp\/v2\/product\/92598","targetHints":{"allow":["GET"]}}],"collection":[{"href":"https:\/\/popcards.nl\/de\/wp-json\/wp\/v2\/product"}],"about":[{"href":"https:\/\/popcards.nl\/de\/wp-json\/wp\/v2\/types\/product"}],"replies":[{"embeddable":true,"href":"https:\/\/popcards.nl\/de\/wp-json\/wp\/v2\/comments?post=92598"}],"wp:featuredmedia":[{"embeddable":true,"href":"https:\/\/popcards.nl\/de\/wp-json\/wp\/v2\/media\/92563"}],"wp:attachment":[{"href":"https:\/\/popcards.nl\/de\/wp-json\/wp\/v2\/media?parent=92598"}],"wp:term":[{"taxonomy":"product_brand","embeddable":true,"href":"https:\/\/popcards.nl\/de\/wp-json\/wp\/v2\/product_brand?post=92598"},{"taxonomy":"product_cat","embeddable":true,"href":"https:\/\/popcards.nl\/de\/wp-json\/wp\/v2\/product_cat?post=92598"},{"taxonomy":"product_tag","embeddable":true,"href":"https:\/\/popcards.nl\/de\/wp-json\/wp\/v2\/product_tag?post=92598"}],"curies":[{"name":"wp","href":"https:\/\/api.w.org\/{rel}","templated":true}]}}