{"id":92614,"date":"2025-09-16T16:36:23","date_gmt":"2025-09-16T14:36:23","guid":{"rendered":"https:\/\/popcards.nl\/?post_type=product&#038;p=92614"},"modified":"2026-04-19T22:34:26","modified_gmt":"2026-04-19T20:34:26","slug":"hochzeitskarte-hochzeitsauto-brautpaar-gruskarte","status":"publish","type":"product","link":"https:\/\/popcards.nl\/de\/product\/trouwkaart-trouwauto-bruidspaar-wenskaart\/","title":{"rendered":"Romantische Hochzeitskarte, Hochzeitsauto mit Brautpaar-Gru\u00dfkarte"},"content":{"rendered":"<p>Was f\u00fcr eine beeindruckende und wundersch\u00f6ne Hochzeitskarte das ist! Diese Pop-up-Karte eignet sich hervorragend zum Verschenken an ein frisch verheiratetes oder verlobtes Paar, eignet sich aber auch sehr gut als Einladung zum Heiraten, zur Hochzeit oder Hochzeitsfeier. Auf der Vorderseite ist eine wundersch\u00f6ne Illustration eines Oldtimers in sanften Rosa- und Wei\u00dft\u00f6nen aufgedruckt. Das Pop-Up des klassischen Hochzeitsautos mit dem Brautpaar hat wundersch\u00f6ne Rosen auf dem Dach. Das Symbol der Liebe. Dar\u00fcber hinaus ist die Innenseite dieser Hochzeitskarte mit zwei wundersch\u00f6nen, stimmungsvollen Rosenillustrationen bedruckt, die durch einen klassischen Rahmen verbunden sind. Innerhalb dieses Rahmens ist ausreichend Platz f\u00fcr Text. Eine Gru\u00dfkarte, die garantiert beeindruckt!\u00a0<a href=\"https:\/\/popcards.nl\/de\/kategorie\/heiraten-und-hochzeitseinladungen\/\">Popcards hat noch mehr Hochzeitskarten.<\/a><\/p>\n<p><a href=\"https:\/\/popcards.nl\/de\/product\/hochzeitskarte-hochzeitsauto-mit-brautpaar-gruskarte\/\">Diese tolle Pop-Up-Karte haben wir auch in einer Variante, bei der auf der Vorderseite steht: \u201eJust Married\u201c.<\/a><\/p>\n<p>Kartengr\u00f6\u00dfe 30 \u00d7 20 cm, gefaltet auf 15 \u00d7 20 cm.<br \/>\nInklusive passendem Umschlag, verpackt in einem Zellophanbeutel.<\/p>","protected":false},"excerpt":{"rendered":"<p>Wat een indrukwekkende en fraaie trouwkaart is dit! Deze pop-up kaart is prachtig om te geven aan een net getrouwd of verloofd koppel, maar ook zeer geslaagd als uitnodiging als je gaat trouwen, voor jouw huwelijk of trouwfeest. Op de voorkant is een fraaie illustratie van een klassieke auto in zachte roze en witte tinten [&hellip;]<\/p>\n","protected":false},"featured_media":72380,"comment_status":"open","ping_status":"closed","template":"","meta":{"_iconic_wsb_product_page_order_bump_ids":[[]],"_sku":["4805388551467"],"_iconic_wsb_product_page_bump_modal_ids":[[]]},"product_brand":[],"product_cat":[28,27,57],"product_tag":[94],"class_list":{"0":"post-92614","1":"product","2":"type-product","3":"status-publish","4":"has-post-thumbnail","6":"product_cat-trouwen-samenwonen-trouwkaarten","7":"product_cat-liefde-liefdeskaarten-valentijnskaarten","8":"product_cat-uitnodigingen-uitnodigingskaarten-verjaardag-jubileum","9":"product_tag-huwelijk","11":"first","12":"instock","13":"taxable","14":"shipping-taxable","15":"purchasable","16":"product-type-simple"},"gallery_images":[72382,72381,87767],"_links":{"self":[{"href":"https:\/\/popcards.nl\/de\/wp-json\/wp\/v2\/product\/92614","targetHints":{"allow":["GET"]}}],"collection":[{"href":"https:\/\/popcards.nl\/de\/wp-json\/wp\/v2\/product"}],"about":[{"href":"https:\/\/popcards.nl\/de\/wp-json\/wp\/v2\/types\/product"}],"replies":[{"embeddable":true,"href":"https:\/\/popcards.nl\/de\/wp-json\/wp\/v2\/comments?post=92614"}],"wp:featuredmedia":[{"embeddable":true,"href":"https:\/\/popcards.nl\/de\/wp-json\/wp\/v2\/media\/72380"}],"wp:attachment":[{"href":"https:\/\/popcards.nl\/de\/wp-json\/wp\/v2\/media?parent=92614"}],"wp:term":[{"taxonomy":"product_brand","embeddable":true,"href":"https:\/\/popcards.nl\/de\/wp-json\/wp\/v2\/product_brand?post=92614"},{"taxonomy":"product_cat","embeddable":true,"href":"https:\/\/popcards.nl\/de\/wp-json\/wp\/v2\/product_cat?post=92614"},{"taxonomy":"product_tag","embeddable":true,"href":"https:\/\/popcards.nl\/de\/wp-json\/wp\/v2\/product_tag?post=92614"}],"curies":[{"name":"wp","href":"https:\/\/api.w.org\/{rel}","templated":true}]}}