{"id":92958,"date":"2025-09-25T16:46:46","date_gmt":"2025-09-25T14:46:46","guid":{"rendered":"https:\/\/popcards.nl\/?post_type=product&#038;p=92958"},"modified":"2026-02-04T11:50:56","modified_gmt":"2026-02-04T10:50:56","slug":"weihnachtskarte-winterstiefel-schneemann-3d-karte","status":"publish","type":"product","link":"https:\/\/popcards.nl\/de\/product\/kerstkaart-winter-laarzen-sneeuwpop-3d-kaart\/","title":{"rendered":"Super s\u00fc\u00dfe Weihnachtskarte Winterstiefel mit Schneem\u00e4nnern 3D Karte"},"content":{"rendered":"<p>Diese Winterstiefel-Pop-up-Weihnachtskarte von Popcards ist ein wahres Kunstwerk voller Atmosph\u00e4re und Details. Die Vorderseite zeigt schneebedeckte Stiefel, reich verziert mit lila Blumen, Tannengr\u00fcn und Stechpalmen. Sobald die Karte ge\u00f6ffnet wird, entfaltet sich eine magische 3D-Weihnachtsszene, die den Empf\u00e4nger sofort in ihren Bann zieht.<\/p>\n<p>Wundersch\u00f6ne Blumen und Zweige wachsen aus den Stiefeln, w\u00e4hrend ein fr\u00f6hlicher Schneemann und ein Kind um sie herum erscheinen. Zwei verspielte wei\u00dfe Hasen sorgen f\u00fcr eine fr\u00f6hliche Atmosph\u00e4re, w\u00e4hrend eine beeindruckende Eule die Szene \u00fcberraschend und einzigartig macht. Verschneite B\u00e4ume und winterliche Akzente runden diese Szene ab \u2013 ein echter Hingucker, der stolz auf dem Kaminsims oder der Fensterbank pr\u00e4sentiert wird.<\/p>\n<p>Diese Karte ist mehr als nur ein Weihnachtsgru\u00df; sie ist ein herzerw\u00e4rmendes Geschenk, das die Feiertage zu etwas ganz Besonderem macht.<\/p>\n<p><strong>Merkmale<\/strong><\/p>\n<ul>\n<li>Luxuri\u00f6se Pop-up-Weihnachtskarte mit Winterstiefeln von Popcards<\/li>\n<li>Im Inneren eine beeindruckende 3D-Pop-up-Szene mit Schneem\u00e4nnern, Hasen, Eulen und schneebedeckten B\u00e4umen<\/li>\n<li>Handgefertigt und sorgf\u00e4ltig verarbeitet<\/li>\n<li>Inklusive Umschlag und kann als Briefpost mit nur 1 PostNL-Dezemberbriefmarke verschickt werden<\/li>\n<li>Originelles Geschenk und Dekoration in einem \u2013 ideal f\u00fcr Familie, Freunde und Verwandte<\/li>\n<\/ul>\n<p><strong>Mit dieser besonderen Karte verschenken Sie W\u00e4rme, Kunstfertigkeit und einen unvergesslichen Weihnachtsgru\u00df in einem.<\/strong><\/p>\n<p>Kartengr\u00f6\u00dfe 30 \u00d7 20 cm, gefaltet auf 15 \u00d7 20 cm.<br \/>\nInklusive passendem Umschlag, verpackt in einem Zellophanbeutel.<\/p>","protected":false},"excerpt":{"rendered":"<p>Deze pop-up kerstkaart Winter Laarzen van Popcards is een waar kunstwerk vol sfeer en details. Op de voorzijde staan besneeuwde laarzen afgebeeld, rijk versierd met paarse bloemen, dennengroen en hulst. Zodra de kaart wordt geopend, ontvouwt zich een magisch 3D kersttafereel dat de ontvanger onmiddellijk betovert. Uit de laarzen verrijzen prachtige bloemen en takken, terwijl [&hellip;]<\/p>\n","protected":false},"featured_media":92954,"comment_status":"open","ping_status":"closed","template":"","meta":{"_iconic_wsb_product_page_order_bump_ids":[[]],"_sku":["4805388548009"],"_iconic_wsb_product_page_bump_modal_ids":[[]]},"product_brand":[],"product_cat":[79],"product_tag":[131],"class_list":{"0":"post-92958","1":"product","2":"type-product","3":"status-publish","4":"has-post-thumbnail","6":"product_cat-de-top-10-mooiste-kerstkaarten","7":"product_tag-kerst","9":"first","10":"instock","11":"sale","12":"taxable","13":"shipping-taxable","14":"purchasable","15":"product-type-simple"},"gallery_images":[92955,93693],"_links":{"self":[{"href":"https:\/\/popcards.nl\/de\/wp-json\/wp\/v2\/product\/92958","targetHints":{"allow":["GET"]}}],"collection":[{"href":"https:\/\/popcards.nl\/de\/wp-json\/wp\/v2\/product"}],"about":[{"href":"https:\/\/popcards.nl\/de\/wp-json\/wp\/v2\/types\/product"}],"replies":[{"embeddable":true,"href":"https:\/\/popcards.nl\/de\/wp-json\/wp\/v2\/comments?post=92958"}],"wp:featuredmedia":[{"embeddable":true,"href":"https:\/\/popcards.nl\/de\/wp-json\/wp\/v2\/media\/92954"}],"wp:attachment":[{"href":"https:\/\/popcards.nl\/de\/wp-json\/wp\/v2\/media?parent=92958"}],"wp:term":[{"taxonomy":"product_brand","embeddable":true,"href":"https:\/\/popcards.nl\/de\/wp-json\/wp\/v2\/product_brand?post=92958"},{"taxonomy":"product_cat","embeddable":true,"href":"https:\/\/popcards.nl\/de\/wp-json\/wp\/v2\/product_cat?post=92958"},{"taxonomy":"product_tag","embeddable":true,"href":"https:\/\/popcards.nl\/de\/wp-json\/wp\/v2\/product_tag?post=92958"}],"curies":[{"name":"wp","href":"https:\/\/api.w.org\/{rel}","templated":true}]}}