{"id":92960,"date":"2025-09-25T17:22:48","date_gmt":"2025-09-25T15:22:48","guid":{"rendered":"https:\/\/popcards.nl\/?post_type=product&#038;p=92960"},"modified":"2026-03-24T11:12:34","modified_gmt":"2026-03-24T10:12:34","slug":"3d-karte-weihnachtskarte-geburt-jesus-krippe","status":"publish","type":"product","link":"https:\/\/popcards.nl\/de\/product\/3d-kaart-kerstkaart-geboorte-jezus-kerststal\/","title":{"rendered":"Pop-Up-Karte Weihnachtskrippe Geburt Jesu Weihnachtskarte \u2728\ud83c\udf1f"},"content":{"rendered":"<p>Feiern Sie die wahre Bedeutung von Weihnachten mit der Popcards-Weihnachtskarte \u201eKrippe mit Weihnachtsbaum\u201c. Hinter dem eleganten Cover entfaltet sich eine ber\u00fchrende und wundersch\u00f6ne 3D-Weihnachtsszene: die Krippe mit Josef und Maria, die liebevoll \u00fcber das neugeborene Jesuskind, das Licht der Welt, wachen. <strong>Das Baby ist geboren!<\/strong><\/p>\n<p>Neben dem Stall steht ein festlich geschm\u00fcckter Weihnachtsbaum mit strahlender Spitze, ein Symbol f\u00fcr Freude, Hoffnung und Verbundenheit. Umgeben von subtilen Details und warmen Farben bildet diese Szene eine k\u00fcnstlerische und spirituelle Erinnerung an das Weihnachtswunder \u2013 die Geburt Christi.<\/p>\n<p>Diese besondere Karte, mit viel Handwerkskunst und Sorgfalt aus hochwertigem Papier gefertigt, ist mehr als nur eine Weihnachtskarte: Sie ist ein kleines Kunstwerk und ein Zeichen von Vertrauen, Liebe und W\u00e4rme. Eine bedeutungsvolle Geste, die in der Weihnachtszeit einen Ehrenplatz in Ihrem Zuhause einnehmen wird.<\/p>\n<p><strong>\ud83d\ude4f Warum diese Popcards-Weihnachtskarte so besonders ist:<\/strong><\/p>\n<ul>\n<li>Aussagekr\u00e4ftiges 3D-Design: Weihnachtskrippe mit Josef, Maria und dem Jesuskind.<\/li>\n<li>Spirituell &amp; stimmungsvoll: Eine Erinnerung an die Geburt Christi.<\/li>\n<li>Hochwertige Verarbeitung mit raffinierten Details.<\/li>\n<li>Besonderes Geschenk f\u00fcr Familie, Freunde oder Kirchenmitglieder.<\/li>\n<li>Kann als Briefpost mit nur 1 PostNL-Dezemberbriefmarke verschickt werden<\/li>\n<li>Eine bleibende Erinnerung, die jedes Jahr aufs Neue die Weihnachtsstimmung bereichert.<\/li>\n<\/ul>\n<p><strong>Mit dieser Pop-up-Weihnachtskarte mit Weihnachtskrippe \u00fcberbringen Sie mehr als nur einen Weihnachtsgru\u00df \u2013 Sie teilen die Botschaft der Hoffnung, des Glaubens und der Liebe, die Weihnachten so besonders macht.<\/strong> \ud83c\udf1f\ud83c\udf84<\/p>\n<p>Kartengr\u00f6\u00dfe 30 \u00d7 20 cm, gefaltet auf 15 \u00d7 20 cm.<br \/>\nInklusive passendem Umschlag, verpackt in einem Zellophanbeutel.<\/p>","protected":false},"excerpt":{"rendered":"<p>Vier de ware betekenis van Kerstmis met de Pop-up Kerstkaart Kerststal met Kerstboom van Popcards. Achter de elegante cover ontvouwt zich een ontroerend en prachtig 3D kersttafereel: de kerststal met Jozef en Maria die liefdevol waken bij het pasgeboren kindje Jezus, het Licht van de wereld. Het kindeke is geboren! Naast de stal staat een [&hellip;]<\/p>\n","protected":false},"featured_media":92956,"comment_status":"open","ping_status":"closed","template":"","meta":{"_iconic_wsb_product_page_order_bump_ids":[[]],"_sku":["4805388555977"],"_iconic_wsb_product_page_bump_modal_ids":[[]]},"product_brand":[],"product_cat":[79],"product_tag":[131],"class_list":{"0":"post-92960","1":"product","2":"type-product","3":"status-publish","4":"has-post-thumbnail","6":"product_cat-de-top-10-mooiste-kerstkaarten","7":"product_tag-kerst","9":"first","10":"instock","11":"taxable","12":"shipping-taxable","13":"purchasable","14":"product-type-simple"},"gallery_images":[93685],"_links":{"self":[{"href":"https:\/\/popcards.nl\/de\/wp-json\/wp\/v2\/product\/92960","targetHints":{"allow":["GET"]}}],"collection":[{"href":"https:\/\/popcards.nl\/de\/wp-json\/wp\/v2\/product"}],"about":[{"href":"https:\/\/popcards.nl\/de\/wp-json\/wp\/v2\/types\/product"}],"replies":[{"embeddable":true,"href":"https:\/\/popcards.nl\/de\/wp-json\/wp\/v2\/comments?post=92960"}],"wp:featuredmedia":[{"embeddable":true,"href":"https:\/\/popcards.nl\/de\/wp-json\/wp\/v2\/media\/92956"}],"wp:attachment":[{"href":"https:\/\/popcards.nl\/de\/wp-json\/wp\/v2\/media?parent=92960"}],"wp:term":[{"taxonomy":"product_brand","embeddable":true,"href":"https:\/\/popcards.nl\/de\/wp-json\/wp\/v2\/product_brand?post=92960"},{"taxonomy":"product_cat","embeddable":true,"href":"https:\/\/popcards.nl\/de\/wp-json\/wp\/v2\/product_cat?post=92960"},{"taxonomy":"product_tag","embeddable":true,"href":"https:\/\/popcards.nl\/de\/wp-json\/wp\/v2\/product_tag?post=92960"}],"curies":[{"name":"wp","href":"https:\/\/api.w.org\/{rel}","templated":true}]}}