{"id":987,"date":"2019-01-30T22:34:34","date_gmt":"2019-01-30T21:34:34","guid":{"rendered":"https:\/\/popcards.nl\/?post_type=product&#038;p=987"},"modified":"2025-10-03T13:54:30","modified_gmt":"2025-10-03T11:54:30","slug":"frohlicher-bunter-kuchen-mit-clown-und-elefanten","status":"publish","type":"product","link":"https:\/\/popcards.nl\/de\/product\/vrolijke-kleurrijke-taart-met-clown-en-olifantje\/","title":{"rendered":"Fr\u00f6hlicher bunter Kuchen mit Clown- und Elefantengru\u00dfkarte"},"content":{"rendered":"<p>Netter bunter Kuchen mit Clown und Elefanten. Ein k\u00f6stlicher Kuchen, der Sie gl\u00fccklich macht. Eine sch\u00f6ne Karte f\u00fcr jedes Alter. Sie werden sich nicht langweilen. <a href=\"https:\/\/popcards.nl\/de\/karte\/festliche-geburtstagstorte-geburtstagskarte\/\">Haben Sie auch unsere andere Kuchenkarte gesehen?<\/a><\/p>\n<p>Kartengr\u00f6\u00dfe 30 \u00d7 15, cm, gefaltet auf 15 \u00d7 15 cm.<br \/>\nInklusive passendem Blanko-Umschlag, verpackt in Cellophant\u00fcte.<\/p>","protected":false},"excerpt":{"rendered":"<p>Fr\u00f6hlicher bunter Kuchen mit Clown und Elefant. Ein k\u00f6stlicher Kuchen, der gl\u00fccklich macht. Eine sch\u00f6ne Karte f\u00fcr jedes Alter. Man wird davon nicht m\u00fcde. Haben Sie auch unsere andere Kuchenkarte gesehen? Kartengr\u00f6\u00dfe 30\u00d715 cm, gefaltet auf 15\u00d715 cm. Inklusive passendem Blanko-Umschlag, verpackt in Zellophanbeutel.<\/p>","protected":false},"featured_media":927,"comment_status":"open","ping_status":"closed","template":"","meta":{"_iconic_wsb_product_page_order_bump_ids":[],"_sku":["8945005026681"],"_iconic_wsb_product_page_bump_modal_ids":[]},"product_brand":[],"product_cat":[34,57],"product_tag":[246,137],"class_list":{"0":"post-987","1":"product","2":"type-product","3":"status-publish","4":"has-post-thumbnail","6":"product_cat-felicitatie-verjaardag-verjaardagskaarten","7":"product_cat-uitnodigingen-uitnodigingskaarten-verjaardag-jubileum","8":"product_tag-taart","9":"product_tag-verjaardag","10":"pa_brand-popcards","12":"first","13":"outofstock","14":"taxable","15":"shipping-taxable","16":"purchasable","17":"product-type-simple"},"gallery_images":[926],"_links":{"self":[{"href":"https:\/\/popcards.nl\/de\/wp-json\/wp\/v2\/product\/987","targetHints":{"allow":["GET"]}}],"collection":[{"href":"https:\/\/popcards.nl\/de\/wp-json\/wp\/v2\/product"}],"about":[{"href":"https:\/\/popcards.nl\/de\/wp-json\/wp\/v2\/types\/product"}],"replies":[{"embeddable":true,"href":"https:\/\/popcards.nl\/de\/wp-json\/wp\/v2\/comments?post=987"}],"wp:featuredmedia":[{"embeddable":true,"href":"https:\/\/popcards.nl\/de\/wp-json\/wp\/v2\/media\/927"}],"wp:attachment":[{"href":"https:\/\/popcards.nl\/de\/wp-json\/wp\/v2\/media?parent=987"}],"wp:term":[{"taxonomy":"product_brand","embeddable":true,"href":"https:\/\/popcards.nl\/de\/wp-json\/wp\/v2\/product_brand?post=987"},{"taxonomy":"product_cat","embeddable":true,"href":"https:\/\/popcards.nl\/de\/wp-json\/wp\/v2\/product_cat?post=987"},{"taxonomy":"product_tag","embeddable":true,"href":"https:\/\/popcards.nl\/de\/wp-json\/wp\/v2\/product_tag?post=987"}],"curies":[{"name":"wp","href":"https:\/\/api.w.org\/{rel}","templated":true}]}}