{"id":1066,"date":"2019-03-11T18:25:11","date_gmt":"2019-03-11T17:25:11","guid":{"rendered":"https:\/\/popcards.nl\/?post_type=product&#038;p=1066"},"modified":"2026-04-08T20:23:23","modified_gmt":"2026-04-08T18:23:23","slug":"volkswagen-escarabajo-coche-antiguo","status":"publish","type":"product","link":"https:\/\/popcards.nl\/es\/product\/volkswagen-kever-antieke-auto\/","title":{"rendered":"Volkswagen Beetle \u2013 Tarjeta de felicitaci\u00f3n desplegable Beetle"},"content":{"rendered":"<p>Este hermoso escarabajo es para todos <a href=\"https:\/\/nl.wikipedia.org\/wiki\/Volkswagen_Kever\" target=\"_blank\" rel=\"noopener noreferrer\">Escarabajo Volkswagen<\/a> entusiastas una verdadera tarjeta sorpresa. \u00bfQui\u00e9n no conoce el escarabajo m\u00e1s famoso, <a href=\"https:\/\/nl.wikipedia.org\/wiki\/Herbie#\/media\/Bestand:Herbie.jpg\" target=\"_blank\" rel=\"noopener noreferrer\">Herbie, no 53<\/a>!<\/p>\n<p>Por cierto, tambi\u00e9n tienes nuestras otras hermosas <a href=\"https:\/\/popcards.nl\/es\/mapa-2\/klassieke-auto-pop-up-kaart\/\">coche clasico<\/a> visto?<\/p>\n<p>Tama\u00f1o de tarjeta 24 \u00d7 17 cm, plegado a 12 \u00d7 17 cm.<br \/>\nIncluye sobre en blanco a juego, empacado en una bolsa de celof\u00e1n.<\/p>\n<h3>El escarabajo de Volkswagen<\/h3>\n<div style=\"width: 310px\" class=\"wp-caption alignright\"><a href=\"https:\/\/commons.wikimedia.org\/w\/index.php?curid=3014384\" target=\"_blank\" rel=\"noopener\"><img decoding=\"async\" src=\"https:\/\/upload.wikimedia.org\/wikipedia\/commons\/e\/e4\/Herbie.jpg\" alt=\"Herbie 53 - El famoso Volkswagen Beetle\" width=\"300\" height=\"160\" title=\"\"><\/a><p class=\"wp-caption-text\">Puerta Softeis - Trabajo propio, CC BY-SA 3.0<\/p><\/div>\n<p>Oficialmente, el Volkswagen Tipo 1, informalmente en alem\u00e1n el K\u00e4fer (que significa &quot;escarabajo&quot;), en partes del mundo de habla inglesa, el Bug, y conocido por muchos otros apodos en otros idiomas. Es un autom\u00f3vil barato de dos puertas con motor trasero, que fue producido y vendido por el fabricante de autom\u00f3viles alem\u00e1n Volkswagen (VW) desde 1938 hasta no menos de 2003.<\/p>\n<p><a href=\"https:\/\/nl.wikipedia.org\/wiki\/B%C3%A9la_Bar%C3%A9nyi\" target=\"_blank\" rel=\"noopener noreferrer\">B\u00e9la Bar\u00e9nyi<\/a> Se le atribuye el primer concepto de este autom\u00f3vil en 1925. Su dibujo t\u00e9cnico es cinco a\u00f1os antes que Ferdinand Porsche afirm\u00f3 haber hecho su primera versi\u00f3n. El resultado fue el primer Volkswagen y uno de los primeros autom\u00f3viles con motores traseros. Con m\u00e1s de 21 millones producidos (!), The Beetle es el auto de plataforma \u00fanica de m\u00e1s larga duraci\u00f3n y m\u00e1s producido.<\/p>","protected":false},"excerpt":{"rendered":"<p>Deze mooie kever is voor alle Volkswagen Kever liefhebbers een echte verrassingskaart. Wie kent de beroemdste Kever niet, Herbie, nr. 53! Heb je trouwens ook onze andere fraaie klassieke auto gezien? Kaartformaat 24\u00d717 cm, gevouwen tot 12\u00d717 cm. Inclusief bijpassende blanco envelop, verpakt in cellofaan zakje. De Volkswagen Kever Officieel de Volkswagen Type 1, informeel [&hellip;]<\/p>\n","protected":false},"featured_media":24105,"comment_status":"open","ping_status":"closed","template":"","meta":{"_iconic_wsb_product_page_order_bump_ids":[[]],"_sku":["8945005026896"],"_iconic_wsb_product_page_bump_modal_ids":[[]]},"product_brand":[],"product_cat":[17],"product_tag":[110],"class_list":{"0":"post-1066","1":"product","2":"type-product","3":"status-publish","4":"has-post-thumbnail","6":"product_cat-voertuigen-schip-trein-vliegtuig-auto-fiets","7":"product_tag-auto","8":"pa_brand-popcards","10":"first","11":"instock","12":"sale","13":"taxable","14":"shipping-taxable","15":"purchasable","16":"product-type-simple"},"gallery_images":[23924,94331],"_links":{"self":[{"href":"https:\/\/popcards.nl\/es\/wp-json\/wp\/v2\/product\/1066","targetHints":{"allow":["GET"]}}],"collection":[{"href":"https:\/\/popcards.nl\/es\/wp-json\/wp\/v2\/product"}],"about":[{"href":"https:\/\/popcards.nl\/es\/wp-json\/wp\/v2\/types\/product"}],"replies":[{"embeddable":true,"href":"https:\/\/popcards.nl\/es\/wp-json\/wp\/v2\/comments?post=1066"}],"wp:featuredmedia":[{"embeddable":true,"href":"https:\/\/popcards.nl\/es\/wp-json\/wp\/v2\/media\/24105"}],"wp:attachment":[{"href":"https:\/\/popcards.nl\/es\/wp-json\/wp\/v2\/media?parent=1066"}],"wp:term":[{"taxonomy":"product_brand","embeddable":true,"href":"https:\/\/popcards.nl\/es\/wp-json\/wp\/v2\/product_brand?post=1066"},{"taxonomy":"product_cat","embeddable":true,"href":"https:\/\/popcards.nl\/es\/wp-json\/wp\/v2\/product_cat?post=1066"},{"taxonomy":"product_tag","embeddable":true,"href":"https:\/\/popcards.nl\/es\/wp-json\/wp\/v2\/product_tag?post=1066"}],"curies":[{"name":"gracias","href":"https:\/\/api.w.org\/{rel}","templated":true}]}}