{"id":1133,"date":"2019-03-11T23:34:05","date_gmt":"2019-03-11T22:34:05","guid":{"rendered":"https:\/\/popcards.nl\/?post_type=product&#038;p=1133"},"modified":"2026-04-13T17:43:50","modified_gmt":"2026-04-13T15:43:50","slug":"flores-de-loto-rosadas-en-el-estanque","status":"publish","type":"product","link":"https:\/\/popcards.nl\/es\/product\/roze-lotus-bloemen-in-vijver\/","title":{"rendered":"Tarjeta de felicitaci\u00f3n rosa flores de loto en estanque tarjeta emergente"},"content":{"rendered":"<p>Las flores de loto crecen desde el barro oscuro hasta la superficie del agua y la luz y florecen all\u00ed. Simbolizan la vida, en la que te conviertes en una persona m\u00e1s sabia e iluminada con la edad. Una tarjeta de felicitaci\u00f3n espiritual, esta hermosa tarjeta emergente. <a href=\"https:\/\/en.wikipedia.org\/wiki\/Nelumbo_nucifera\" target=\"_blank\" rel=\"noopener noreferrer\">El nombre latino es Nelumbo Nucifero<\/a>.<\/p>\n<p>Tama\u00f1o de tarjeta 24 \u00d7 17 cm, plegado a 12 \u00d7 17 cm.<br \/>\nIncluye sobre en blanco a juego, empacado en una bolsa de celof\u00e1n.<\/p>","protected":false},"excerpt":{"rendered":"<p>Lotus bloemen groeien vanuit de donkere modder naar het water oppervlak en het licht en komen daar tot bloei. Ze staan symbool voor het leven, waarin je met de jaren een wijzer en verlicht mens wordt. Een spirituele wenskaart, deze prachtige pop-up kaart. De Latijnse naam is Nelumbo Nucifero. Kaartformaat 24\u00d717 cm, gevouwen tot 12\u00d717 [&hellip;]<\/p>\n","protected":false},"featured_media":83078,"comment_status":"open","ping_status":"closed","template":"","meta":{"_iconic_wsb_product_page_order_bump_ids":[[]],"_sku":["8945005026919"],"_iconic_wsb_product_page_bump_modal_ids":[[]]},"product_brand":[],"product_cat":[47,78,27],"product_tag":[48],"class_list":{"0":"post-1133","1":"product","2":"type-product","3":"status-publish","4":"has-post-thumbnail","6":"product_cat-bloemen-bloemenkaarten-wenskaarten","7":"product_cat-beterschapskaarten-troostkaarten-condoleancekaarten","8":"product_cat-liefde-liefdeskaarten-valentijnskaarten","9":"product_tag-bloemen","10":"pa_brand-popcards","12":"first","13":"instock","14":"taxable","15":"shipping-taxable","16":"purchasable","17":"product-type-simple"},"gallery_images":[87779],"_links":{"self":[{"href":"https:\/\/popcards.nl\/es\/wp-json\/wp\/v2\/product\/1133","targetHints":{"allow":["GET"]}}],"collection":[{"href":"https:\/\/popcards.nl\/es\/wp-json\/wp\/v2\/product"}],"about":[{"href":"https:\/\/popcards.nl\/es\/wp-json\/wp\/v2\/types\/product"}],"replies":[{"embeddable":true,"href":"https:\/\/popcards.nl\/es\/wp-json\/wp\/v2\/comments?post=1133"}],"wp:featuredmedia":[{"embeddable":true,"href":"https:\/\/popcards.nl\/es\/wp-json\/wp\/v2\/media\/83078"}],"wp:attachment":[{"href":"https:\/\/popcards.nl\/es\/wp-json\/wp\/v2\/media?parent=1133"}],"wp:term":[{"taxonomy":"product_brand","embeddable":true,"href":"https:\/\/popcards.nl\/es\/wp-json\/wp\/v2\/product_brand?post=1133"},{"taxonomy":"product_cat","embeddable":true,"href":"https:\/\/popcards.nl\/es\/wp-json\/wp\/v2\/product_cat?post=1133"},{"taxonomy":"product_tag","embeddable":true,"href":"https:\/\/popcards.nl\/es\/wp-json\/wp\/v2\/product_tag?post=1133"}],"curies":[{"name":"gracias","href":"https:\/\/api.w.org\/{rel}","templated":true}]}}