{"id":1143,"date":"2019-03-11T23:49:31","date_gmt":"2019-03-11T22:49:31","guid":{"rendered":"https:\/\/popcards.nl\/?post_type=product&#038;p=1143"},"modified":"2026-04-11T16:28:08","modified_gmt":"2026-04-11T14:28:08","slug":"dinosaurio-tyrannosaurus-t-rex","status":"publish","type":"product","link":"https:\/\/popcards.nl\/es\/product\/t-rex-tyrannosaurus-dinosaurus-pop-up-kaart\/","title":{"rendered":"Entusiasta del Parque Jur\u00e1sico? Tarjeta emergente de dinosaurio tyrannosaurus T-Rex"},"content":{"rendered":"<p>Afortunadamente, este feroz tiranosaurio est\u00e1 hecho de cart\u00f3n. Una tarjeta emocionante para todos los amantes de la prehistoria. <a href=\"https:\/\/popcards.nl\/es\/etiqueta-product\/parque-jurasico\/\">Tenemos a\u00fan m\u00e1s tarjetas de dinosaurios.<\/a><\/p>\n<p>Tama\u00f1o de la tarjeta 17 \u00d7 24 cm, plegada a 17 \u00d7 12 cm.<br \/>\nIncluye sobre en blanco a juego, empacado en una bolsa de celof\u00e1n.<\/p>\n<div class=\"only_mobile\"><strong>Oferta<\/strong>: En total hay 5 Popcards de dinosaurios diferentes para ordenar. \u00a1Ordena los 5 y recibir\u00e1s un Popcard exclusivo del sexto dinosaurio GRATIS! Adem\u00e1s, tambi\u00e9n aplica la promoci\u00f3n 4+1 gratis, por lo que son (al menos) 2 Popcards de regalo. <a href=\"https:\/\/popcards.nl\/es\/carro-de-compras\/?fill_cart=33588,17070,14387,14384,1143\">Haga clic aqu\u00ed para pedir este paquete de descuento.<\/a><\/div>\n<h4>Tyrannosaurus Rex (T-Rex)<\/h4>\n<p>El T-Rex era un carn\u00edvoro gigante, que pod\u00eda crecer hasta 14 metros de largo y 8 toneladas. Caminaba sobre patas traseras fuertes y altas con el tronco horizontal y ancho equilibrado por una cola corta y pesada. Las patas delanteras eran muy peque\u00f1as. La presa fue atacada con la cabeza grande y pesadamente construida. Equipadas con dientes largos y m\u00fasculos pesados, las mand\u00edbulas pudieron ejercer una fuerza de mordida enorme. <i>Tyrannosaurus<\/i>\u00a0caz\u00f3 dinosaurios herb\u00edvoros grandes, algunos de los cuales, como\u00a0<i>Triceratops<\/i>\u00a0y\u00a0<i><a title=\"Ankylosaurus\" href=\"https:\/\/nl.wikipedia.org\/wiki\/Ankylosaurus\" target=\"_blank\" rel=\"noopener noreferrer\">Ankylosaurus<\/a><\/i>, se defendieron bien para que tuvieran que ser eliminados r\u00e1pidamente con algunos mordiscos fuertes.<\/p>","protected":false},"excerpt":{"rendered":"<p>Gelukkig is deze woeste tyrannosaurus van karton. Een spannende kaart voor alle liefhebbers van de prehistorie. We hebben nog meer dinosaurus popcards. Kaartformaat 17\u00d724 cm, gevouwen tot 17\u00d712 cm. Inclusief bijpassende blanco envelop, verpakt in cellofaan zakje. Aanbieding: Totaal zijn er 5 verschillende dinosaurus Popcards te bestellen. Bestel ze alle 5 en je krijgt GRATIS [&hellip;]<\/p>\n","protected":false},"featured_media":16967,"comment_status":"open","ping_status":"closed","template":"","meta":{"_iconic_wsb_product_page_order_bump_ids":[[]],"_sku":["8945005026995"],"_iconic_wsb_product_page_bump_modal_ids":[[]]},"product_brand":[],"product_cat":[34,21,57],"product_tag":[115],"class_list":{"0":"post-1143","1":"product","2":"type-product","3":"status-publish","4":"has-post-thumbnail","6":"product_cat-felicitatie-verjaardag-verjaardagskaarten","7":"product_cat-dieren-dierenkaarten-wenskaarten","8":"product_cat-uitnodigingen-uitnodigingskaarten-verjaardag-jubileum","9":"product_tag-jurassic-park","10":"pa_brand-popcards","12":"first","13":"instock","14":"sale","15":"taxable","16":"shipping-taxable","17":"purchasable","18":"product-type-simple"},"gallery_images":[77291],"_links":{"self":[{"href":"https:\/\/popcards.nl\/es\/wp-json\/wp\/v2\/product\/1143","targetHints":{"allow":["GET"]}}],"collection":[{"href":"https:\/\/popcards.nl\/es\/wp-json\/wp\/v2\/product"}],"about":[{"href":"https:\/\/popcards.nl\/es\/wp-json\/wp\/v2\/types\/product"}],"replies":[{"embeddable":true,"href":"https:\/\/popcards.nl\/es\/wp-json\/wp\/v2\/comments?post=1143"}],"wp:featuredmedia":[{"embeddable":true,"href":"https:\/\/popcards.nl\/es\/wp-json\/wp\/v2\/media\/16967"}],"wp:attachment":[{"href":"https:\/\/popcards.nl\/es\/wp-json\/wp\/v2\/media?parent=1143"}],"wp:term":[{"taxonomy":"product_brand","embeddable":true,"href":"https:\/\/popcards.nl\/es\/wp-json\/wp\/v2\/product_brand?post=1143"},{"taxonomy":"product_cat","embeddable":true,"href":"https:\/\/popcards.nl\/es\/wp-json\/wp\/v2\/product_cat?post=1143"},{"taxonomy":"product_tag","embeddable":true,"href":"https:\/\/popcards.nl\/es\/wp-json\/wp\/v2\/product_tag?post=1143"}],"curies":[{"name":"gracias","href":"https:\/\/api.w.org\/{rel}","templated":true}]}}