{"id":1150,"date":"2019-03-12T10:25:41","date_gmt":"2019-03-12T09:25:41","guid":{"rendered":"https:\/\/popcards.nl\/?post_type=product&#038;p=1150"},"modified":"2026-05-04T16:09:19","modified_gmt":"2026-05-04T14:09:19","slug":"molino-de-viento-holandes","status":"publish","type":"product","link":"https:\/\/popcards.nl\/es\/product\/hollandse-windmolen-holland-pop-up-wenskaart\/","title":{"rendered":"Molino de viento holand\u00e9s Holanda tarjeta de felicitaci\u00f3n emergente"},"content":{"rendered":"<p>Hermoso molino de viento holand\u00e9s sobre un fondo verde fresco. Un buen recordatorio de los Pa\u00edses Bajos para tus amigos extranjeros.<\/p>\n<p>Tama\u00f1o de tarjeta 30 \u00d7 15 cm, plegado a 15 \u00d7 15 cm.<br \/>\nIncluye sobre en blanco a juego, empacado en una bolsa de celof\u00e1n<\/p>","protected":false},"excerpt":{"rendered":"<p>Hermoso molino de viento holand\u00e9s sobre un fondo verde fresco. Un buen recordatorio de los Pa\u00edses Bajos para tus amigos extranjeros. Tama\u00f1o de tarjeta 30 \u00d7 15 cm, plegado a 15 \u00d7 15 cm. Incluyendo un sobre en blanco a juego, empacado en una bolsa de celof\u00e1n<\/p>","protected":false},"featured_media":1082,"comment_status":"open","ping_status":"closed","template":"","meta":{"_iconic_wsb_product_page_order_bump_ids":[[]],"_sku":["8945005026988"],"_iconic_wsb_product_page_bump_modal_ids":[[]]},"product_brand":[],"product_cat":[73,57],"product_tag":[138],"class_list":{"0":"post-1150","1":"product","2":"type-product","3":"status-publish","4":"has-post-thumbnail","6":"product_cat-beroemde-gebouwen","7":"product_cat-uitnodigingen-uitnodigingskaarten-verjaardag-jubileum","8":"product_tag-gebouw","9":"pa_brand-popcards","11":"first","12":"instock","13":"sale","14":"taxable","15":"shipping-taxable","16":"purchasable","17":"product-type-simple"},"gallery_images":[77191],"_links":{"self":[{"href":"https:\/\/popcards.nl\/es\/wp-json\/wp\/v2\/product\/1150","targetHints":{"allow":["GET"]}}],"collection":[{"href":"https:\/\/popcards.nl\/es\/wp-json\/wp\/v2\/product"}],"about":[{"href":"https:\/\/popcards.nl\/es\/wp-json\/wp\/v2\/types\/product"}],"replies":[{"embeddable":true,"href":"https:\/\/popcards.nl\/es\/wp-json\/wp\/v2\/comments?post=1150"}],"wp:featuredmedia":[{"embeddable":true,"href":"https:\/\/popcards.nl\/es\/wp-json\/wp\/v2\/media\/1082"}],"wp:attachment":[{"href":"https:\/\/popcards.nl\/es\/wp-json\/wp\/v2\/media?parent=1150"}],"wp:term":[{"taxonomy":"product_brand","embeddable":true,"href":"https:\/\/popcards.nl\/es\/wp-json\/wp\/v2\/product_brand?post=1150"},{"taxonomy":"product_cat","embeddable":true,"href":"https:\/\/popcards.nl\/es\/wp-json\/wp\/v2\/product_cat?post=1150"},{"taxonomy":"product_tag","embeddable":true,"href":"https:\/\/popcards.nl\/es\/wp-json\/wp\/v2\/product_tag?post=1150"}],"curies":[{"name":"gracias","href":"https:\/\/api.w.org\/{rel}","templated":true}]}}