{"id":1164,"date":"2019-03-12T13:40:23","date_gmt":"2019-03-12T12:40:23","guid":{"rendered":"https:\/\/popcards.nl\/?post_type=product&#038;p=1164"},"modified":"2025-08-29T15:42:58","modified_gmt":"2025-08-29T13:42:58","slug":"tarjeta-de-boda-romantica-con-novios","status":"publish","type":"product","link":"https:\/\/popcards.nl\/es\/product\/romantische-trouwkaart-bruidspaar-wenskaart\/","title":{"rendered":"Tarjeta de boda rom\u00e1ntica con novios tarjeta de felicitaci\u00f3n emergente"},"content":{"rendered":"<p>Pareja de novios rom\u00e1nticos. Invitaci\u00f3n de boda con novios en amoroso abrazo delante de un gran coraz\u00f3n rojo. \u00a1Una hermosa tarjeta de felicitaci\u00f3n para enviar!<\/p>\n<p>Tama\u00f1o de la tarjeta 20 \u00d7 15 cm, plegado a 10 \u00d7 15 cm.<br \/>\nIncluye sobre en blanco a juego, empacado en una bolsa de celof\u00e1n.<\/p>","protected":false},"excerpt":{"rendered":"<p>Pareja de novios rom\u00e1ntica. Tarjeta de boda con los novios abrazados cari\u00f1osamente frente a un gran coraz\u00f3n rojo. \u00a1Una preciosa tarjeta para enviar! Tama\u00f1o: 20 x 15 cm (plegada a 10 x 15 cm). Incluye un sobre blanco a juego y viene en una bolsa de celof\u00e1n.<\/p>","protected":false},"featured_media":2838,"comment_status":"open","ping_status":"closed","template":"","meta":{"_iconic_wsb_product_page_order_bump_ids":[[]],"_sku":["8945005026940"],"_iconic_wsb_product_page_bump_modal_ids":[[]]},"product_brand":[],"product_cat":[28,27,57],"product_tag":[55,94,56,83],"class_list":{"0":"post-1164","1":"product","2":"type-product","3":"status-publish","4":"has-post-thumbnail","6":"product_cat-trouwen-samenwonen-trouwkaarten","7":"product_cat-liefde-liefdeskaarten-valentijnskaarten","8":"product_cat-uitnodigingen-uitnodigingskaarten-verjaardag-jubileum","9":"product_tag-hart","10":"product_tag-huwelijk","11":"product_tag-love","12":"product_tag-valentijn","13":"pa_brand-popcards","15":"first","16":"outofstock","17":"taxable","18":"shipping-taxable","19":"purchasable","20":"product-type-simple"},"gallery_images":[87770],"_links":{"self":[{"href":"https:\/\/popcards.nl\/es\/wp-json\/wp\/v2\/product\/1164","targetHints":{"allow":["GET"]}}],"collection":[{"href":"https:\/\/popcards.nl\/es\/wp-json\/wp\/v2\/product"}],"about":[{"href":"https:\/\/popcards.nl\/es\/wp-json\/wp\/v2\/types\/product"}],"replies":[{"embeddable":true,"href":"https:\/\/popcards.nl\/es\/wp-json\/wp\/v2\/comments?post=1164"}],"wp:featuredmedia":[{"embeddable":true,"href":"https:\/\/popcards.nl\/es\/wp-json\/wp\/v2\/media\/2838"}],"wp:attachment":[{"href":"https:\/\/popcards.nl\/es\/wp-json\/wp\/v2\/media?parent=1164"}],"wp:term":[{"taxonomy":"product_brand","embeddable":true,"href":"https:\/\/popcards.nl\/es\/wp-json\/wp\/v2\/product_brand?post=1164"},{"taxonomy":"product_cat","embeddable":true,"href":"https:\/\/popcards.nl\/es\/wp-json\/wp\/v2\/product_cat?post=1164"},{"taxonomy":"product_tag","embeddable":true,"href":"https:\/\/popcards.nl\/es\/wp-json\/wp\/v2\/product_tag?post=1164"}],"curies":[{"name":"gracias","href":"https:\/\/api.w.org\/{rel}","templated":true}]}}