{"id":1170,"date":"2019-03-12T13:49:38","date_gmt":"2019-03-12T12:49:38","guid":{"rendered":"https:\/\/popcards.nl\/?post_type=product&#038;p=1170"},"modified":"2026-04-13T17:43:50","modified_gmt":"2026-04-13T15:43:50","slug":"tarjeta-de-boda-romantica-tarjeta-emergente-de-matrimonio","status":"publish","type":"product","link":"https:\/\/popcards.nl\/es\/product\/romantische-trouwkaart-huwelijk-pop-up-kaart\/","title":{"rendered":"Hermosa tarjeta emergente de invitaci\u00f3n de boda rom\u00e1ntica matrimonio"},"content":{"rendered":"<p>Tarjeta rom\u00e1ntica en la que un hombre y una mujer se demuestran su amor. Se paran bajo un colorido \u201c\u00e1rbol de la vida\u201d en forma de coraz\u00f3n, cada color simboliza un evento (futuro) en sus vidas. La vida est\u00e1 llena de sorpresas que vivir\u00e1n juntos. El frente es plateado elegante y tiene una atractiva ilustraci\u00f3n en color crema de un hombre y una mujer entre flores de altramuz. Puede utilizar esta Popcard como tarjeta de anuncio para su boda o convivencia. La tarjeta de boda tambi\u00e9n es adecuada para regalar a la pareja que se va a casar o se va a vivir juntos. Hay una tarjeta a juego separada en la que puedes escribir tu anuncio o felicitaci\u00f3n.<\/p>\n<p><strong>Tambi\u00e9n en una edici\u00f3n m\u00e1s grande para usar como anuncio de matrimonio\/cohabitaci\u00f3n.<\/strong><\/p>\n<p><a href=\"https:\/\/popcards.nl\/es\/tarjeta-de-felicitacion-2\/tarjeta-de-boda-pop-up-tarjeta-de-boda-plata\/\">Esta Popcard tambi\u00e9n est\u00e1 disponible en una versi\u00f3n m\u00e1s cl\u00e1sica, con una pareja de novios con un vestido\/traje de novia blanco y un frente plateado.<\/a>\u00a0<a href=\"https:\/\/popcards.nl\/es\/categoria\/casarse-y-vivir-juntos-e-invitaciones-de-boda\/\">Tambi\u00e9n tenemos m\u00e1s tarjetas de boda.<\/a><\/p>\n<p>Tama\u00f1o de la tarjeta 30\u00d715 cm, doblada a 15\u00d715 cm. Incluye tarjeta aparte 8 x 10,5 cm y sobre a juego, embalado en bolsa de celof\u00e1n.<\/p>","protected":false},"excerpt":{"rendered":"<p>Romantische kaart waarin een man en vrouw hun liefde voor elkaar tonen. Ze staan onder een kleurrijke \u201clevensboom\u201d in hartvorm waarvan elke kleur symbool staat voor een (toekomstige) gebeurtenis in hun leven. Het leven zit vol verrassingen, die ze samen gaan beleven. De voorkant is chique zilver en heeft een sfeervol uitgesneden cr\u00e8mekleurige illustratie van [&hellip;]<\/p>\n","protected":false},"featured_media":57394,"comment_status":"open","ping_status":"closed","template":"","meta":{"_iconic_wsb_product_page_order_bump_ids":[[]],"_sku":["8945005026971"],"_iconic_wsb_product_page_bump_modal_ids":[[]]},"product_brand":[],"product_cat":[28,27,57],"product_tag":[94],"class_list":{"0":"post-1170","1":"product","2":"type-product","3":"status-publish","4":"has-post-thumbnail","6":"product_cat-trouwen-samenwonen-trouwkaarten","7":"product_cat-liefde-liefdeskaarten-valentijnskaarten","8":"product_cat-uitnodigingen-uitnodigingskaarten-verjaardag-jubileum","9":"product_tag-huwelijk","10":"pa_brand-popcards","12":"first","13":"instock","14":"taxable","15":"shipping-taxable","16":"purchasable","17":"product-type-simple"},"gallery_images":[],"_links":{"self":[{"href":"https:\/\/popcards.nl\/es\/wp-json\/wp\/v2\/product\/1170","targetHints":{"allow":["GET"]}}],"collection":[{"href":"https:\/\/popcards.nl\/es\/wp-json\/wp\/v2\/product"}],"about":[{"href":"https:\/\/popcards.nl\/es\/wp-json\/wp\/v2\/types\/product"}],"replies":[{"embeddable":true,"href":"https:\/\/popcards.nl\/es\/wp-json\/wp\/v2\/comments?post=1170"}],"wp:featuredmedia":[{"embeddable":true,"href":"https:\/\/popcards.nl\/es\/wp-json\/wp\/v2\/media\/57394"}],"wp:attachment":[{"href":"https:\/\/popcards.nl\/es\/wp-json\/wp\/v2\/media?parent=1170"}],"wp:term":[{"taxonomy":"product_brand","embeddable":true,"href":"https:\/\/popcards.nl\/es\/wp-json\/wp\/v2\/product_brand?post=1170"},{"taxonomy":"product_cat","embeddable":true,"href":"https:\/\/popcards.nl\/es\/wp-json\/wp\/v2\/product_cat?post=1170"},{"taxonomy":"product_tag","embeddable":true,"href":"https:\/\/popcards.nl\/es\/wp-json\/wp\/v2\/product_tag?post=1170"}],"curies":[{"name":"gracias","href":"https:\/\/api.w.org\/{rel}","templated":true}]}}