{"id":13159,"date":"2020-03-04T17:11:02","date_gmt":"2020-03-04T16:11:02","guid":{"rendered":"https:\/\/popcards.nl\/?post_type=product&#038;p=13159"},"modified":"2026-01-09T11:35:16","modified_gmt":"2026-01-09T10:35:16","slug":"lirio-ramo-flores-pop-up-card-tarjeta-de-felicitacion","status":"publish","type":"product","link":"https:\/\/popcards.nl\/es\/product\/lelie-boeket-bloemen-pop-up-kaart-wenskaart\/","title":{"rendered":"Gran ramo de lirios | tarjeta de felicitaci\u00f3n emergente flores"},"content":{"rendered":"<p>Una impresionante tarjeta de flores grandes. Rosa brillante mate en el exterior con un hermoso recorte y cuando abra la tarjeta, aparecer\u00e1 un hermoso ramo de flores de lirio. Decorado en un hermoso florero, con un lazo y una ilustraci\u00f3n floral atmosf\u00e9rica. Una flor puede ser tan festiva. Tambi\u00e9n tenemos un ramo de girasoles y un ramo de magnolias. Por si te gusta la variedad.<\/p>\n<p><a href=\"https:\/\/popcards.nl\/es\/categoria\/flores-tarjetas-de-felicitacion\/\">\u00bfHas visto nuestras otras tarjetas de flores?<\/a><\/p>\n<p>Tama\u00f1o de tarjeta grande de 30 \u00d7 20 cm, plegado a 15 \u00d7 20 cm.<br \/>\nIncluye sobre dorado a juego. Empaquetado en una bolsa de celof\u00e1n.<\/p>","protected":false},"excerpt":{"rendered":"<p>Een imposant grote bloemenkaart. Matglanzend roze aan de buitenkant met fraaie uitsnede en als je de kaart openslaat springt er een prachtig boeket Lelie bloemen op. In mooie vaas, met een strik en sfeervolle bloemenillustratie versierd. Zo feestelijk kan een bloemetje zijn. We hebben ook nog een boeket Zonnebloemen en een boeket Magnolia\u2019s. Voor als [&hellip;]<\/p>\n","protected":false},"featured_media":13151,"comment_status":"open","ping_status":"closed","template":"","meta":{"_iconic_wsb_product_page_order_bump_ids":[],"_sku":["8945005027381"],"_iconic_wsb_product_page_bump_modal_ids":[]},"product_brand":[],"product_cat":[47,78,34,27,32,57],"product_tag":[48],"class_list":{"0":"post-13159","1":"product","2":"type-product","3":"status-publish","4":"has-post-thumbnail","6":"product_cat-bloemen-bloemenkaarten-wenskaarten","7":"product_cat-beterschapskaarten-troostkaarten-condoleancekaarten","8":"product_cat-felicitatie-verjaardag-verjaardagskaarten","9":"product_cat-liefde-liefdeskaarten-valentijnskaarten","10":"product_cat-nieuwe-woning-verhuizing-verhuiskaart","11":"product_cat-uitnodigingen-uitnodigingskaarten-verjaardag-jubileum","12":"product_tag-bloemen","13":"pa_brand-popcards","15":"first","16":"outofstock","17":"sale","18":"taxable","19":"shipping-taxable","20":"purchasable","21":"product-type-simple"},"gallery_images":[],"_links":{"self":[{"href":"https:\/\/popcards.nl\/es\/wp-json\/wp\/v2\/product\/13159","targetHints":{"allow":["GET"]}}],"collection":[{"href":"https:\/\/popcards.nl\/es\/wp-json\/wp\/v2\/product"}],"about":[{"href":"https:\/\/popcards.nl\/es\/wp-json\/wp\/v2\/types\/product"}],"replies":[{"embeddable":true,"href":"https:\/\/popcards.nl\/es\/wp-json\/wp\/v2\/comments?post=13159"}],"wp:featuredmedia":[{"embeddable":true,"href":"https:\/\/popcards.nl\/es\/wp-json\/wp\/v2\/media\/13151"}],"wp:attachment":[{"href":"https:\/\/popcards.nl\/es\/wp-json\/wp\/v2\/media?parent=13159"}],"wp:term":[{"taxonomy":"product_brand","embeddable":true,"href":"https:\/\/popcards.nl\/es\/wp-json\/wp\/v2\/product_brand?post=13159"},{"taxonomy":"product_cat","embeddable":true,"href":"https:\/\/popcards.nl\/es\/wp-json\/wp\/v2\/product_cat?post=13159"},{"taxonomy":"product_tag","embeddable":true,"href":"https:\/\/popcards.nl\/es\/wp-json\/wp\/v2\/product_tag?post=13159"}],"curies":[{"name":"gracias","href":"https:\/\/api.w.org\/{rel}","templated":true}]}}