{"id":13163,"date":"2020-03-04T17:23:55","date_gmt":"2020-03-04T16:23:55","guid":{"rendered":"https:\/\/popcards.nl\/?post_type=product&#038;p=13163"},"modified":"2026-03-09T17:02:32","modified_gmt":"2026-03-09T16:02:32","slug":"tarjeta-para-el-dia-de-la-madre-tarjeta-del-dia-de-la-madre-madre","status":"publish","type":"product","link":"https:\/\/popcards.nl\/es\/product\/kaart-voor-moederdag-moederdagkaart-moeder\/","title":{"rendered":"Dia de la madre! Tarjeta emergente del D\u00eda de la Madre para la madre m\u00e1s dulce"},"content":{"rendered":"<p>Amo a la mam\u00e1. Quiero a mi madre. El domingo 8 de mayo es el momento: <a href=\"https:\/\/en.wikipedia.org\/wiki\/Mother%27s_Day\" target=\"_blank\" rel=\"noopener noreferrer\">Dia de la madre<\/a>\u2020 Entonces, si env\u00eda esta tarjeta antes del viernes 6 de mayo, tiene muchas posibilidades de sorprender gratamente a su madre. Es a\u00fan m\u00e1s divertido si le entrega personalmente esta tarjeta a su madre el 8 de mayo. <a href=\"https:\/\/popcards.nl\/es\/mapa-2\/lirio-ramo-flores-pop-up-card-tarjeta-de-felicitacion\/\">\u00bfCon una de nuestras tarjetas de flores all\u00ed?<\/a> Sorpresa Madre!<\/p>\n<p>\u00bfTambi\u00e9n tienes nuestro otro especial <a href=\"https:\/\/popcards.nl\/es\/mapa-2\/tarjeta-del-dia-de-la-madre-del-dia-de-la-madre-3d-la-madre-mas-querida\/\">tarjeta del d\u00eda de las madres<\/a> visto?<\/p>\n<p>Tama\u00f1o de tarjeta 26 \u00d7 15.5 cm, plegado a 13 \u00d7 15.5 cm.<br \/>\nIncluye sobre dorado a juego. Empaquetado en una bolsa de celof\u00e1n.<\/p>\n<h3>Historia del dia de la madre<\/h3>\n<p>La historia del D\u00eda de la Madre comienza en los Estados Unidos. Anna Jarvis (1864-1948), maestra de Filadelfia, comenz\u00f3 el D\u00eda de la Madre en 1914. Ella admiraba a su propia madre y el papel que las madres ten\u00edan en la sociedad. Cuando su propia madre muri\u00f3 en 1905 el primer domingo de mayo, al a\u00f1o siguiente organiz\u00f3 un D\u00eda de la Memoria General de Todas las Madres el primer domingo despu\u00e9s del d\u00eda de la muerte de su madre. Luego quer\u00eda organizar un d\u00eda en honor para las madres cada a\u00f1o. En 1914 logr\u00f3 convertir el D\u00eda de la Madre en una fiesta oficial.<\/p>","protected":false},"excerpt":{"rendered":"<p>I love Mom. Ik hou van mijn moeder. Op zondag 8 mei is het zo ver: Moederdag. Dus als je deze kaart uiterlijk vrijdag 6 mei op de post doet, heb je een goede kans dat je je moeder blij verrast. N\u00f3g leuker is het als je op 8 mei deze kaart persoonlijk aan je [&hellip;]<\/p>\n","protected":false},"featured_media":13149,"comment_status":"open","ping_status":"closed","template":"","meta":{"_iconic_wsb_product_page_order_bump_ids":[],"_sku":["8945005027411"],"_iconic_wsb_product_page_bump_modal_ids":[]},"product_brand":[],"product_cat":[34],"product_tag":[127],"class_list":{"0":"post-13163","1":"product","2":"type-product","3":"status-publish","4":"has-post-thumbnail","6":"product_cat-felicitatie-verjaardag-verjaardagskaarten","7":"product_tag-moederdag","8":"pa_brand-popcards","10":"first","11":"instock","12":"sale","13":"taxable","14":"shipping-taxable","15":"purchasable","16":"product-type-simple"},"gallery_images":[],"_links":{"self":[{"href":"https:\/\/popcards.nl\/es\/wp-json\/wp\/v2\/product\/13163","targetHints":{"allow":["GET"]}}],"collection":[{"href":"https:\/\/popcards.nl\/es\/wp-json\/wp\/v2\/product"}],"about":[{"href":"https:\/\/popcards.nl\/es\/wp-json\/wp\/v2\/types\/product"}],"replies":[{"embeddable":true,"href":"https:\/\/popcards.nl\/es\/wp-json\/wp\/v2\/comments?post=13163"}],"wp:featuredmedia":[{"embeddable":true,"href":"https:\/\/popcards.nl\/es\/wp-json\/wp\/v2\/media\/13149"}],"wp:attachment":[{"href":"https:\/\/popcards.nl\/es\/wp-json\/wp\/v2\/media?parent=13163"}],"wp:term":[{"taxonomy":"product_brand","embeddable":true,"href":"https:\/\/popcards.nl\/es\/wp-json\/wp\/v2\/product_brand?post=13163"},{"taxonomy":"product_cat","embeddable":true,"href":"https:\/\/popcards.nl\/es\/wp-json\/wp\/v2\/product_cat?post=13163"},{"taxonomy":"product_tag","embeddable":true,"href":"https:\/\/popcards.nl\/es\/wp-json\/wp\/v2\/product_tag?post=13163"}],"curies":[{"name":"gracias","href":"https:\/\/api.w.org\/{rel}","templated":true}]}}