{"id":13164,"date":"2020-03-04T17:25:59","date_gmt":"2020-03-04T16:25:59","guid":{"rendered":"https:\/\/popcards.nl\/?post_type=product&#038;p=13164"},"modified":"2025-10-19T15:12:59","modified_gmt":"2025-10-19T13:12:59","slug":"pastel-de-cumpleanos-festivo-tarjeta-de-cumpleanos","status":"publish","type":"product","link":"https:\/\/popcards.nl\/es\/product\/feestelijke-verjaardagstaart-verjaardagskaart\/","title":{"rendered":"Pastel de cumplea\u00f1os colorido festivo - tarjeta de cumplea\u00f1os"},"content":{"rendered":"<p>El anverso y el reverso de esta hermosa tarjeta muestran ilustraciones atmosf\u00e9ricas en tonos pastel. Y cuando abres el men\u00fa ... una colorida procesi\u00f3n de delicias festivas se abre ante tus ojos. Una fiesta para los ojos, una sorpresa que el destinatario nunca olvidar\u00e1. Hay una tarjeta adicional para escribir sus felicitaciones, para que la tarjeta en s\u00ed se mantenga hermosa. \u00a1Y este pastel de cumplea\u00f1os tambi\u00e9n es bajo en calor\u00edas!<\/p>\n<p><a href=\"https:\/\/popcards.nl\/es\/mapa-2\/feliz-colorido-pastel-con-payaso-y-elefante\/\">\u00bfTambi\u00e9n has visto nuestra otra tarjeta de cumplea\u00f1os con pastel?<\/a><\/p>\n<p>Formato de tarjeta 24 \u00d7 16 cm, plegado 12 \u00d7 16 cm.<br \/>\nIncluyendo sobre rosa a juego. Empaquetado en una bolsa de celof\u00e1n.<\/p>","protected":false},"excerpt":{"rendered":"<p>De voor- en achterzijde van deze fraaie kaart tonen sfeervolle illustraties in pasteltinten. En als je de kaart opendoet\u2026\u00a0 een bonte stoet feestelijke heerlijkheden opent zich voor je ogen. Een lust voor het oog, een verrassing die de ontvanger nooit meer vergeet. Er zit een extra kaartje bij om je felicitaties op te schrijven, zodat [&hellip;]<\/p>\n","protected":false},"featured_media":13153,"comment_status":"open","ping_status":"closed","template":"","meta":{"_iconic_wsb_product_page_order_bump_ids":[[]],"_sku":["8945005027435"],"_iconic_wsb_product_page_bump_modal_ids":[[]]},"product_brand":[],"product_cat":[34,57],"product_tag":[246,137],"class_list":{"0":"post-13164","1":"product","2":"type-product","3":"status-publish","4":"has-post-thumbnail","6":"product_cat-felicitatie-verjaardag-verjaardagskaarten","7":"product_cat-uitnodigingen-uitnodigingskaarten-verjaardag-jubileum","8":"product_tag-taart","9":"product_tag-verjaardag","10":"pa_brand-popcards","12":"first","13":"outofstock","14":"taxable","15":"shipping-taxable","16":"purchasable","17":"product-type-simple"},"gallery_images":[13152,70873],"_links":{"self":[{"href":"https:\/\/popcards.nl\/es\/wp-json\/wp\/v2\/product\/13164","targetHints":{"allow":["GET"]}}],"collection":[{"href":"https:\/\/popcards.nl\/es\/wp-json\/wp\/v2\/product"}],"about":[{"href":"https:\/\/popcards.nl\/es\/wp-json\/wp\/v2\/types\/product"}],"replies":[{"embeddable":true,"href":"https:\/\/popcards.nl\/es\/wp-json\/wp\/v2\/comments?post=13164"}],"wp:featuredmedia":[{"embeddable":true,"href":"https:\/\/popcards.nl\/es\/wp-json\/wp\/v2\/media\/13153"}],"wp:attachment":[{"href":"https:\/\/popcards.nl\/es\/wp-json\/wp\/v2\/media?parent=13164"}],"wp:term":[{"taxonomy":"product_brand","embeddable":true,"href":"https:\/\/popcards.nl\/es\/wp-json\/wp\/v2\/product_brand?post=13164"},{"taxonomy":"product_cat","embeddable":true,"href":"https:\/\/popcards.nl\/es\/wp-json\/wp\/v2\/product_cat?post=13164"},{"taxonomy":"product_tag","embeddable":true,"href":"https:\/\/popcards.nl\/es\/wp-json\/wp\/v2\/product_tag?post=13164"}],"curies":[{"name":"gracias","href":"https:\/\/api.w.org\/{rel}","templated":true}]}}