{"id":13165,"date":"2020-03-04T17:27:54","date_gmt":"2020-03-04T16:27:54","guid":{"rendered":"https:\/\/popcards.nl\/?post_type=product&#038;p=13165"},"modified":"2025-06-06T16:42:34","modified_gmt":"2025-06-06T14:42:34","slug":"tan-orgulloso-como-un-pavo-real-colorido-pajaro-saludo-tarjeta","status":"publish","type":"product","link":"https:\/\/popcards.nl\/es\/product\/zo-trots-als-een-pauw-kleurrijke-vogel-wenskaart\/","title":{"rendered":"\u00a1Tan orgulloso como un pavo real! P\u00e1jaro colorido"},"content":{"rendered":"<p>Una hermosa tarjeta de felicitaci\u00f3n para enviar a personas que pueden estar muy orgullosas de algo. Tan orgulloso como un pavo real de sus hijos, del personal de enfermer\u00eda de instituciones de atenci\u00f3n, enfermeras, m\u00e9dicos, personal de profesiones vitales o sus colegas. Los amantes de las aves tambi\u00e9n est\u00e1n contentos con esta hermosa tarjeta. Sugerencia de texto ingenioso para personas de una edad agradable, Abraham, Sarah, 60Plus y para el D\u00eda del Padre: &quot;Siempre y cuando lleves color, cuentas&quot;.<\/p>\n<p><a href=\"https:\/\/popcards.nl\/es\/categoria\/animales-tarjetas-de-felicitacion\/\">\u00bfTambi\u00e9n has visto nuestros otros mapas de animales?\u00a0<\/a><\/p>\n<p>Tama\u00f1o de tarjeta 30 \u00d7 15 cm, plegado a 15 \u00d7 15 cm.<br \/>\nIncluye sobre dorado a juego, empacado en una bolsa de celof\u00e1n.<\/p>","protected":false},"excerpt":{"rendered":"<p>Een prachtige wenskaart om te sturen aan mensen die heel trots op iets mogen zijn. Zo trots als een Pauw op je kinderen, op het verplegend personeel van zorginstellingen, verplegers, artsen, personeel in vitale beroepen of je collega&#8217;s. Natuurlijk zijn vogelliefhebbers ook blij met deze mooie kaart. Geestige tekstsuggestie voor mensen die een mooie leeftijd [&hellip;]<\/p>\n","protected":false},"featured_media":13148,"comment_status":"open","ping_status":"closed","template":"","meta":{"_iconic_wsb_product_page_order_bump_ids":[[]],"_sku":["8945005027367"],"_iconic_wsb_product_page_bump_modal_ids":[[]]},"product_brand":[],"product_cat":[21,57],"product_tag":[51,128,142],"class_list":{"0":"post-13165","1":"product","2":"type-product","3":"status-publish","4":"has-post-thumbnail","6":"product_cat-dieren-dierenkaarten-wenskaarten","7":"product_cat-uitnodigingen-uitnodigingskaarten-verjaardag-jubileum","8":"product_tag-dierentuin","9":"product_tag-vaderdag","10":"product_tag-vogel","11":"pa_brand-popcards","13":"first","14":"outofstock","15":"taxable","16":"shipping-taxable","17":"purchasable","18":"product-type-simple"},"gallery_images":[70884],"_links":{"self":[{"href":"https:\/\/popcards.nl\/es\/wp-json\/wp\/v2\/product\/13165","targetHints":{"allow":["GET"]}}],"collection":[{"href":"https:\/\/popcards.nl\/es\/wp-json\/wp\/v2\/product"}],"about":[{"href":"https:\/\/popcards.nl\/es\/wp-json\/wp\/v2\/types\/product"}],"replies":[{"embeddable":true,"href":"https:\/\/popcards.nl\/es\/wp-json\/wp\/v2\/comments?post=13165"}],"wp:featuredmedia":[{"embeddable":true,"href":"https:\/\/popcards.nl\/es\/wp-json\/wp\/v2\/media\/13148"}],"wp:attachment":[{"href":"https:\/\/popcards.nl\/es\/wp-json\/wp\/v2\/media?parent=13165"}],"wp:term":[{"taxonomy":"product_brand","embeddable":true,"href":"https:\/\/popcards.nl\/es\/wp-json\/wp\/v2\/product_brand?post=13165"},{"taxonomy":"product_cat","embeddable":true,"href":"https:\/\/popcards.nl\/es\/wp-json\/wp\/v2\/product_cat?post=13165"},{"taxonomy":"product_tag","embeddable":true,"href":"https:\/\/popcards.nl\/es\/wp-json\/wp\/v2\/product_tag?post=13165"}],"curies":[{"name":"gracias","href":"https:\/\/api.w.org\/{rel}","templated":true}]}}