{"id":14408,"date":"2020-04-23T21:54:24","date_gmt":"2020-04-23T19:54:24","guid":{"rendered":"https:\/\/popcards.nl\/?post_type=product&#038;p=14408"},"modified":"2026-05-03T12:19:47","modified_gmt":"2026-05-03T10:19:47","slug":"trebol-de-cuatro-hojas-amor-suerte-pop-up-tarjeta-de-felicitacion","status":"publish","type":"product","link":"https:\/\/popcards.nl\/es\/product\/klavertje-vier-liefde-geluk-pop-up-wenskaart\/","title":{"rendered":"Tarjeta de felicitaci\u00f3n de tr\u00e9bol de la suerte: Tarjeta desplegable de tr\u00e9bol de cuatro hojas para el amor y la suerte"},"content":{"rendered":"<p>El tr\u00e9bol de cuatro hojas es el s\u00edmbolo de la suerte y la prosperidad. Las 4 hojas representan esperanza, fe, amor y felicidad. \u00bfY le desea a toda su familia y amigos eso correcto? <a href=\"https:\/\/popcards.nl\/es\/categoria\/flores-tarjetas-de-felicitacion\/\">\u00a1Tenemos muchas m\u00e1s hermosas tarjetas de jard\u00edn y flores!<\/a><\/p>\n<p>Tama\u00f1o de tarjeta 24 x 17 cm, plegado a 12 x 17 cm.<br \/>\nIncluye sobre en blanco a juego, embalado en celof\u00e1n.<\/p>","protected":false},"excerpt":{"rendered":"<p>Het klavertje vier is het symbool voor geluk en voorspoed. De 4 blaadjes staan voor hoop, geloof, liefde en geluk. En dat wens je al je familie en vrienden toch toe? We hebben nog veel meer prachtige tuin en bloemen popcards! Kaartformaat 24 x 17 cm, gevouwen tot 12 x 17 cm. Inclusief bijpassende blanco [&hellip;]<\/p>\n","protected":false},"featured_media":14309,"comment_status":"open","ping_status":"closed","template":"","meta":{"_iconic_wsb_product_page_order_bump_ids":[[]],"_sku":["8945005027589"],"_iconic_wsb_product_page_bump_modal_ids":[[]]},"product_brand":[],"product_cat":[47,78,57],"product_tag":[48],"class_list":{"0":"post-14408","1":"product","2":"type-product","3":"status-publish","4":"has-post-thumbnail","6":"product_cat-bloemen-bloemenkaarten-wenskaarten","7":"product_cat-beterschapskaarten-troostkaarten-condoleancekaarten","8":"product_cat-uitnodigingen-uitnodigingskaarten-verjaardag-jubileum","9":"product_tag-bloemen","10":"pa_brand-popcards","12":"first","13":"instock","14":"taxable","15":"shipping-taxable","16":"purchasable","17":"product-type-simple"},"gallery_images":[85971],"_links":{"self":[{"href":"https:\/\/popcards.nl\/es\/wp-json\/wp\/v2\/product\/14408","targetHints":{"allow":["GET"]}}],"collection":[{"href":"https:\/\/popcards.nl\/es\/wp-json\/wp\/v2\/product"}],"about":[{"href":"https:\/\/popcards.nl\/es\/wp-json\/wp\/v2\/types\/product"}],"replies":[{"embeddable":true,"href":"https:\/\/popcards.nl\/es\/wp-json\/wp\/v2\/comments?post=14408"}],"wp:featuredmedia":[{"embeddable":true,"href":"https:\/\/popcards.nl\/es\/wp-json\/wp\/v2\/media\/14309"}],"wp:attachment":[{"href":"https:\/\/popcards.nl\/es\/wp-json\/wp\/v2\/media?parent=14408"}],"wp:term":[{"taxonomy":"product_brand","embeddable":true,"href":"https:\/\/popcards.nl\/es\/wp-json\/wp\/v2\/product_brand?post=14408"},{"taxonomy":"product_cat","embeddable":true,"href":"https:\/\/popcards.nl\/es\/wp-json\/wp\/v2\/product_cat?post=14408"},{"taxonomy":"product_tag","embeddable":true,"href":"https:\/\/popcards.nl\/es\/wp-json\/wp\/v2\/product_tag?post=14408"}],"curies":[{"name":"gracias","href":"https:\/\/api.w.org\/{rel}","templated":true}]}}